{"id":34223,"date":"2026-03-03T14:53:41","date_gmt":"2026-03-03T14:53:41","guid":{"rendered":"https:\/\/arual.com\/producto\/frizz-solution-pack\/"},"modified":"2026-03-03T14:53:41","modified_gmt":"2026-03-03T14:53:41","slug":"frizz-solution-pack","status":"publish","type":"product","link":"https:\/\/arual.com\/fr\/produit\/frizz-solution-pack\/","title":{"rendered":"Frizz Solution Pack"},"content":{"rendered":"<p class=\"p1\">Routine anti-frisottis professionnelle pour cheveux tr\u00e8s fris\u00e9s et textures afro. Elle contr\u00f4le les frisottis d\u00e8s la premi\u00e8re utilisation et les corrige avec le temps gr\u00e2ce \u00e0 son effet cumulatif. Elle apporte hydratation, douceur et brillance.  <\/p>\n","protected":false},"excerpt":{"rendered":"<p>Routine anti-frisottis professionnelle pour cheveux tr\u00e8s fris\u00e9s et textures afro. Elle contr\u00f4le les frisottis d\u00e8s la premi\u00e8re utilisation et les corrige avec le temps gr\u00e2ce \u00e0 son effet cumulatif. Elle apporte hydratation, douceur et brillance.  <\/p>\n","protected":false},"featured_media":33162,"comment_status":"open","ping_status":"closed","template":"","meta":{"_acf_changed":false},"product_brand":[],"product_cat":[218,215,213],"product_tag":[],"class_list":{"0":"post-34223","1":"product","2":"type-product","3":"status-publish","4":"has-post-thumbnail","6":"product_cat-coiffure","7":"product_cat-frisottis","8":"product_cat-traitements-capillaires","10":"first","11":"instock","12":"taxable","13":"shipping-taxable","14":"product-type-simple"},"acf":[],"_links":{"self":[{"href":"https:\/\/arual.com\/fr\/wp-json\/wp\/v2\/product\/34223","targetHints":{"allow":["GET"]}}],"collection":[{"href":"https:\/\/arual.com\/fr\/wp-json\/wp\/v2\/product"}],"about":[{"href":"https:\/\/arual.com\/fr\/wp-json\/wp\/v2\/types\/product"}],"replies":[{"embeddable":true,"href":"https:\/\/arual.com\/fr\/wp-json\/wp\/v2\/comments?post=34223"}],"version-history":[{"count":0,"href":"https:\/\/arual.com\/fr\/wp-json\/wp\/v2\/product\/34223\/revisions"}],"wp:featuredmedia":[{"embeddable":true,"href":"https:\/\/arual.com\/fr\/wp-json\/wp\/v2\/media\/33162"}],"wp:attachment":[{"href":"https:\/\/arual.com\/fr\/wp-json\/wp\/v2\/media?parent=34223"}],"wp:term":[{"taxonomy":"product_brand","embeddable":true,"href":"https:\/\/arual.com\/fr\/wp-json\/wp\/v2\/product_brand?post=34223"},{"taxonomy":"product_cat","embeddable":true,"href":"https:\/\/arual.com\/fr\/wp-json\/wp\/v2\/product_cat?post=34223"},{"taxonomy":"product_tag","embeddable":true,"href":"https:\/\/arual.com\/fr\/wp-json\/wp\/v2\/product_tag?post=34223"}],"curies":[{"name":"wp","href":"https:\/\/api.w.org\/{rel}","templated":true}]}}