{"id":34220,"date":"2026-03-03T15:07:43","date_gmt":"2026-03-03T15:07:43","guid":{"rendered":"https:\/\/arual.com\/producto\/post-treatment-free-line-pack\/"},"modified":"2026-03-03T15:07:43","modified_gmt":"2026-03-03T15:07:43","slug":"post-treatment-free-line-pack","status":"publish","type":"product","link":"https:\/\/arual.com\/fr\/produit\/post-treatment-free-line-pack\/","title":{"rendered":"Post-treatment Free Line Pack"},"content":{"rendered":"<p class=\"p1\">Routine post-traitement professionnelle Free pour cheveux soumis \u00e0 des traitements de lissage ou \u00e0 des proc\u00e9d\u00e9s techniques (permanente, d\u00e9coloration, coloration, etc.). Formules sans sulfates, silicones ni colorants qui prennent soin de la fibre capillaire et aident \u00e0 prolonger l\u2019effet. Apporte douceur et brillance sans alourdir. Masque sans rin\u00e7age \u00e0 usage quotidien.   <\/p>\n","protected":false},"excerpt":{"rendered":"<p>Routine post-traitement professionnelle Free pour cheveux soumis \u00e0 des traitements de lissage ou \u00e0 des proc\u00e9d\u00e9s techniques (permanente, d\u00e9coloration, coloration, etc.). Formules sans sulfates, silicones ni colorants qui prennent soin de la fibre capillaire et aident \u00e0 prolonger l\u2019effet. Apporte douceur et brillance sans alourdir.  <\/p>\n","protected":false},"featured_media":33161,"comment_status":"open","ping_status":"closed","template":"","meta":{"_acf_changed":false},"product_brand":[],"product_cat":[218,259,213],"product_tag":[],"class_list":{"0":"post-34220","1":"product","2":"type-product","3":"status-publish","4":"has-post-thumbnail","6":"product_cat-coiffure","7":"product_cat-sans-sulfate-apres-le-traitement","8":"product_cat-traitements-capillaires","10":"first","11":"instock","12":"taxable","13":"shipping-taxable","14":"product-type-simple"},"acf":[],"_links":{"self":[{"href":"https:\/\/arual.com\/fr\/wp-json\/wp\/v2\/product\/34220","targetHints":{"allow":["GET"]}}],"collection":[{"href":"https:\/\/arual.com\/fr\/wp-json\/wp\/v2\/product"}],"about":[{"href":"https:\/\/arual.com\/fr\/wp-json\/wp\/v2\/types\/product"}],"replies":[{"embeddable":true,"href":"https:\/\/arual.com\/fr\/wp-json\/wp\/v2\/comments?post=34220"}],"version-history":[{"count":0,"href":"https:\/\/arual.com\/fr\/wp-json\/wp\/v2\/product\/34220\/revisions"}],"wp:featuredmedia":[{"embeddable":true,"href":"https:\/\/arual.com\/fr\/wp-json\/wp\/v2\/media\/33161"}],"wp:attachment":[{"href":"https:\/\/arual.com\/fr\/wp-json\/wp\/v2\/media?parent=34220"}],"wp:term":[{"taxonomy":"product_brand","embeddable":true,"href":"https:\/\/arual.com\/fr\/wp-json\/wp\/v2\/product_brand?post=34220"},{"taxonomy":"product_cat","embeddable":true,"href":"https:\/\/arual.com\/fr\/wp-json\/wp\/v2\/product_cat?post=34220"},{"taxonomy":"product_tag","embeddable":true,"href":"https:\/\/arual.com\/fr\/wp-json\/wp\/v2\/product_tag?post=34220"}],"curies":[{"name":"wp","href":"https:\/\/api.w.org\/{rel}","templated":true}]}}