{"id":34215,"date":"2026-03-16T15:20:12","date_gmt":"2026-03-16T15:20:12","guid":{"rendered":"https:\/\/arual.com\/producto\/laque-extra-forte\/"},"modified":"2026-03-16T15:20:12","modified_gmt":"2026-03-16T15:20:12","slug":"laque-extra-forte","status":"publish","type":"product","link":"https:\/\/arual.com\/fr\/produit\/laque-extra-forte\/","title":{"rendered":"Laque Extra Forte"},"content":{"rendered":"<p class=\"p1\">3,2 % de r\u00e9sine technique \u00e0 haute fixation<\/p>\n<p class=\"p1\">Laque professionnelle \u00e0 fixation extra-forte et durable qui offre un contr\u00f4le maximal et une stabilit\u00e9 de la coiffure avec un fini professionnel.<\/p>\n","protected":false},"excerpt":{"rendered":"<p class=\"p1\">3,2 % de r\u00e9sine technique \u00e0 haute fixation<\/p>\n<p class=\"p1\">Laque professionnelle \u00e0 fixation extra-forte et durable qui offre un contr\u00f4le maximal et une stabilit\u00e9 de la coiffure avec un fini professionnel.<\/p>\n","protected":false},"featured_media":32900,"comment_status":"open","ping_status":"closed","template":"","meta":{"_acf_changed":false},"product_brand":[],"product_cat":[218,285,262],"product_tag":[],"class_list":{"0":"post-34215","1":"product","2":"type-product","3":"status-publish","4":"has-post-thumbnail","6":"product_cat-coiffure","7":"product_cat-fixation","8":"product_cat-professionnel","10":"first","11":"instock","12":"taxable","13":"shipping-taxable","14":"product-type-simple"},"acf":[],"_links":{"self":[{"href":"https:\/\/arual.com\/fr\/wp-json\/wp\/v2\/product\/34215","targetHints":{"allow":["GET"]}}],"collection":[{"href":"https:\/\/arual.com\/fr\/wp-json\/wp\/v2\/product"}],"about":[{"href":"https:\/\/arual.com\/fr\/wp-json\/wp\/v2\/types\/product"}],"replies":[{"embeddable":true,"href":"https:\/\/arual.com\/fr\/wp-json\/wp\/v2\/comments?post=34215"}],"version-history":[{"count":0,"href":"https:\/\/arual.com\/fr\/wp-json\/wp\/v2\/product\/34215\/revisions"}],"wp:featuredmedia":[{"embeddable":true,"href":"https:\/\/arual.com\/fr\/wp-json\/wp\/v2\/media\/32900"}],"wp:attachment":[{"href":"https:\/\/arual.com\/fr\/wp-json\/wp\/v2\/media?parent=34215"}],"wp:term":[{"taxonomy":"product_brand","embeddable":true,"href":"https:\/\/arual.com\/fr\/wp-json\/wp\/v2\/product_brand?post=34215"},{"taxonomy":"product_cat","embeddable":true,"href":"https:\/\/arual.com\/fr\/wp-json\/wp\/v2\/product_cat?post=34215"},{"taxonomy":"product_tag","embeddable":true,"href":"https:\/\/arual.com\/fr\/wp-json\/wp\/v2\/product_tag?post=34215"}],"curies":[{"name":"wp","href":"https:\/\/api.w.org\/{rel}","templated":true}]}}