{"id":33176,"date":"2026-03-03T15:26:21","date_gmt":"2026-03-03T15:26:21","guid":{"rendered":"https:\/\/new.arual.com\/?post_type=product&#038;p=33176"},"modified":"2026-03-27T09:41:48","modified_gmt":"2026-03-27T09:41:48","slug":"absolut-repair-crystal-diamond-pack","status":"publish","type":"product","link":"https:\/\/arual.com\/fr\/produit\/absolut-repair-crystal-diamond-pack\/","title":{"rendered":"Crystal Diamond Pack"},"content":{"rendered":"<p class=\"p1\">Rutina profesional intensiva para cabellos da\u00f1ados que transforma el cabello desde el primer uso. Limpia con suavidad y repara visiblemente la fibra capilar, sellando la cut\u00edcula para una suavidad inmediata y un brillo espectacular. Desenredo instant\u00e1neo y m\u00e1xima manejabilidad. El s\u00e9rum refuerza el sellado, aporta un acabado ultra pulido y ayuda a proteger el cabello durante el secado sin aportar peso.<\/p>\n","protected":false},"excerpt":{"rendered":"<p>Rutina profesional intensiva para cabellos da\u00f1ados que transforma el cabello desde el primer uso. Limpia con suavidad y repara visiblemente la fibra capilar, sellando la cut\u00edcula para una suavidad inmediata y un brillo espectacular. Desenredo instant\u00e1neo y m\u00e1xima manejabilidad. El s\u00e9rum refuerza el sellado, aporta un acabado ultra pulido y ayuda a proteger el cabello durante el secado sin aportar peso.<\/p>\n","protected":false},"featured_media":33160,"comment_status":"open","ping_status":"closed","template":"","meta":{"_acf_changed":false},"product_brand":[],"product_cat":[135,26,134],"product_tag":[],"class_list":{"0":"post-33176","1":"product","2":"type-product","3":"status-publish","4":"has-post-thumbnail","6":"product_cat-danado","7":"product_cat-peluqueria","8":"product_cat-tratamientos-capilares","10":"first","11":"instock","12":"taxable","13":"shipping-taxable","14":"product-type-simple"},"acf":[],"_links":{"self":[{"href":"https:\/\/arual.com\/fr\/wp-json\/wp\/v2\/product\/33176","targetHints":{"allow":["GET"]}}],"collection":[{"href":"https:\/\/arual.com\/fr\/wp-json\/wp\/v2\/product"}],"about":[{"href":"https:\/\/arual.com\/fr\/wp-json\/wp\/v2\/types\/product"}],"replies":[{"embeddable":true,"href":"https:\/\/arual.com\/fr\/wp-json\/wp\/v2\/comments?post=33176"}],"version-history":[{"count":4,"href":"https:\/\/arual.com\/fr\/wp-json\/wp\/v2\/product\/33176\/revisions"}],"predecessor-version":[{"id":34136,"href":"https:\/\/arual.com\/fr\/wp-json\/wp\/v2\/product\/33176\/revisions\/34136"}],"wp:featuredmedia":[{"embeddable":true,"href":"https:\/\/arual.com\/fr\/wp-json\/wp\/v2\/media\/33160"}],"wp:attachment":[{"href":"https:\/\/arual.com\/fr\/wp-json\/wp\/v2\/media?parent=33176"}],"wp:term":[{"taxonomy":"product_brand","embeddable":true,"href":"https:\/\/arual.com\/fr\/wp-json\/wp\/v2\/product_brand?post=33176"},{"taxonomy":"product_cat","embeddable":true,"href":"https:\/\/arual.com\/fr\/wp-json\/wp\/v2\/product_cat?post=33176"},{"taxonomy":"product_tag","embeddable":true,"href":"https:\/\/arual.com\/fr\/wp-json\/wp\/v2\/product_tag?post=33176"}],"curies":[{"name":"wp","href":"https:\/\/api.w.org\/{rel}","templated":true}]}}