{"id":32909,"date":"2026-03-03T11:12:01","date_gmt":"2026-03-03T11:12:01","guid":{"rendered":"https:\/\/new.arual.com\/?post_type=product&#038;p=32909"},"modified":"2026-04-09T12:11:57","modified_gmt":"2026-04-09T12:11:57","slug":"laca-zero-2","status":"publish","type":"product","link":"https:\/\/arual.com\/fr\/produit\/laca-zero-2\/","title":{"rendered":"Laca Zero"},"content":{"rendered":"<p class=\"p1\"><b>0% de Gas<\/b><\/p>\n<p class=\"p1\"><b>4% de Pol\u00edmeros T\u00e9cnicos de Fijaci\u00f3n <\/b><\/p>\n<p class=\"p1\"><b>Laca Zero. <\/b>Fijaci\u00f3n m\u00e1xima y duradera. Aplicaci\u00f3n direccional, sin aerosol. Control total del peinado.<\/p>\n","protected":false},"excerpt":{"rendered":"<p><b>Laca Zero. <\/b>Fijaci\u00f3n m\u00e1xima y duradera. Aplicaci\u00f3n direccional, sin aerosol. Control total del peinado.<\/p>\n","protected":false},"featured_media":34184,"comment_status":"open","ping_status":"closed","template":"","meta":{"_acf_changed":false},"product_brand":[],"product_cat":[132,26,127],"product_tag":[],"class_list":{"0":"post-32909","1":"product","2":"type-product","3":"status-publish","4":"has-post-thumbnail","6":"product_cat-fijacion","7":"product_cat-peluqueria","8":"product_cat-profesional","10":"first","11":"instock","12":"taxable","13":"shipping-taxable","14":"product-type-simple"},"acf":[],"_links":{"self":[{"href":"https:\/\/arual.com\/fr\/wp-json\/wp\/v2\/product\/32909","targetHints":{"allow":["GET"]}}],"collection":[{"href":"https:\/\/arual.com\/fr\/wp-json\/wp\/v2\/product"}],"about":[{"href":"https:\/\/arual.com\/fr\/wp-json\/wp\/v2\/types\/product"}],"replies":[{"embeddable":true,"href":"https:\/\/arual.com\/fr\/wp-json\/wp\/v2\/comments?post=32909"}],"version-history":[{"count":5,"href":"https:\/\/arual.com\/fr\/wp-json\/wp\/v2\/product\/32909\/revisions"}],"predecessor-version":[{"id":32919,"href":"https:\/\/arual.com\/fr\/wp-json\/wp\/v2\/product\/32909\/revisions\/32919"}],"wp:featuredmedia":[{"embeddable":true,"href":"https:\/\/arual.com\/fr\/wp-json\/wp\/v2\/media\/34184"}],"wp:attachment":[{"href":"https:\/\/arual.com\/fr\/wp-json\/wp\/v2\/media?parent=32909"}],"wp:term":[{"taxonomy":"product_brand","embeddable":true,"href":"https:\/\/arual.com\/fr\/wp-json\/wp\/v2\/product_brand?post=32909"},{"taxonomy":"product_cat","embeddable":true,"href":"https:\/\/arual.com\/fr\/wp-json\/wp\/v2\/product_cat?post=32909"},{"taxonomy":"product_tag","embeddable":true,"href":"https:\/\/arual.com\/fr\/wp-json\/wp\/v2\/product_tag?post=32909"}],"curies":[{"name":"wp","href":"https:\/\/api.w.org\/{rel}","templated":true}]}}