{"id":32501,"date":"2025-11-20T13:47:57","date_gmt":"2025-11-20T13:47:57","guid":{"rendered":"https:\/\/new.arual.com\/producto\/masque-sans-rincage-post-treatment-free-line\/"},"modified":"2025-11-20T13:47:57","modified_gmt":"2025-11-20T13:47:57","slug":"masque-sans-rincage-post-treatment-free-line","status":"publish","type":"product","link":"https:\/\/arual.com\/fr\/produit\/masque-sans-rincage-post-treatment-free-line\/","title":{"rendered":"Masque sans rin\u00e7age Post Treatment Free Line"},"content":{"rendered":"<p class=\"p1\">Masque sans rin\u00e7age sp\u00e9cialement formul\u00e9 pour les cheveux ayant subi des traitements de lissage, de d\u00e9coloration, de coloration ou de permanente.<\/p>\n","protected":false},"excerpt":{"rendered":"<p class=\"p1\">Masque sans rin\u00e7age sp\u00e9cialement formul\u00e9 pour les cheveux ayant subi des traitements de lissage, de d\u00e9coloration, de coloration ou de permanente.<\/p>\n","protected":false},"featured_media":32126,"comment_status":"open","ping_status":"closed","template":"","meta":{"_acf_changed":false},"product_brand":[],"product_cat":[259,213],"product_tag":[],"class_list":{"0":"post-32501","1":"product","2":"type-product","3":"status-publish","4":"has-post-thumbnail","6":"product_cat-sans-sulfate-apres-le-traitement","7":"product_cat-traitements-capillaires","9":"first","10":"instock","11":"taxable","12":"shipping-taxable","13":"product-type-simple"},"acf":[],"_links":{"self":[{"href":"https:\/\/arual.com\/fr\/wp-json\/wp\/v2\/product\/32501","targetHints":{"allow":["GET"]}}],"collection":[{"href":"https:\/\/arual.com\/fr\/wp-json\/wp\/v2\/product"}],"about":[{"href":"https:\/\/arual.com\/fr\/wp-json\/wp\/v2\/types\/product"}],"replies":[{"embeddable":true,"href":"https:\/\/arual.com\/fr\/wp-json\/wp\/v2\/comments?post=32501"}],"version-history":[{"count":0,"href":"https:\/\/arual.com\/fr\/wp-json\/wp\/v2\/product\/32501\/revisions"}],"wp:featuredmedia":[{"embeddable":true,"href":"https:\/\/arual.com\/fr\/wp-json\/wp\/v2\/media\/32126"}],"wp:attachment":[{"href":"https:\/\/arual.com\/fr\/wp-json\/wp\/v2\/media?parent=32501"}],"wp:term":[{"taxonomy":"product_brand","embeddable":true,"href":"https:\/\/arual.com\/fr\/wp-json\/wp\/v2\/product_brand?post=32501"},{"taxonomy":"product_cat","embeddable":true,"href":"https:\/\/arual.com\/fr\/wp-json\/wp\/v2\/product_cat?post=32501"},{"taxonomy":"product_tag","embeddable":true,"href":"https:\/\/arual.com\/fr\/wp-json\/wp\/v2\/product_tag?post=32501"}],"curies":[{"name":"wp","href":"https:\/\/api.w.org\/{rel}","templated":true}]}}