{"id":30342,"date":"2025-05-26T15:18:08","date_gmt":"2025-05-26T15:18:08","guid":{"rendered":"https:\/\/arual.silo101.com\/producto\/arual-botox-smoothing-pack\/"},"modified":"2026-01-13T08:25:22","modified_gmt":"2026-01-13T08:25:22","slug":"arual-botox-smoothing-pack","status":"publish","type":"product","link":"https:\/\/arual.com\/fr\/produit\/arual-botox-smoothing-pack\/","title":{"rendered":"Pack Lissage Botox Arual"},"content":{"rendered":"<p>Avantages&nbsp;:<br \/>\nTraitement lissant permanent de derni\u00e8re g\u00e9n\u00e9ration, con\u00e7u pour transformer les cheveux rebelles, cr\u00e9pus ou boucl\u00e9s en une chevelure lisse, douce et brillante. Le Pack Lissage Botox Arual associe une technologie avanc\u00e9e de restructuration capillaire \u00e0 une forte concentration d\u2019ingr\u00e9dients actifs d\u2019origine professionnelle.<br \/>\nSa formule agit en modifiant les liaisons structurelles de la cyst\u00e9ine pour lisser de fa\u00e7on permanente, tout en prot\u00e9geant intens\u00e9ment la fibre capillaire gr\u00e2ce \u00e0 sa combinaison exclusive de k\u00e9ratine, de collag\u00e8ne et de six actifs ultra-nourrissants.<br \/>\nLe r\u00e9sultat est un lissage naturel, durable et sain, sans ab\u00eemer les cheveux ni lib\u00e9rer de vapeurs toxiques. <\/p>\n","protected":false},"excerpt":{"rendered":"<p>Lissage Botox Arual \u2013 Lisse parfait. Protection absolue. R\u00e9sultat permanent.  <\/p>\n","protected":false},"featured_media":29265,"comment_status":"closed","ping_status":"closed","template":"","meta":{"_acf_changed":false},"product_brand":[],"product_cat":[218,293,262],"product_tag":[],"class_list":{"0":"post-30342","1":"product","2":"type-product","3":"status-publish","4":"has-post-thumbnail","6":"product_cat-coiffure","7":"product_cat-lisseur","8":"product_cat-professionnel","10":"first","11":"outofstock","12":"taxable","13":"shipping-taxable","14":"product-type-variable"},"acf":[],"_links":{"self":[{"href":"https:\/\/arual.com\/fr\/wp-json\/wp\/v2\/product\/30342","targetHints":{"allow":["GET"]}}],"collection":[{"href":"https:\/\/arual.com\/fr\/wp-json\/wp\/v2\/product"}],"about":[{"href":"https:\/\/arual.com\/fr\/wp-json\/wp\/v2\/types\/product"}],"replies":[{"embeddable":true,"href":"https:\/\/arual.com\/fr\/wp-json\/wp\/v2\/comments?post=30342"}],"version-history":[{"count":2,"href":"https:\/\/arual.com\/fr\/wp-json\/wp\/v2\/product\/30342\/revisions"}],"predecessor-version":[{"id":32513,"href":"https:\/\/arual.com\/fr\/wp-json\/wp\/v2\/product\/30342\/revisions\/32513"}],"wp:featuredmedia":[{"embeddable":true,"href":"https:\/\/arual.com\/fr\/wp-json\/wp\/v2\/media\/29265"}],"wp:attachment":[{"href":"https:\/\/arual.com\/fr\/wp-json\/wp\/v2\/media?parent=30342"}],"wp:term":[{"taxonomy":"product_brand","embeddable":true,"href":"https:\/\/arual.com\/fr\/wp-json\/wp\/v2\/product_brand?post=30342"},{"taxonomy":"product_cat","embeddable":true,"href":"https:\/\/arual.com\/fr\/wp-json\/wp\/v2\/product_cat?post=30342"},{"taxonomy":"product_tag","embeddable":true,"href":"https:\/\/arual.com\/fr\/wp-json\/wp\/v2\/product_tag?post=30342"}],"curies":[{"name":"wp","href":"https:\/\/api.w.org\/{rel}","templated":true}]}}