{"id":30334,"date":"2025-05-26T15:18:08","date_gmt":"2025-05-26T15:18:08","guid":{"rendered":"https:\/\/arual.silo101.com\/producto\/serum-visage-anti-age-peaux-grasses-et-mixtes\/"},"modified":"2026-01-13T08:25:19","modified_gmt":"2026-01-13T08:25:19","slug":"serum-visage-anti-age-peaux-grasses-et-mixtes","status":"publish","type":"product","link":"https:\/\/arual.com\/fr\/produit\/serum-visage-anti-age-peaux-grasses-et-mixtes\/","title":{"rendered":"S\u00e9rum Facial Anti-\u00c2ge \u2013 Peaux Grasses et Mixtes"},"content":{"rendered":"<p>Avantages&nbsp;:<br \/>\nIl est important d&#8217;hydrater les peaux grasses. On pense souvent que ces peaux n&#8217;ont pas besoin d&#8217;hydratation car elles ont une s\u00e9cr\u00e9tion excessive de s\u00e9bum. Mais c&#8217;est une erreur. Les peaux grasses et mixtes produisent un exc\u00e8s de s\u00e9bum parce que notre corps d\u00e9tecte une d\u00e9shydratation.<br \/>\nAvec 2&nbsp;% d&#8217;acide hyaluronique pur, nous r\u00e9aliserons une hydratation profonde et notre corps cessera de produire l&#8217;exc\u00e8s de s\u00e9bum. 10&nbsp;% de niacinamide aideront \u00e0 maintenir cet \u00e9quilibre et agiront efficacement sur&nbsp;: la r\u00e9duction de l&#8217;acn\u00e9, la r\u00e9duction de la dilatation et de l&#8217;obstruction des pores, am\u00e9liorant visiblement la texture et l&#8217;apparence de la peau.     <\/p>\n","protected":false},"excerpt":{"rendered":"<p>Formul\u00e9 avec <strong>2&nbsp;%<\/strong> d&#8217;<strong>acide hyaluronique pur + 10&nbsp;% de niacinamide<\/strong> pour les peaux grasses, mixtes et \u00e0 tendance acn\u00e9ique.<\/p>\n","protected":false},"featured_media":32231,"comment_status":"closed","ping_status":"closed","template":"","meta":{"_acf_changed":false},"product_brand":[],"product_cat":[220,248,221,224,240,290],"product_tag":[],"class_list":{"0":"post-30334","1":"product","2":"type-product","3":"status-publish","4":"has-post-thumbnail","6":"product_cat-esthetique","7":"product_cat-meilleures-ventes","8":"product_cat-soins","9":"product_cat-traitements","10":"product_cat-visage","11":"product_cat-soins-du-visage-peaux-grasses-et-mixtes","13":"first","14":"instock","15":"taxable","16":"shipping-taxable","17":"product-type-simple"},"acf":[],"_links":{"self":[{"href":"https:\/\/arual.com\/fr\/wp-json\/wp\/v2\/product\/30334","targetHints":{"allow":["GET"]}}],"collection":[{"href":"https:\/\/arual.com\/fr\/wp-json\/wp\/v2\/product"}],"about":[{"href":"https:\/\/arual.com\/fr\/wp-json\/wp\/v2\/types\/product"}],"replies":[{"embeddable":true,"href":"https:\/\/arual.com\/fr\/wp-json\/wp\/v2\/comments?post=30334"}],"version-history":[{"count":2,"href":"https:\/\/arual.com\/fr\/wp-json\/wp\/v2\/product\/30334\/revisions"}],"predecessor-version":[{"id":32511,"href":"https:\/\/arual.com\/fr\/wp-json\/wp\/v2\/product\/30334\/revisions\/32511"}],"wp:featuredmedia":[{"embeddable":true,"href":"https:\/\/arual.com\/fr\/wp-json\/wp\/v2\/media\/32231"}],"wp:attachment":[{"href":"https:\/\/arual.com\/fr\/wp-json\/wp\/v2\/media?parent=30334"}],"wp:term":[{"taxonomy":"product_brand","embeddable":true,"href":"https:\/\/arual.com\/fr\/wp-json\/wp\/v2\/product_brand?post=30334"},{"taxonomy":"product_cat","embeddable":true,"href":"https:\/\/arual.com\/fr\/wp-json\/wp\/v2\/product_cat?post=30334"},{"taxonomy":"product_tag","embeddable":true,"href":"https:\/\/arual.com\/fr\/wp-json\/wp\/v2\/product_tag?post=30334"}],"curies":[{"name":"wp","href":"https:\/\/api.w.org\/{rel}","templated":true}]}}