{"id":30332,"date":"2025-05-26T15:18:08","date_gmt":"2025-05-26T15:18:08","guid":{"rendered":"https:\/\/arual.silo101.com\/producto\/creme-visage-anti-age-peaux-grasses-et-mixtes\/"},"modified":"2026-01-13T14:56:45","modified_gmt":"2026-01-13T14:56:45","slug":"creme-visage-anti-age-peaux-grasses-et-mixtes","status":"publish","type":"product","link":"https:\/\/arual.com\/fr\/produit\/creme-visage-anti-age-peaux-grasses-et-mixtes\/","title":{"rendered":"Cr\u00e8me Visage Anti-\u00c2ge \u2013 Peaux Grasses et Mixtes"},"content":{"rendered":"<p>Avantages&nbsp;:<br \/>\nLa Cr\u00e8me Visage Anti-\u00c2ge avec 4&nbsp;% d&#8217;Acide Hyaluronique Complex + 4&nbsp;% de Niacinamide + 2&nbsp;% d&#8217;Aloe Vera, est formul\u00e9e sp\u00e9cifiquement pour les peaux grasses, mixtes et \u00e0 tendance acn\u00e9ique. Les peaux qui ont besoin d&#8217;aide pour la r\u00e9gulation du s\u00e9bum, car l&#8217;exc\u00e8s de s\u00e9bum produit&nbsp;: brillances faciales, pores dilat\u00e9s, acn\u00e9, points noirs, boutons et une texture irr\u00e9guli\u00e8re. L&#8217;hydratation et la r\u00e9gulation de la s\u00e9cr\u00e9tion de s\u00e9bum sont une priorit\u00e9 pour ce type de peau.  <\/p>\n","protected":false},"excerpt":{"rendered":"<p>Haute concentration, haute efficacit\u00e9&nbsp;: 4&nbsp;% d&#8217;Acide Hyaluronique + 4&nbsp;% de Niacinamide + 2&nbsp;% d&#8217;Aloe Vera.<\/p>\n","protected":false},"featured_media":32237,"comment_status":"closed","ping_status":"closed","template":"","meta":{"_acf_changed":false},"product_brand":[],"product_cat":[220,248,221,224,240,290],"product_tag":[],"class_list":{"0":"post-30332","1":"product","2":"type-product","3":"status-publish","4":"has-post-thumbnail","6":"product_cat-esthetique","7":"product_cat-meilleures-ventes","8":"product_cat-soins","9":"product_cat-traitements","10":"product_cat-visage","11":"product_cat-soins-du-visage-peaux-grasses-et-mixtes","13":"first","14":"instock","15":"taxable","16":"shipping-taxable","17":"product-type-simple"},"acf":[],"_links":{"self":[{"href":"https:\/\/arual.com\/fr\/wp-json\/wp\/v2\/product\/30332","targetHints":{"allow":["GET"]}}],"collection":[{"href":"https:\/\/arual.com\/fr\/wp-json\/wp\/v2\/product"}],"about":[{"href":"https:\/\/arual.com\/fr\/wp-json\/wp\/v2\/types\/product"}],"replies":[{"embeddable":true,"href":"https:\/\/arual.com\/fr\/wp-json\/wp\/v2\/comments?post=30332"}],"version-history":[{"count":2,"href":"https:\/\/arual.com\/fr\/wp-json\/wp\/v2\/product\/30332\/revisions"}],"predecessor-version":[{"id":32530,"href":"https:\/\/arual.com\/fr\/wp-json\/wp\/v2\/product\/30332\/revisions\/32530"}],"wp:featuredmedia":[{"embeddable":true,"href":"https:\/\/arual.com\/fr\/wp-json\/wp\/v2\/media\/32237"}],"wp:attachment":[{"href":"https:\/\/arual.com\/fr\/wp-json\/wp\/v2\/media?parent=30332"}],"wp:term":[{"taxonomy":"product_brand","embeddable":true,"href":"https:\/\/arual.com\/fr\/wp-json\/wp\/v2\/product_brand?post=30332"},{"taxonomy":"product_cat","embeddable":true,"href":"https:\/\/arual.com\/fr\/wp-json\/wp\/v2\/product_cat?post=30332"},{"taxonomy":"product_tag","embeddable":true,"href":"https:\/\/arual.com\/fr\/wp-json\/wp\/v2\/product_tag?post=30332"}],"curies":[{"name":"wp","href":"https:\/\/api.w.org\/{rel}","templated":true}]}}