{"id":30329,"date":"2025-05-26T15:18:08","date_gmt":"2025-05-26T15:18:08","guid":{"rendered":"https:\/\/arual.silo101.com\/producto\/serum-visage-anti-age-peaux-seches-et-matures\/"},"modified":"2026-01-13T08:40:46","modified_gmt":"2026-01-13T08:40:46","slug":"serum-visage-anti-age-peaux-seches-et-matures","status":"publish","type":"product","link":"https:\/\/arual.com\/fr\/produit\/serum-visage-anti-age-peaux-seches-et-matures\/","title":{"rendered":"S\u00e9rum Facial Anti-\u00c2ge \u2013 Peaux S\u00e8ches et Matures"},"content":{"rendered":"<p>Le S\u00e9rum Facial Anti-\u00c2ge avec 2&nbsp;% d&#8217;Acide Hyaluronique Pur + 1&nbsp;% de Vitamine B5, est formul\u00e9 pour les peaux s\u00e8ches et matures. D\u00e9velopp\u00e9 pour fournir une hydratation profonde, un puissant effet repulpant et anti-\u00e2ge pour la peau. La combinaison de ces deux ingr\u00e9dients garantit une hydratation et une nutrition maximales avec un effet prolong\u00e9.<br \/>\nGarantissant que le S\u00e9rum, 2&nbsp;% d&#8217;Acide Hyaluronique Pur + 1&nbsp;% de Vitamine B5, augmente la synth\u00e8se d&#8217;Acide Hyaluronique \u00e9pidermique et dermique qui diminue avec l&#8217;\u00e2ge. Procurant un effet hydratant et progressif. De cette mani\u00e8re, nous r\u00e9ussirons \u00e0 combattre les signes du vieillissement&nbsp;: rides, rel\u00e2chement, perte d&#8217;\u00e9lasticit\u00e9 et de volume.    <\/p>\n","protected":false},"excerpt":{"rendered":"<p><strong>2&nbsp;%<\/strong> d&#8217;<strong>Acide Hyaluronique Pur + 1&nbsp;% de Vitamine B5.<\/strong><\/p>\n<p>Sa formulation contient des pourcentages cliniquement prouv\u00e9s.<\/p>\n","protected":false},"featured_media":32234,"comment_status":"closed","ping_status":"closed","template":"","meta":{"_acf_changed":false},"product_brand":[],"product_cat":[220,248,221,224,240,287],"product_tag":[],"class_list":{"0":"post-30329","1":"product","2":"type-product","3":"status-publish","4":"has-post-thumbnail","6":"product_cat-esthetique","7":"product_cat-meilleures-ventes","8":"product_cat-soins","9":"product_cat-traitements","10":"product_cat-visage","11":"product_cat-soins-du-visage-peaux-seches-et-matures","13":"first","14":"instock","15":"taxable","16":"shipping-taxable","17":"product-type-simple"},"acf":[],"_links":{"self":[{"href":"https:\/\/arual.com\/fr\/wp-json\/wp\/v2\/product\/30329","targetHints":{"allow":["GET"]}}],"collection":[{"href":"https:\/\/arual.com\/fr\/wp-json\/wp\/v2\/product"}],"about":[{"href":"https:\/\/arual.com\/fr\/wp-json\/wp\/v2\/types\/product"}],"replies":[{"embeddable":true,"href":"https:\/\/arual.com\/fr\/wp-json\/wp\/v2\/comments?post=30329"}],"version-history":[{"count":2,"href":"https:\/\/arual.com\/fr\/wp-json\/wp\/v2\/product\/30329\/revisions"}],"predecessor-version":[{"id":32524,"href":"https:\/\/arual.com\/fr\/wp-json\/wp\/v2\/product\/30329\/revisions\/32524"}],"wp:featuredmedia":[{"embeddable":true,"href":"https:\/\/arual.com\/fr\/wp-json\/wp\/v2\/media\/32234"}],"wp:attachment":[{"href":"https:\/\/arual.com\/fr\/wp-json\/wp\/v2\/media?parent=30329"}],"wp:term":[{"taxonomy":"product_brand","embeddable":true,"href":"https:\/\/arual.com\/fr\/wp-json\/wp\/v2\/product_brand?post=30329"},{"taxonomy":"product_cat","embeddable":true,"href":"https:\/\/arual.com\/fr\/wp-json\/wp\/v2\/product_cat?post=30329"},{"taxonomy":"product_tag","embeddable":true,"href":"https:\/\/arual.com\/fr\/wp-json\/wp\/v2\/product_tag?post=30329"}],"curies":[{"name":"wp","href":"https:\/\/api.w.org\/{rel}","templated":true}]}}