{"id":30327,"date":"2025-05-26T15:18:08","date_gmt":"2025-05-26T15:18:08","guid":{"rendered":"https:\/\/arual.silo101.com\/producto\/creme-visage-anti-age-peaux-seches-et-matures\/"},"modified":"2026-01-13T14:58:33","modified_gmt":"2026-01-13T14:58:33","slug":"creme-visage-anti-age-peaux-seches-et-matures","status":"publish","type":"product","link":"https:\/\/arual.com\/fr\/produit\/creme-visage-anti-age-peaux-seches-et-matures\/","title":{"rendered":"Cr\u00e8me Faciale Anti-\u00c2ge \u2013 Peaux S\u00e8ches et Matures"},"content":{"rendered":"<p>Avantages&nbsp;:<br \/>\nCr\u00e8me \u00e0 absorption rapide. Ne laisse pas la peau grasse. Effets anti-\u00e2ge imm\u00e9diats d\u00e8s la premi\u00e8re application.<br \/>\nLa Cr\u00e8me Faciale Anti-\u00c2ge avec Complexe d&#8217;Acide Hyaluronique 4&nbsp;% + Allanto\u00efne 0,3&nbsp;% est formul\u00e9e pour les peaux s\u00e8ches et matures. Les peaux qui pr\u00e9sentent un manque d&#8217;hydratation naturelle, un manque d&#8217;\u00e9lasticit\u00e9, des rides et un aspect terne. Le pourcentage d&#8217;ingr\u00e9dients actifs garantit une hydratation cutan\u00e9e instantan\u00e9e. Sa combinaison de petites mol\u00e9cules hygroscopiques qui p\u00e9n\u00e8trent dans la peau et restaurent le Facteur d&#8217;Hydratation Naturel (NMF).     <\/p>\n","protected":false},"excerpt":{"rendered":"<p>Haute concentration, haute efficacit\u00e9&nbsp;: Complexe d&#8217;Acide Hyaluronique 4&nbsp;% + Allanto\u00efne 0,3&nbsp;%.<\/p>\n","protected":false},"featured_media":32228,"comment_status":"closed","ping_status":"closed","template":"","meta":{"_acf_changed":false},"product_brand":[],"product_cat":[220,248,221,224,240,287],"product_tag":[],"class_list":{"0":"post-30327","1":"product","2":"type-product","3":"status-publish","4":"has-post-thumbnail","6":"product_cat-esthetique","7":"product_cat-meilleures-ventes","8":"product_cat-soins","9":"product_cat-traitements","10":"product_cat-visage","11":"product_cat-soins-du-visage-peaux-seches-et-matures","13":"first","14":"instock","15":"taxable","16":"shipping-taxable","17":"product-type-simple"},"acf":[],"_links":{"self":[{"href":"https:\/\/arual.com\/fr\/wp-json\/wp\/v2\/product\/30327","targetHints":{"allow":["GET"]}}],"collection":[{"href":"https:\/\/arual.com\/fr\/wp-json\/wp\/v2\/product"}],"about":[{"href":"https:\/\/arual.com\/fr\/wp-json\/wp\/v2\/types\/product"}],"replies":[{"embeddable":true,"href":"https:\/\/arual.com\/fr\/wp-json\/wp\/v2\/comments?post=30327"}],"version-history":[{"count":2,"href":"https:\/\/arual.com\/fr\/wp-json\/wp\/v2\/product\/30327\/revisions"}],"predecessor-version":[{"id":32541,"href":"https:\/\/arual.com\/fr\/wp-json\/wp\/v2\/product\/30327\/revisions\/32541"}],"wp:featuredmedia":[{"embeddable":true,"href":"https:\/\/arual.com\/fr\/wp-json\/wp\/v2\/media\/32228"}],"wp:attachment":[{"href":"https:\/\/arual.com\/fr\/wp-json\/wp\/v2\/media?parent=30327"}],"wp:term":[{"taxonomy":"product_brand","embeddable":true,"href":"https:\/\/arual.com\/fr\/wp-json\/wp\/v2\/product_brand?post=30327"},{"taxonomy":"product_cat","embeddable":true,"href":"https:\/\/arual.com\/fr\/wp-json\/wp\/v2\/product_cat?post=30327"},{"taxonomy":"product_tag","embeddable":true,"href":"https:\/\/arual.com\/fr\/wp-json\/wp\/v2\/product_tag?post=30327"}],"curies":[{"name":"wp","href":"https:\/\/api.w.org\/{rel}","templated":true}]}}