{"id":30292,"date":"2025-05-26T15:17:59","date_gmt":"2025-05-26T15:17:59","guid":{"rendered":"https:\/\/arual.silo101.com\/producto\/permanent-normal-no-1\/"},"modified":"2026-01-13T15:41:35","modified_gmt":"2026-01-13T15:41:35","slug":"permanent-normal-no-1","status":"publish","type":"product","link":"https:\/\/arual.com\/fr\/produit\/permanent-normal-no-1\/","title":{"rendered":"Permanente Normale n\u00b0 1"},"content":{"rendered":"<p>Avantages&nbsp;:<\/p>\n<p>La Permanente N\u00b0 1 Normale est sp\u00e9cialement formul\u00e9e pour les cheveux naturels, non trait\u00e9s chimiquement. Gr\u00e2ce \u00e0 la combinaison de K\u00e9ratine Hydrolys\u00e9e et de Glyc\u00e9rine, ce traitement professionnel prot\u00e8ge la structure interne du cheveu pendant le processus d&#8217;ondulation, \u00e9vitant ainsi les dommages et assurant une boucle durable, souple et avec du mouvement.<br \/>\nSa formule agit efficacement sur les cheveux sains, en maintenant leur hydratation et leur \u00e9lasticit\u00e9, et en laissant un fini brillant et naturel. Avec plus de 70 ans d&#8217;exp\u00e9rience, Arual offre un produit classique et de confiance dans les salons professionnels, avec un parfum floral caract\u00e9ristique.<br \/>\nId\u00e9al pour les professionnels qui recherchent un r\u00e9sultat parfait, durable et s\u00fbr.  <\/p>\n","protected":false},"excerpt":{"rendered":"<p>Des boucles durables et naturelles avec la confiance de g\u00e9n\u00e9rations.<\/p>\n","protected":false},"featured_media":27057,"comment_status":"closed","ping_status":"closed","template":"","meta":{"_acf_changed":false},"product_brand":[],"product_cat":[218,281,262],"product_tag":[],"class_list":{"0":"post-30292","1":"product","2":"type-product","3":"status-publish","4":"has-post-thumbnail","6":"product_cat-coiffure","7":"product_cat-permanent","8":"product_cat-professionnel","10":"first","11":"instock","12":"taxable","13":"shipping-taxable","14":"product-type-simple"},"acf":[],"_links":{"self":[{"href":"https:\/\/arual.com\/fr\/wp-json\/wp\/v2\/product\/30292","targetHints":{"allow":["GET"]}}],"collection":[{"href":"https:\/\/arual.com\/fr\/wp-json\/wp\/v2\/product"}],"about":[{"href":"https:\/\/arual.com\/fr\/wp-json\/wp\/v2\/types\/product"}],"replies":[{"embeddable":true,"href":"https:\/\/arual.com\/fr\/wp-json\/wp\/v2\/comments?post=30292"}],"version-history":[{"count":2,"href":"https:\/\/arual.com\/fr\/wp-json\/wp\/v2\/product\/30292\/revisions"}],"predecessor-version":[{"id":32554,"href":"https:\/\/arual.com\/fr\/wp-json\/wp\/v2\/product\/30292\/revisions\/32554"}],"wp:featuredmedia":[{"embeddable":true,"href":"https:\/\/arual.com\/fr\/wp-json\/wp\/v2\/media\/27057"}],"wp:attachment":[{"href":"https:\/\/arual.com\/fr\/wp-json\/wp\/v2\/media?parent=30292"}],"wp:term":[{"taxonomy":"product_brand","embeddable":true,"href":"https:\/\/arual.com\/fr\/wp-json\/wp\/v2\/product_brand?post=30292"},{"taxonomy":"product_cat","embeddable":true,"href":"https:\/\/arual.com\/fr\/wp-json\/wp\/v2\/product_cat?post=30292"},{"taxonomy":"product_tag","embeddable":true,"href":"https:\/\/arual.com\/fr\/wp-json\/wp\/v2\/product_tag?post=30292"}],"curies":[{"name":"wp","href":"https:\/\/api.w.org\/{rel}","templated":true}]}}