{"id":30291,"date":"2025-05-26T15:17:59","date_gmt":"2025-05-26T15:17:59","guid":{"rendered":"https:\/\/arual.silo101.com\/producto\/smooth-permanent-no-2\/"},"modified":"2026-01-13T15:30:40","modified_gmt":"2026-01-13T15:30:40","slug":"smooth-permanent-no-2","status":"publish","type":"product","link":"https:\/\/arual.com\/fr\/produit\/smooth-permanent-no-2\/","title":{"rendered":"Permanente Douce n\u00b0 2"},"content":{"rendered":"<p>B\u00e9n\u00e9fices&nbsp;:<br \/>\nLa Permanente N\u00b0&nbsp;2 Douce est sp\u00e9cialement formul\u00e9e pour les cheveux color\u00e9s, d\u00e9color\u00e9s ou visiblement ab\u00eem\u00e9s. Gr\u00e2ce \u00e0 sa combinaison soign\u00e9e de K\u00e9ratine et de Glyc\u00e9rine, cette formule garantit un traitement d&#8217;ondulation permanente qui prot\u00e8ge la structure capillaire, en \u00e9vitant les dommages pendant le processus technique. <\/p>\n<p>Son action douce permet de travailler en toute s\u00e9curit\u00e9 sur les cheveux pr\u00e9alablement trait\u00e9s, en respectant leur \u00e9lasticit\u00e9, en apportant de l&#8217;hydratation et en laissant une chevelure plus soign\u00e9e, brillante et avec une boucle durable et souple.<br \/>\nC&#8217;est un produit professionnel d\u00e9velopp\u00e9 pour obtenir une boucle permanente, m\u00eame sur les cheveux sensibilis\u00e9s. Arual, avec plus de 70&nbsp;ans d&#8217;exp\u00e9rience dans la cosm\u00e9tique capillaire professionnelle, met au service du styliste une formule fiable et efficace pour obtenir des r\u00e9sultats s\u00fbrs, durables et personnalis\u00e9s. <\/p>\n","protected":false},"excerpt":{"rendered":"<p>Des boucles durables avec le plus grand soin.<\/p>\n","protected":false},"featured_media":28758,"comment_status":"closed","ping_status":"closed","template":"","meta":{"_acf_changed":false},"product_brand":[],"product_cat":[218,281,262],"product_tag":[],"class_list":{"0":"post-30291","1":"product","2":"type-product","3":"status-publish","4":"has-post-thumbnail","6":"product_cat-coiffure","7":"product_cat-permanent","8":"product_cat-professionnel","10":"first","11":"instock","12":"taxable","13":"shipping-taxable","14":"product-type-simple"},"acf":[],"_links":{"self":[{"href":"https:\/\/arual.com\/fr\/wp-json\/wp\/v2\/product\/30291","targetHints":{"allow":["GET"]}}],"collection":[{"href":"https:\/\/arual.com\/fr\/wp-json\/wp\/v2\/product"}],"about":[{"href":"https:\/\/arual.com\/fr\/wp-json\/wp\/v2\/types\/product"}],"replies":[{"embeddable":true,"href":"https:\/\/arual.com\/fr\/wp-json\/wp\/v2\/comments?post=30291"}],"version-history":[{"count":2,"href":"https:\/\/arual.com\/fr\/wp-json\/wp\/v2\/product\/30291\/revisions"}],"predecessor-version":[{"id":32548,"href":"https:\/\/arual.com\/fr\/wp-json\/wp\/v2\/product\/30291\/revisions\/32548"}],"wp:featuredmedia":[{"embeddable":true,"href":"https:\/\/arual.com\/fr\/wp-json\/wp\/v2\/media\/28758"}],"wp:attachment":[{"href":"https:\/\/arual.com\/fr\/wp-json\/wp\/v2\/media?parent=30291"}],"wp:term":[{"taxonomy":"product_brand","embeddable":true,"href":"https:\/\/arual.com\/fr\/wp-json\/wp\/v2\/product_brand?post=30291"},{"taxonomy":"product_cat","embeddable":true,"href":"https:\/\/arual.com\/fr\/wp-json\/wp\/v2\/product_cat?post=30291"},{"taxonomy":"product_tag","embeddable":true,"href":"https:\/\/arual.com\/fr\/wp-json\/wp\/v2\/product_tag?post=30291"}],"curies":[{"name":"wp","href":"https:\/\/api.w.org\/{rel}","templated":true}]}}