{"id":30286,"date":"2025-05-26T15:17:59","date_gmt":"2025-05-26T15:17:59","guid":{"rendered":"https:\/\/arual.silo101.com\/producto\/neutralisateur\/"},"modified":"2026-01-13T15:28:14","modified_gmt":"2026-01-13T15:28:14","slug":"neutralisateur","status":"publish","type":"product","link":"https:\/\/arual.com\/fr\/produit\/neutralisateur\/","title":{"rendered":"Neutralisant"},"content":{"rendered":"<p>Avantages&nbsp;:<\/p>\n<p>Le Neutralisant Arual est l&#8217;\u00e9tape cl\u00e9 pour assurer une permanente durable, r\u00e9sistante et parfaitement d\u00e9finie. Sa formule est con\u00e7ue pour p\u00e9n\u00e9trer en profondeur dans la fibre capillaire, fixant de mani\u00e8re s\u00fbre la nouvelle forme des cheveux apr\u00e8s le processus d&#8217;ondulation. Gr\u00e2ce \u00e0 son action efficace, on obtient des boucles plus marqu\u00e9es, \u00e9lastiques et de longue dur\u00e9e.  <\/p>\n<p>Compatible avec tous les types de cheveux, ce produit est essentiel pour terminer avec succ\u00e8s tout traitement de permanente, que ce soit sur des cheveux naturels, color\u00e9s ou d\u00e9color\u00e9s. De plus, sa texture et son temps d&#8217;exposition permettent une application simple et contr\u00f4l\u00e9e, s&#8217;adaptant parfaitement au travail professionnel en salon. <\/p>\n","protected":false},"excerpt":{"rendered":"<p>Neutralisant avec une grande capacit\u00e9 de p\u00e9n\u00e9tration dans la fibre capillaire. Fournit des permanentes plus durables et des boucles plus marqu\u00e9es. Pour tous les types de cheveux.  <\/p>\n","protected":false},"featured_media":28752,"comment_status":"closed","ping_status":"closed","template":"","meta":{"_acf_changed":false},"product_brand":[],"product_cat":[218,281,262],"product_tag":[],"class_list":{"0":"post-30286","1":"product","2":"type-product","3":"status-publish","4":"has-post-thumbnail","6":"product_cat-coiffure","7":"product_cat-permanent","8":"product_cat-professionnel","10":"first","11":"instock","12":"taxable","13":"shipping-taxable","14":"product-type-simple"},"acf":[],"_links":{"self":[{"href":"https:\/\/arual.com\/fr\/wp-json\/wp\/v2\/product\/30286","targetHints":{"allow":["GET"]}}],"collection":[{"href":"https:\/\/arual.com\/fr\/wp-json\/wp\/v2\/product"}],"about":[{"href":"https:\/\/arual.com\/fr\/wp-json\/wp\/v2\/types\/product"}],"replies":[{"embeddable":true,"href":"https:\/\/arual.com\/fr\/wp-json\/wp\/v2\/comments?post=30286"}],"version-history":[{"count":2,"href":"https:\/\/arual.com\/fr\/wp-json\/wp\/v2\/product\/30286\/revisions"}],"predecessor-version":[{"id":32545,"href":"https:\/\/arual.com\/fr\/wp-json\/wp\/v2\/product\/30286\/revisions\/32545"}],"wp:featuredmedia":[{"embeddable":true,"href":"https:\/\/arual.com\/fr\/wp-json\/wp\/v2\/media\/28752"}],"wp:attachment":[{"href":"https:\/\/arual.com\/fr\/wp-json\/wp\/v2\/media?parent=30286"}],"wp:term":[{"taxonomy":"product_brand","embeddable":true,"href":"https:\/\/arual.com\/fr\/wp-json\/wp\/v2\/product_brand?post=30286"},{"taxonomy":"product_cat","embeddable":true,"href":"https:\/\/arual.com\/fr\/wp-json\/wp\/v2\/product_cat?post=30286"},{"taxonomy":"product_tag","embeddable":true,"href":"https:\/\/arual.com\/fr\/wp-json\/wp\/v2\/product_tag?post=30286"}],"curies":[{"name":"wp","href":"https:\/\/api.w.org\/{rel}","templated":true}]}}