{"id":30285,"date":"2025-05-26T15:17:59","date_gmt":"2025-05-26T15:17:59","guid":{"rendered":"https:\/\/arual.silo101.com\/producto\/forte-no-permanente-0\/"},"modified":"2026-01-13T15:42:42","modified_gmt":"2026-01-13T15:42:42","slug":"forte-no-permanente-0","status":"publish","type":"product","link":"https:\/\/arual.com\/fr\/produit\/forte-no-permanente-0\/","title":{"rendered":"Permanente Forte n\u00b0 0"},"content":{"rendered":"<p>Avantages&nbsp;:<\/p>\n<p>La Permanente N\u00b0 0 Forte est sp\u00e9cifiquement formul\u00e9e pour les cheveux naturels, \u00e9pais ou particuli\u00e8rement r\u00e9sistants, qui n\u00e9cessitent un pouvoir de fixation plus \u00e9lev\u00e9 pour maintenir la forme de la boucle de mani\u00e8re durable. Gr\u00e2ce \u00e0 sa formule enrichie en K\u00e9ratine et en Glyc\u00e9rine, elle prot\u00e8ge la fibre capillaire pendant tout le processus technique, assurant une ondulation uniforme sans endommager la structure du cheveu.<br \/>\nSon action intense permet de travailler en toute s\u00e9curit\u00e9 m\u00eame sur les cheveux les plus difficiles, apportant corps, \u00e9lasticit\u00e9 et brillance \u00e0 la boucle finale. Cette formule professionnelle, associ\u00e9e \u00e0 plus de 70 ans d&#8217;exp\u00e9rience d&#8217;Arual, fait de cette permanente un outil indispensable dans les salons pour les travaux techniques exigeants. Parfum floral caract\u00e9ristique.   <\/p>\n","protected":false},"excerpt":{"rendered":"<p>Des boucles durables et naturelles avec la confiance de g\u00e9n\u00e9rations.<\/p>\n","protected":false},"featured_media":28761,"comment_status":"closed","ping_status":"closed","template":"","meta":{"_acf_changed":false},"product_brand":[],"product_cat":[218,281,262],"product_tag":[],"class_list":{"0":"post-30285","1":"product","2":"type-product","3":"status-publish","4":"has-post-thumbnail","6":"product_cat-coiffure","7":"product_cat-permanent","8":"product_cat-professionnel","10":"first","11":"instock","12":"taxable","13":"shipping-taxable","14":"product-type-simple"},"acf":[],"_links":{"self":[{"href":"https:\/\/arual.com\/fr\/wp-json\/wp\/v2\/product\/30285","targetHints":{"allow":["GET"]}}],"collection":[{"href":"https:\/\/arual.com\/fr\/wp-json\/wp\/v2\/product"}],"about":[{"href":"https:\/\/arual.com\/fr\/wp-json\/wp\/v2\/types\/product"}],"replies":[{"embeddable":true,"href":"https:\/\/arual.com\/fr\/wp-json\/wp\/v2\/comments?post=30285"}],"version-history":[{"count":2,"href":"https:\/\/arual.com\/fr\/wp-json\/wp\/v2\/product\/30285\/revisions"}],"predecessor-version":[{"id":32559,"href":"https:\/\/arual.com\/fr\/wp-json\/wp\/v2\/product\/30285\/revisions\/32559"}],"wp:featuredmedia":[{"embeddable":true,"href":"https:\/\/arual.com\/fr\/wp-json\/wp\/v2\/media\/28761"}],"wp:attachment":[{"href":"https:\/\/arual.com\/fr\/wp-json\/wp\/v2\/media?parent=30285"}],"wp:term":[{"taxonomy":"product_brand","embeddable":true,"href":"https:\/\/arual.com\/fr\/wp-json\/wp\/v2\/product_brand?post=30285"},{"taxonomy":"product_cat","embeddable":true,"href":"https:\/\/arual.com\/fr\/wp-json\/wp\/v2\/product_cat?post=30285"},{"taxonomy":"product_tag","embeddable":true,"href":"https:\/\/arual.com\/fr\/wp-json\/wp\/v2\/product_tag?post=30285"}],"curies":[{"name":"wp","href":"https:\/\/api.w.org\/{rel}","templated":true}]}}