{"id":30136,"date":"2025-05-26T15:17:59","date_gmt":"2025-05-26T15:17:59","guid":{"rendered":"https:\/\/arual.silo101.com\/producto\/creme-oxygenee\/"},"modified":"2026-01-13T15:43:47","modified_gmt":"2026-01-13T15:43:47","slug":"creme-oxygenee","status":"publish","type":"product","link":"https:\/\/arual.com\/fr\/produit\/creme-oxygenee\/","title":{"rendered":"Cr\u00e8me oxydante"},"content":{"rendered":"<p>Avantages&nbsp;:<br \/>\nLa gamme d&#8217;Oxigenadas Arual a \u00e9t\u00e9 d\u00e9velopp\u00e9e pour agir en parfaite synergie avec la coloration ARUAL\u2019Collection et les travaux techniques tels que DecoPlex+, garantissant des r\u00e9sultats professionnels, une stabilit\u00e9 du m\u00e9lange et une application homog\u00e8ne \u00e0 chaque service.<\/p>\n<p>Formul\u00e9es avec une texture cr\u00e9meuse et stabilis\u00e9e, elles permettent une application facile et contr\u00f4l\u00e9e, favorisant la p\u00e9n\u00e9tration uniforme de la teinture ou de la poudre d\u00e9colorante dans les cheveux. Sa formule prot\u00e8ge la fibre capillaire pendant le processus d&#8217;oxydation, en pr\u00e9servant la brillance, la douceur et l&#8217;hydratation des cheveux. <\/p>\n<p>Disponibles en 4 volumes pour s&#8217;adapter \u00e0 toute technique ou besoin du salon&nbsp;:<br \/>\n10 vol (3&nbsp;%)&nbsp;: id\u00e9al pour la nuance, l&#8217;assombrissement ou les d\u00e9p\u00f4ts de couleur doux.<br \/>\n20 vol (6&nbsp;%)&nbsp;: couverture des cheveux gris, \u00e9galisations et colorations standard.<br \/>\n30 vol (9&nbsp;%)&nbsp;: \u00e9claircissements de 2 \u00e0 3 tons ou travail avec des tons fantaisie.<br \/>\n40 vol (12&nbsp;%)&nbsp;: pour les super-\u00e9claircissants ou les \u00e9claircissements intenses (avec contr\u00f4le professionnel).<\/p>\n<p>Formule technique \u00e0 haut rendement<\/p>\n<p>Texture cr\u00e9meuse et homog\u00e8ne&nbsp;: permet un m\u00e9lange uniforme avec la teinture ou la d\u00e9coloration, facilitant l&#8217;application et \u00e9vitant les gouttes.<\/p>\n<p>Haute stabilisation du peroxyde&nbsp;: garantit un rendement constant pendant le temps d&#8217;exposition, en respectant les cheveux et en maintenant l&#8217;efficacit\u00e9 de la couleur ou de la d\u00e9coloration.<\/p>\n<p>Compatibilit\u00e9 totale avec la gamme ARUAL\u2019Collection et DecoPlex+&nbsp;: d\u00e9velopp\u00e9es conjointement pour assurer une efficacit\u00e9 et une s\u00e9curit\u00e9 professionnelles maximales.<\/p>\n","protected":false},"excerpt":{"rendered":"<p>Oxigenadas Arual \u2013 Pr\u00e9cision, stabilit\u00e9 et respect maximal des cheveux.<\/p>\n","protected":false},"featured_media":28788,"comment_status":"closed","ping_status":"closed","template":"","meta":{"_acf_changed":false},"product_brand":[],"product_cat":[218,279,262],"product_tag":[],"class_list":{"0":"post-30136","1":"product","2":"type-product","3":"status-publish","4":"has-post-thumbnail","6":"product_cat-coiffure","7":"product_cat-colorants-et-oxygenes","8":"product_cat-professionnel","10":"first","11":"instock","12":"taxable","13":"shipping-taxable","14":"product-type-variable"},"acf":[],"_links":{"self":[{"href":"https:\/\/arual.com\/fr\/wp-json\/wp\/v2\/product\/30136","targetHints":{"allow":["GET"]}}],"collection":[{"href":"https:\/\/arual.com\/fr\/wp-json\/wp\/v2\/product"}],"about":[{"href":"https:\/\/arual.com\/fr\/wp-json\/wp\/v2\/types\/product"}],"replies":[{"embeddable":true,"href":"https:\/\/arual.com\/fr\/wp-json\/wp\/v2\/comments?post=30136"}],"version-history":[{"count":2,"href":"https:\/\/arual.com\/fr\/wp-json\/wp\/v2\/product\/30136\/revisions"}],"predecessor-version":[{"id":32566,"href":"https:\/\/arual.com\/fr\/wp-json\/wp\/v2\/product\/30136\/revisions\/32566"}],"wp:featuredmedia":[{"embeddable":true,"href":"https:\/\/arual.com\/fr\/wp-json\/wp\/v2\/media\/28788"}],"wp:attachment":[{"href":"https:\/\/arual.com\/fr\/wp-json\/wp\/v2\/media?parent=30136"}],"wp:term":[{"taxonomy":"product_brand","embeddable":true,"href":"https:\/\/arual.com\/fr\/wp-json\/wp\/v2\/product_brand?post=30136"},{"taxonomy":"product_cat","embeddable":true,"href":"https:\/\/arual.com\/fr\/wp-json\/wp\/v2\/product_cat?post=30136"},{"taxonomy":"product_tag","embeddable":true,"href":"https:\/\/arual.com\/fr\/wp-json\/wp\/v2\/product_tag?post=30136"}],"curies":[{"name":"wp","href":"https:\/\/api.w.org\/{rel}","templated":true}]}}