{"id":30075,"date":"2025-05-26T15:17:50","date_gmt":"2025-05-26T15:17:50","guid":{"rendered":"https:\/\/arual.silo101.com\/producto\/shampooing-crystal-diamond\/"},"modified":"2026-01-13T15:43:46","modified_gmt":"2026-01-13T15:43:46","slug":"shampooing-crystal-diamond","status":"publish","type":"product","link":"https:\/\/arual.com\/fr\/produit\/shampooing-crystal-diamond\/","title":{"rendered":"Shampooing Crystal Diamond"},"content":{"rendered":"<p class=\"p1\">R\u00e9paration totale et douceur intense. Nourrit, r\u00e9pare et transforme les cheveux ab\u00eem\u00e9s. <\/p>\n","protected":false},"excerpt":{"rendered":"<p class=\"p1\">R\u00e9paration totale et douceur intense. Nourrit, r\u00e9pare et transforme les cheveux ab\u00eem\u00e9s. <\/p>\n","protected":false},"featured_media":32017,"comment_status":"closed","ping_status":"closed","template":"","meta":{"_acf_changed":false},"product_brand":[],"product_cat":[272,213],"product_tag":[],"class_list":{"0":"post-30075","1":"product","2":"type-product","3":"status-publish","4":"has-post-thumbnail","6":"product_cat-endommage","7":"product_cat-traitements-capillaires","9":"first","10":"instock","11":"taxable","12":"shipping-taxable","13":"product-type-variable"},"acf":[],"_links":{"self":[{"href":"https:\/\/arual.com\/fr\/wp-json\/wp\/v2\/product\/30075","targetHints":{"allow":["GET"]}}],"collection":[{"href":"https:\/\/arual.com\/fr\/wp-json\/wp\/v2\/product"}],"about":[{"href":"https:\/\/arual.com\/fr\/wp-json\/wp\/v2\/types\/product"}],"replies":[{"embeddable":true,"href":"https:\/\/arual.com\/fr\/wp-json\/wp\/v2\/comments?post=30075"}],"version-history":[{"count":2,"href":"https:\/\/arual.com\/fr\/wp-json\/wp\/v2\/product\/30075\/revisions"}],"predecessor-version":[{"id":32065,"href":"https:\/\/arual.com\/fr\/wp-json\/wp\/v2\/product\/30075\/revisions\/32065"}],"wp:featuredmedia":[{"embeddable":true,"href":"https:\/\/arual.com\/fr\/wp-json\/wp\/v2\/media\/32017"}],"wp:attachment":[{"href":"https:\/\/arual.com\/fr\/wp-json\/wp\/v2\/media?parent=30075"}],"wp:term":[{"taxonomy":"product_brand","embeddable":true,"href":"https:\/\/arual.com\/fr\/wp-json\/wp\/v2\/product_brand?post=30075"},{"taxonomy":"product_cat","embeddable":true,"href":"https:\/\/arual.com\/fr\/wp-json\/wp\/v2\/product_cat?post=30075"},{"taxonomy":"product_tag","embeddable":true,"href":"https:\/\/arual.com\/fr\/wp-json\/wp\/v2\/product_tag?post=30075"}],"curies":[{"name":"wp","href":"https:\/\/api.w.org\/{rel}","templated":true}]}}