{"id":30068,"date":"2025-05-26T15:17:50","date_gmt":"2025-05-26T15:17:50","guid":{"rendered":"https:\/\/arual.silo101.com\/producto\/serum-cristal-diamant\/"},"modified":"2026-01-13T15:43:45","modified_gmt":"2026-01-13T15:43:45","slug":"serum-cristal-diamant","status":"publish","type":"product","link":"https:\/\/arual.com\/fr\/produit\/serum-cristal-diamant\/","title":{"rendered":"S\u00e9rum Crystal Diamond"},"content":{"rendered":"<p class=\"p1\">Huile s\u00e8che qui <b>d\u00e9m\u00eale, r\u00e9pare et prot\u00e8ge<\/b> les cheveux. Apporte <b>brillance imm\u00e9diate, r\u00e9paration profonde et protection durable<\/b> en un seul geste. <\/p>\n","protected":false},"excerpt":{"rendered":"<p class=\"p1\">Huile s\u00e8che qui <b>d\u00e9m\u00eale, r\u00e9pare et prot\u00e8ge<\/b> les cheveux. Apporte <b>brillance imm\u00e9diate, r\u00e9paration profonde et protection durable<\/b> en un seul geste. <\/p>\n","protected":false},"featured_media":32213,"comment_status":"closed","ping_status":"closed","template":"","meta":{"_acf_changed":false},"product_brand":[],"product_cat":[272,248,213],"product_tag":[],"class_list":{"0":"post-30068","1":"product","2":"type-product","3":"status-publish","4":"has-post-thumbnail","6":"product_cat-endommage","7":"product_cat-meilleures-ventes","8":"product_cat-traitements-capillaires","10":"first","11":"instock","12":"taxable","13":"shipping-taxable","14":"product-type-simple"},"acf":[],"_links":{"self":[{"href":"https:\/\/arual.com\/fr\/wp-json\/wp\/v2\/product\/30068","targetHints":{"allow":["GET"]}}],"collection":[{"href":"https:\/\/arual.com\/fr\/wp-json\/wp\/v2\/product"}],"about":[{"href":"https:\/\/arual.com\/fr\/wp-json\/wp\/v2\/types\/product"}],"replies":[{"embeddable":true,"href":"https:\/\/arual.com\/fr\/wp-json\/wp\/v2\/comments?post=30068"}],"version-history":[{"count":3,"href":"https:\/\/arual.com\/fr\/wp-json\/wp\/v2\/product\/30068\/revisions"}],"predecessor-version":[{"id":32565,"href":"https:\/\/arual.com\/fr\/wp-json\/wp\/v2\/product\/30068\/revisions\/32565"}],"wp:featuredmedia":[{"embeddable":true,"href":"https:\/\/arual.com\/fr\/wp-json\/wp\/v2\/media\/32213"}],"wp:attachment":[{"href":"https:\/\/arual.com\/fr\/wp-json\/wp\/v2\/media?parent=30068"}],"wp:term":[{"taxonomy":"product_brand","embeddable":true,"href":"https:\/\/arual.com\/fr\/wp-json\/wp\/v2\/product_brand?post=30068"},{"taxonomy":"product_cat","embeddable":true,"href":"https:\/\/arual.com\/fr\/wp-json\/wp\/v2\/product_cat?post=30068"},{"taxonomy":"product_tag","embeddable":true,"href":"https:\/\/arual.com\/fr\/wp-json\/wp\/v2\/product_tag?post=30068"}],"curies":[{"name":"wp","href":"https:\/\/api.w.org\/{rel}","templated":true}]}}