{"id":30062,"date":"2025-05-26T15:17:50","date_gmt":"2025-05-26T15:17:50","guid":{"rendered":"https:\/\/arual.silo101.com\/producto\/creme-curly-extreme\/"},"modified":"2026-01-13T15:44:40","modified_gmt":"2026-01-13T15:44:40","slug":"creme-curly-extreme","status":"publish","type":"product","link":"https:\/\/arual.com\/fr\/produit\/creme-curly-extreme\/","title":{"rendered":"Curly Extreme Cream"},"content":{"rendered":"<p class=\"p1\">La cr\u00e8me ultime pour d\u00e9finir, hydrater et contr\u00f4ler les cheveux boucl\u00e9s. Formul\u00e9e avec une technologie professionnelle et des actifs haute performance, <b>Curly Extreme Cream<\/b> a \u00e9t\u00e9 con\u00e7ue pour rehausser la forme naturelle des boucles, \u00e9liminer les frisottis et maintenir l&#8217;hydratation tout au long de la journ\u00e9e. Sa formule avanc\u00e9e agit en synergie pour apporter \u00e9lasticit\u00e9, douceur et brillance, pour des boucles plus rebondies, mieux d\u00e9finies et une texture visiblement saine.  <\/p>\n<p class=\"p1\">Id\u00e9ale aussi bien pour les cheveux boucl\u00e9s naturels que pour les cheveux permanent\u00e9s, cette cr\u00e8me nourrit intens\u00e9ment sans alourdir, laissant les cheveux souples, avec du mouvement et parfaitement d\u00e9finis. De plus, elle s&#8217;adapte aux besoins des cheveux qui suivent la <b>m\u00e9thode <i>curly<\/i><\/b>, car elle ne contient pas de silicones lourdes ni d&#8217;ingr\u00e9dients occlusifs qui entravent la transpiration de la fibre capillaire. C&#8217;est une excellente option pour celles et ceux qui recherchent une routine sans ingr\u00e9dients agressifs et avec une finition naturelle et durable.  <\/p>\n<p class=\"p1\">Gr\u00e2ce \u00e0 sa texture l\u00e9g\u00e8re et \u00e0 son emballage <i>airless<\/i>, l&#8217;application est pr\u00e9cise, propre et sans gaspillage, garantissant un usage professionnel aussi bien en salon qu&#8217;\u00e0 la maison.<\/p>\n","protected":false},"excerpt":{"rendered":"<p>Cr\u00e8me Amplificatrice Professionnelle de Boucles<\/p>\n","protected":false},"featured_media":32217,"comment_status":"closed","ping_status":"closed","template":"","meta":{"_acf_changed":false},"product_brand":[],"product_cat":[274,213],"product_tag":[],"class_list":{"0":"post-30062","1":"product","2":"type-product","3":"status-publish","4":"has-post-thumbnail","6":"product_cat-boucles-doreilles","7":"product_cat-traitements-capillaires","9":"first","10":"instock","11":"taxable","12":"shipping-taxable","13":"product-type-simple"},"acf":[],"_links":{"self":[{"href":"https:\/\/arual.com\/fr\/wp-json\/wp\/v2\/product\/30062","targetHints":{"allow":["GET"]}}],"collection":[{"href":"https:\/\/arual.com\/fr\/wp-json\/wp\/v2\/product"}],"about":[{"href":"https:\/\/arual.com\/fr\/wp-json\/wp\/v2\/types\/product"}],"replies":[{"embeddable":true,"href":"https:\/\/arual.com\/fr\/wp-json\/wp\/v2\/comments?post=30062"}],"version-history":[{"count":2,"href":"https:\/\/arual.com\/fr\/wp-json\/wp\/v2\/product\/30062\/revisions"}],"predecessor-version":[{"id":32569,"href":"https:\/\/arual.com\/fr\/wp-json\/wp\/v2\/product\/30062\/revisions\/32569"}],"wp:featuredmedia":[{"embeddable":true,"href":"https:\/\/arual.com\/fr\/wp-json\/wp\/v2\/media\/32217"}],"wp:attachment":[{"href":"https:\/\/arual.com\/fr\/wp-json\/wp\/v2\/media?parent=30062"}],"wp:term":[{"taxonomy":"product_brand","embeddable":true,"href":"https:\/\/arual.com\/fr\/wp-json\/wp\/v2\/product_brand?post=30062"},{"taxonomy":"product_cat","embeddable":true,"href":"https:\/\/arual.com\/fr\/wp-json\/wp\/v2\/product_cat?post=30062"},{"taxonomy":"product_tag","embeddable":true,"href":"https:\/\/arual.com\/fr\/wp-json\/wp\/v2\/product_tag?post=30062"}],"curies":[{"name":"wp","href":"https:\/\/api.w.org\/{rel}","templated":true}]}}