{"id":30053,"date":"2025-05-26T15:17:50","date_gmt":"2025-05-26T15:17:50","guid":{"rendered":"https:\/\/arual.silo101.com\/producto\/masque-de-cristal-et-de-diamant\/"},"modified":"2026-01-13T15:44:19","modified_gmt":"2026-01-13T15:44:19","slug":"masque-de-cristal-et-de-diamant","status":"publish","type":"product","link":"https:\/\/arual.com\/fr\/produit\/masque-de-cristal-et-de-diamant\/","title":{"rendered":"Masque de cristal et de diamant"},"content":{"rendered":"<p class=\"p1\">R\u00e9paration totale et douceur intense. Nourrit, r\u00e9pare et transforme les cheveux ab\u00eem\u00e9s. <\/p>\n","protected":false},"excerpt":{"rendered":"<p class=\"p1\">R\u00e9paration totale et douceur intense. Nourrit, r\u00e9pare et transforme les cheveux ab\u00eem\u00e9s. <\/p>\n","protected":false},"featured_media":32014,"comment_status":"closed","ping_status":"closed","template":"","meta":{"_acf_changed":false},"product_brand":[],"product_cat":[272,213],"product_tag":[],"class_list":{"0":"post-30053","1":"product","2":"type-product","3":"status-publish","4":"has-post-thumbnail","6":"product_cat-endommage","7":"product_cat-traitements-capillaires","9":"first","10":"instock","11":"taxable","12":"shipping-taxable","13":"product-type-variable"},"acf":[],"_links":{"self":[{"href":"https:\/\/arual.com\/fr\/wp-json\/wp\/v2\/product\/30053","targetHints":{"allow":["GET"]}}],"collection":[{"href":"https:\/\/arual.com\/fr\/wp-json\/wp\/v2\/product"}],"about":[{"href":"https:\/\/arual.com\/fr\/wp-json\/wp\/v2\/types\/product"}],"replies":[{"embeddable":true,"href":"https:\/\/arual.com\/fr\/wp-json\/wp\/v2\/comments?post=30053"}],"version-history":[{"count":2,"href":"https:\/\/arual.com\/fr\/wp-json\/wp\/v2\/product\/30053\/revisions"}],"predecessor-version":[{"id":32022,"href":"https:\/\/arual.com\/fr\/wp-json\/wp\/v2\/product\/30053\/revisions\/32022"}],"wp:featuredmedia":[{"embeddable":true,"href":"https:\/\/arual.com\/fr\/wp-json\/wp\/v2\/media\/32014"}],"wp:attachment":[{"href":"https:\/\/arual.com\/fr\/wp-json\/wp\/v2\/media?parent=30053"}],"wp:term":[{"taxonomy":"product_brand","embeddable":true,"href":"https:\/\/arual.com\/fr\/wp-json\/wp\/v2\/product_brand?post=30053"},{"taxonomy":"product_cat","embeddable":true,"href":"https:\/\/arual.com\/fr\/wp-json\/wp\/v2\/product_cat?post=30053"},{"taxonomy":"product_tag","embeddable":true,"href":"https:\/\/arual.com\/fr\/wp-json\/wp\/v2\/product_tag?post=30053"}],"curies":[{"name":"wp","href":"https:\/\/api.w.org\/{rel}","templated":true}]}}