{"id":30047,"date":"2025-05-26T15:17:50","date_gmt":"2025-05-26T15:17:50","guid":{"rendered":"https:\/\/arual.silo101.com\/producto\/arual-plex\/"},"modified":"2026-01-13T15:47:17","modified_gmt":"2026-01-13T15:47:17","slug":"arual-plex","status":"publish","type":"product","link":"https:\/\/arual.com\/fr\/produit\/arual-plex\/","title":{"rendered":"ARUAL\u2019 PLEX"},"content":{"rendered":"<p><strong>ARUAL\u2019PLEX<\/strong> est un traitement reconstructeur professionnel qui r\u00e9volutionne la protection capillaire lors des processus techniques de coloration, de d\u00e9coloration et de lissages. Gr\u00e2ce \u00e0 sa formule avanc\u00e9e, il r\u00e9pare, renforce et prot\u00e8ge la fibre capillaire de l\u2019int\u00e9rieur, en restaurant les ponts disulfures et en pr\u00e9venant la casse des cheveux. Il agit aussi bien pendant qu\u2019apr\u00e8s le processus chimique, en apportant brillance, \u00e9lasticit\u00e9 et r\u00e9sistance.  <\/p>\n<p>&nbsp;<\/p>\n<p>Sa texture dense et cr\u00e9meuse, ainsi que son format en sachets unidoses, permet une application pr\u00e9cise, hygi\u00e9nique et professionnelle. Indiqu\u00e9 \u00e9galement comme traitement anti-\u00e2ge capillaire, il est id\u00e9al pour tous les types de cheveux ayant \u00e9t\u00e9 soumis \u00e0 des processus chimiques agressifs ou qui n\u00e9cessitent une r\u00e9g\u00e9n\u00e9ration profonde. <\/p>\n","protected":false},"excerpt":{"rendered":"<p>Traitement professionnel con\u00e7u pour prot\u00e9ger et r\u00e9g\u00e9n\u00e9rer la cuticule du cheveu. Contient&nbsp;: Acides amin\u00e9s, acide hyaluronique, glyc\u00e9rine, k\u00e9ratine et prot\u00e9ines de soie. <\/p>\n","protected":false},"featured_media":28707,"comment_status":"closed","ping_status":"closed","template":"","meta":{"_acf_changed":false},"product_brand":[],"product_cat":[264,262],"product_tag":[],"class_list":{"0":"post-30047","1":"product","2":"type-product","3":"status-publish","4":"has-post-thumbnail","6":"product_cat-plex-fr","7":"product_cat-professionnel","9":"first","10":"instock","11":"taxable","12":"shipping-taxable","13":"product-type-simple"},"acf":[],"_links":{"self":[{"href":"https:\/\/arual.com\/fr\/wp-json\/wp\/v2\/product\/30047","targetHints":{"allow":["GET"]}}],"collection":[{"href":"https:\/\/arual.com\/fr\/wp-json\/wp\/v2\/product"}],"about":[{"href":"https:\/\/arual.com\/fr\/wp-json\/wp\/v2\/types\/product"}],"replies":[{"embeddable":true,"href":"https:\/\/arual.com\/fr\/wp-json\/wp\/v2\/comments?post=30047"}],"version-history":[{"count":2,"href":"https:\/\/arual.com\/fr\/wp-json\/wp\/v2\/product\/30047\/revisions"}],"predecessor-version":[{"id":32585,"href":"https:\/\/arual.com\/fr\/wp-json\/wp\/v2\/product\/30047\/revisions\/32585"}],"wp:featuredmedia":[{"embeddable":true,"href":"https:\/\/arual.com\/fr\/wp-json\/wp\/v2\/media\/28707"}],"wp:attachment":[{"href":"https:\/\/arual.com\/fr\/wp-json\/wp\/v2\/media?parent=30047"}],"wp:term":[{"taxonomy":"product_brand","embeddable":true,"href":"https:\/\/arual.com\/fr\/wp-json\/wp\/v2\/product_brand?post=30047"},{"taxonomy":"product_cat","embeddable":true,"href":"https:\/\/arual.com\/fr\/wp-json\/wp\/v2\/product_cat?post=30047"},{"taxonomy":"product_tag","embeddable":true,"href":"https:\/\/arual.com\/fr\/wp-json\/wp\/v2\/product_tag?post=30047"}],"curies":[{"name":"wp","href":"https:\/\/api.w.org\/{rel}","templated":true}]}}