{"id":29986,"date":"2025-05-26T15:17:42","date_gmt":"2025-05-26T15:17:42","guid":{"rendered":"https:\/\/arual.silo101.com\/producto\/pack-detox-traitement-capillaire-anti-age\/"},"modified":"2026-01-14T11:13:26","modified_gmt":"2026-01-14T11:13:26","slug":"pack-detox-traitement-capillaire-anti-age","status":"publish","type":"product","link":"https:\/\/arual.com\/fr\/produit\/pack-detox-traitement-capillaire-anti-age\/","title":{"rendered":"Pack Detox : Traitement capillaire anti-\u00e2ge"},"content":{"rendered":"<p class=\"p1\">Le Pack D\u00e9tox est con\u00e7u pour offrir une solution compl\u00e8te aux cheveux stress\u00e9s, ab\u00eem\u00e9s, secs ou sans vie. Gr\u00e2ce \u00e0 la combinaison d&#8217;ingr\u00e9dients botaniques actifs reconnus tels que le <b>ginseng<\/b>, le <b>gingembre<\/b> et l&#8217;<b>aloe vera<\/b>, ce traitement nettoie le cuir chevelu en profondeur, tout en r\u00e9g\u00e9n\u00e9rant, hydratant et renfor\u00e7ant la fibre capillaire. <\/p>\n<p class=\"p1\">Une formule professionnelle et efficace qui allie tradition et innovation, id\u00e9ale pour combattre les effets de la pollution, de l&#8217;exc\u00e8s de s\u00e9bum, de la desquamation ou de l&#8217;accumulation de r\u00e9sidus. Le r\u00e9sultat : des cheveux propres et purifi\u00e9s, avec plus de corps, plus de brillance et visiblement plus sains d\u00e8s la premi\u00e8re application. <\/p>\n<p class=\"p1\"><b>Double action en un seul traitement :<\/b><br \/>\n Detox<b>:<\/b> \u00e9limine les impuret\u00e9s, exfolie et oxyg\u00e8ne le cuir chevelu, favorisant une croissance plus saine et plus forte.<br \/>\n<b>Anti-\u00e2ge :<\/b> r\u00e9pare et reconstitue la fibre capillaire, scelle la cuticule pour des cheveux plus nourris, plus brillants et plus soyeux.<\/p>\n<p class=\"p1\"><b>Comprend 4 produits compl\u00e9mentaires :<\/b><\/p>\n<ul class=\"ul1\">\n<li class=\"li1\"><b>Shampooing d\u00e9tox :<\/b> nettoie en profondeur et \u00e9quilibre.<\/li>\n<li class=\"li1\"><b>Masque D\u00e9tox :<\/b> L\u00e9g\u00e8re nutrition et douceur imm\u00e9diate.<\/li>\n<li class=\"li1\"><b>S\u00e9rum Detox :<\/b> brillance, protection et effet anti-\u00e2ge.<\/li>\n<li class=\"li1\"><b>Traitement de choc :<\/b> dose unique intensive pour renouveler les cheveux en profondeur toutes les 3 \u00e0 4 semaines.<\/li>\n<\/ul>\n<p class=\"p1\"><b>Utilisation recommand\u00e9e :<\/b><br \/>\nVous pouvez int\u00e9grer le shampooing, le masque et le s\u00e9rum \u00e0 votre routine quotidienne ou les alterner tous les 2 ou 3 jours. Le Traitement de choc est indiqu\u00e9 pour une fr\u00e9quence mensuelle, mais peut \u00eatre adapt\u00e9 aux besoins sp\u00e9cifiques des cheveux sans aucun inconv\u00e9nient. <\/p>\n","protected":false},"excerpt":{"rendered":"<p>D\u00e9toxifiez, revitalisez et renouvelez vos cheveux.<\/p>\n","protected":false},"featured_media":28509,"comment_status":"closed","ping_status":"closed","template":"","meta":{"_acf_changed":false},"product_brand":[],"product_cat":[254,213],"product_tag":[],"class_list":{"0":"post-29986","1":"product","2":"type-product","3":"status-publish","4":"has-post-thumbnail","6":"product_cat-desintoxication","7":"product_cat-traitements-capillaires","9":"first","10":"instock","11":"taxable","12":"shipping-taxable","13":"product-type-simple"},"acf":[],"_links":{"self":[{"href":"https:\/\/arual.com\/fr\/wp-json\/wp\/v2\/product\/29986","targetHints":{"allow":["GET"]}}],"collection":[{"href":"https:\/\/arual.com\/fr\/wp-json\/wp\/v2\/product"}],"about":[{"href":"https:\/\/arual.com\/fr\/wp-json\/wp\/v2\/types\/product"}],"replies":[{"embeddable":true,"href":"https:\/\/arual.com\/fr\/wp-json\/wp\/v2\/comments?post=29986"}],"version-history":[{"count":4,"href":"https:\/\/arual.com\/fr\/wp-json\/wp\/v2\/product\/29986\/revisions"}],"predecessor-version":[{"id":32598,"href":"https:\/\/arual.com\/fr\/wp-json\/wp\/v2\/product\/29986\/revisions\/32598"}],"wp:featuredmedia":[{"embeddable":true,"href":"https:\/\/arual.com\/fr\/wp-json\/wp\/v2\/media\/28509"}],"wp:attachment":[{"href":"https:\/\/arual.com\/fr\/wp-json\/wp\/v2\/media?parent=29986"}],"wp:term":[{"taxonomy":"product_brand","embeddable":true,"href":"https:\/\/arual.com\/fr\/wp-json\/wp\/v2\/product_brand?post=29986"},{"taxonomy":"product_cat","embeddable":true,"href":"https:\/\/arual.com\/fr\/wp-json\/wp\/v2\/product_cat?post=29986"},{"taxonomy":"product_tag","embeddable":true,"href":"https:\/\/arual.com\/fr\/wp-json\/wp\/v2\/product_tag?post=29986"}],"curies":[{"name":"wp","href":"https:\/\/api.w.org\/{rel}","templated":true}]}}