{"id":29985,"date":"2025-05-26T15:17:42","date_gmt":"2025-05-26T15:17:42","guid":{"rendered":"https:\/\/arual.silo101.com\/producto\/traitement-de-desintoxication-par-choc-dose-unique\/"},"modified":"2026-01-14T11:13:25","modified_gmt":"2026-01-14T11:13:25","slug":"traitement-de-desintoxication-par-choc-dose-unique","status":"publish","type":"product","link":"https:\/\/arual.com\/fr\/produit\/traitement-de-desintoxication-par-choc-dose-unique\/","title":{"rendered":"Detox Traitement Choc &#8211; Monodose"},"content":{"rendered":"<p class=\"p1\">Le <b>Traitement Choc Detox<\/b> est l&#8217;\u00e9tape intensive et r\u00e9g\u00e9n\u00e9ratrice de la routine Detox, con\u00e7u pour restaurer en profondeur le cuir chevelu et la fibre capillaire. Sa formule haute concentration combine des extraits naturels, des acides amin\u00e9s essentiels et des actifs hydratants qui revitalisent le cuir chevelu, stimulent l&#8217;oxyg\u00e9nation cellulaire et fortifient les cheveux depuis la racine. <\/p>\n<p class=\"p1\">\u00c0 chaque application, il apporte un effet calmant, \u00e9quilibrant et tonifiant, laissant les cheveux visiblement plus sains, denses et avec un \u00e9clat naturel. Id\u00e9al comme traitement de choc apr\u00e8s des p\u00e9riodes de chute, de fatigue capillaire ou de stress, ou comme renforcement apr\u00e8s des services techniques agressifs. <\/p>\n<p class=\"p1\">Ce traitement est un alli\u00e9 parfait au sein de la ligne Detox pour celles et ceux qui recherchent un <i>reset<\/i> complet<span class=\"Apple-converted-space\">  <\/span>pour leurs cheveux et leur cuir chevelu, et pour leur redonner leur meilleure version.<\/p>\n","protected":false},"excerpt":{"rendered":"<p>D\u00e9toxifiez, revitalisez et renouvelez vos cheveux.<\/p>\n","protected":false},"featured_media":29565,"comment_status":"closed","ping_status":"closed","template":"","meta":{"_acf_changed":false},"product_brand":[],"product_cat":[254,213],"product_tag":[],"class_list":{"0":"post-29985","1":"product","2":"type-product","3":"status-publish","4":"has-post-thumbnail","6":"product_cat-desintoxication","7":"product_cat-traitements-capillaires","9":"first","10":"instock","11":"taxable","12":"shipping-taxable","13":"product-type-simple"},"acf":[],"_links":{"self":[{"href":"https:\/\/arual.com\/fr\/wp-json\/wp\/v2\/product\/29985","targetHints":{"allow":["GET"]}}],"collection":[{"href":"https:\/\/arual.com\/fr\/wp-json\/wp\/v2\/product"}],"about":[{"href":"https:\/\/arual.com\/fr\/wp-json\/wp\/v2\/types\/product"}],"replies":[{"embeddable":true,"href":"https:\/\/arual.com\/fr\/wp-json\/wp\/v2\/comments?post=29985"}],"version-history":[{"count":3,"href":"https:\/\/arual.com\/fr\/wp-json\/wp\/v2\/product\/29985\/revisions"}],"predecessor-version":[{"id":32597,"href":"https:\/\/arual.com\/fr\/wp-json\/wp\/v2\/product\/29985\/revisions\/32597"}],"wp:featuredmedia":[{"embeddable":true,"href":"https:\/\/arual.com\/fr\/wp-json\/wp\/v2\/media\/29565"}],"wp:attachment":[{"href":"https:\/\/arual.com\/fr\/wp-json\/wp\/v2\/media?parent=29985"}],"wp:term":[{"taxonomy":"product_brand","embeddable":true,"href":"https:\/\/arual.com\/fr\/wp-json\/wp\/v2\/product_brand?post=29985"},{"taxonomy":"product_cat","embeddable":true,"href":"https:\/\/arual.com\/fr\/wp-json\/wp\/v2\/product_cat?post=29985"},{"taxonomy":"product_tag","embeddable":true,"href":"https:\/\/arual.com\/fr\/wp-json\/wp\/v2\/product_tag?post=29985"}],"curies":[{"name":"wp","href":"https:\/\/api.w.org\/{rel}","templated":true}]}}