{"id":29977,"date":"2025-05-26T15:17:42","date_gmt":"2025-05-26T15:17:42","guid":{"rendered":"https:\/\/arual.silo101.com\/producto\/serum-detox-anti-age\/"},"modified":"2026-01-13T15:46:53","modified_gmt":"2026-01-13T15:46:53","slug":"serum-detox-anti-age","status":"publish","type":"product","link":"https:\/\/arual.com\/fr\/produit\/serum-detox-anti-age\/","title":{"rendered":"S\u00e9rum D\u00e9tox Anti-\u00c2ge"},"content":{"rendered":"<p>Avantages&nbsp;:<\/p>\n","protected":false},"excerpt":{"rendered":"<p>D\u00e9toxifiez, revitalisez et renouvelez vos cheveux.<\/p>\n","protected":false},"featured_media":28521,"comment_status":"closed","ping_status":"closed","template":"","meta":{"_acf_changed":false},"product_brand":[],"product_cat":[254,213],"product_tag":[],"class_list":{"0":"post-29977","1":"product","2":"type-product","3":"status-publish","4":"has-post-thumbnail","6":"product_cat-desintoxication","7":"product_cat-traitements-capillaires","9":"first","10":"instock","11":"taxable","12":"shipping-taxable","13":"product-type-simple"},"acf":[],"_links":{"self":[{"href":"https:\/\/arual.com\/fr\/wp-json\/wp\/v2\/product\/29977","targetHints":{"allow":["GET"]}}],"collection":[{"href":"https:\/\/arual.com\/fr\/wp-json\/wp\/v2\/product"}],"about":[{"href":"https:\/\/arual.com\/fr\/wp-json\/wp\/v2\/types\/product"}],"replies":[{"embeddable":true,"href":"https:\/\/arual.com\/fr\/wp-json\/wp\/v2\/comments?post=29977"}],"version-history":[{"count":3,"href":"https:\/\/arual.com\/fr\/wp-json\/wp\/v2\/product\/29977\/revisions"}],"predecessor-version":[{"id":32582,"href":"https:\/\/arual.com\/fr\/wp-json\/wp\/v2\/product\/29977\/revisions\/32582"}],"wp:featuredmedia":[{"embeddable":true,"href":"https:\/\/arual.com\/fr\/wp-json\/wp\/v2\/media\/28521"}],"wp:attachment":[{"href":"https:\/\/arual.com\/fr\/wp-json\/wp\/v2\/media?parent=29977"}],"wp:term":[{"taxonomy":"product_brand","embeddable":true,"href":"https:\/\/arual.com\/fr\/wp-json\/wp\/v2\/product_brand?post=29977"},{"taxonomy":"product_cat","embeddable":true,"href":"https:\/\/arual.com\/fr\/wp-json\/wp\/v2\/product_cat?post=29977"},{"taxonomy":"product_tag","embeddable":true,"href":"https:\/\/arual.com\/fr\/wp-json\/wp\/v2\/product_tag?post=29977"}],"curies":[{"name":"wp","href":"https:\/\/api.w.org\/{rel}","templated":true}]}}