{"id":29970,"date":"2025-05-26T15:17:42","date_gmt":"2025-05-26T15:17:42","guid":{"rendered":"https:\/\/arual.silo101.com\/producto\/masque-detox-anti-age\/"},"modified":"2026-01-14T11:17:09","modified_gmt":"2026-01-14T11:17:09","slug":"masque-detox-anti-age","status":"publish","type":"product","link":"https:\/\/arual.com\/fr\/produit\/masque-detox-anti-age\/","title":{"rendered":"Masque D\u00e9tox Anti-\u00c2ge"},"content":{"rendered":"<p class=\"p1\"><b>Nutrition intensive, \u00e9quilibre et renouvellement capillaire.<\/b><\/p>\n<p class=\"p1\">Le <b>Masque D\u00e9tox Anti-\u00c2ge<\/b> fait partie du traitement professionnel D\u00e9tox d&#8217;Arual, une ligne d\u00e9velopp\u00e9e pour combattre les effets de la pollution, du stress et de l&#8217;accumulation de r\u00e9sidus qui affectent la sant\u00e9 des cheveux. Ce masque agit comme un traitement r\u00e9parateur profond qui r\u00e9\u00e9quilibre la fibre capillaire apr\u00e8s le nettoyage <i>d\u00e9tox<\/i>, offrant des r\u00e9sultats visibles d\u00e8s la premi\u00e8re application. <\/p>\n<p class=\"p1\">Gr\u00e2ce \u00e0 sa combinaison d&#8217;<b>actifs naturels aux propri\u00e9t\u00e9s revitalisantes, hydratantes et apaisantes<\/b>, il procure une nutrition profonde sans alourdir, laissant les cheveux plus forts, brillants et faciles \u00e0 coiffer. Sa texture cr\u00e9meuse enveloppe les cheveux en douceur et facilite le d\u00e9m\u00ealage, tout en agissant sur le cuir chevelu pour apporter confort et fra\u00eecheur. <\/p>\n<p class=\"p1\">Id\u00e9al pour tous les types de cheveux, en particulier ceux qui pr\u00e9sentent des signes de fatigue, de s\u00e9cheresse ou de manque de brillance. Son utilisation continue potentialise les effets du rituel D\u00e9tox complet d&#8217;Arual, laissant les cheveux visiblement plus sains, souples et pleins de vie. <\/p>\n","protected":false},"excerpt":{"rendered":"<p>D\u00e9toxifiez, revitalisez et renouvelez vos cheveux.<\/p>\n","protected":false},"featured_media":28548,"comment_status":"closed","ping_status":"closed","template":"","meta":{"_acf_changed":false},"product_brand":[],"product_cat":[254,213],"product_tag":[],"class_list":{"0":"post-29970","1":"product","2":"type-product","3":"status-publish","4":"has-post-thumbnail","6":"product_cat-desintoxication","7":"product_cat-traitements-capillaires","9":"first","10":"instock","11":"taxable","12":"shipping-taxable","13":"product-type-variable"},"acf":[],"_links":{"self":[{"href":"https:\/\/arual.com\/fr\/wp-json\/wp\/v2\/product\/29970","targetHints":{"allow":["GET"]}}],"collection":[{"href":"https:\/\/arual.com\/fr\/wp-json\/wp\/v2\/product"}],"about":[{"href":"https:\/\/arual.com\/fr\/wp-json\/wp\/v2\/types\/product"}],"replies":[{"embeddable":true,"href":"https:\/\/arual.com\/fr\/wp-json\/wp\/v2\/comments?post=29970"}],"version-history":[{"count":3,"href":"https:\/\/arual.com\/fr\/wp-json\/wp\/v2\/product\/29970\/revisions"}],"predecessor-version":[{"id":32626,"href":"https:\/\/arual.com\/fr\/wp-json\/wp\/v2\/product\/29970\/revisions\/32626"}],"wp:featuredmedia":[{"embeddable":true,"href":"https:\/\/arual.com\/fr\/wp-json\/wp\/v2\/media\/28548"}],"wp:attachment":[{"href":"https:\/\/arual.com\/fr\/wp-json\/wp\/v2\/media?parent=29970"}],"wp:term":[{"taxonomy":"product_brand","embeddable":true,"href":"https:\/\/arual.com\/fr\/wp-json\/wp\/v2\/product_brand?post=29970"},{"taxonomy":"product_cat","embeddable":true,"href":"https:\/\/arual.com\/fr\/wp-json\/wp\/v2\/product_cat?post=29970"},{"taxonomy":"product_tag","embeddable":true,"href":"https:\/\/arual.com\/fr\/wp-json\/wp\/v2\/product_tag?post=29970"}],"curies":[{"name":"wp","href":"https:\/\/api.w.org\/{rel}","templated":true}]}}