{"id":29952,"date":"2025-05-26T15:17:42","date_gmt":"2025-05-26T15:17:42","guid":{"rendered":"https:\/\/arual.silo101.com\/producto\/shampooing-a-la-keratine\/"},"modified":"2026-01-13T15:46:52","modified_gmt":"2026-01-13T15:46:52","slug":"shampooing-a-la-keratine","status":"publish","type":"product","link":"https:\/\/arual.com\/fr\/produit\/shampooing-a-la-keratine\/","title":{"rendered":"Shampooing pour traitement \u00e0 la k\u00e9ratine"},"content":{"rendered":"<p class=\"p1\">Shampoing traitant formul\u00e9 pour fortifier et r\u00e9parer les cheveux faibles, cassants et sans force. Il apporte r\u00e9sistance, \u00e9lasticit\u00e9 et am\u00e9liore la qualit\u00e9 de la fibre capillaire. <\/p>\n","protected":false},"excerpt":{"rendered":"<p class=\"p1\">Shampoing traitant formul\u00e9 pour fortifier et r\u00e9parer les cheveux faibles, cassants et sans force. Il apporte r\u00e9sistance, \u00e9lasticit\u00e9 et am\u00e9liore la qualit\u00e9 de la fibre capillaire. <\/p>\n","protected":false},"featured_media":32301,"comment_status":"closed","ping_status":"closed","template":"","meta":{"_acf_changed":false},"product_brand":[],"product_cat":[250,213],"product_tag":[],"class_list":{"0":"post-29952","1":"product","2":"type-product","3":"status-publish","4":"has-post-thumbnail","6":"product_cat-chute","7":"product_cat-traitements-capillaires","9":"first","10":"instock","11":"taxable","12":"shipping-taxable","13":"product-type-variable"},"acf":[],"_links":{"self":[{"href":"https:\/\/arual.com\/fr\/wp-json\/wp\/v2\/product\/29952","targetHints":{"allow":["GET"]}}],"collection":[{"href":"https:\/\/arual.com\/fr\/wp-json\/wp\/v2\/product"}],"about":[{"href":"https:\/\/arual.com\/fr\/wp-json\/wp\/v2\/types\/product"}],"replies":[{"embeddable":true,"href":"https:\/\/arual.com\/fr\/wp-json\/wp\/v2\/comments?post=29952"}],"version-history":[{"count":3,"href":"https:\/\/arual.com\/fr\/wp-json\/wp\/v2\/product\/29952\/revisions"}],"predecessor-version":[{"id":32581,"href":"https:\/\/arual.com\/fr\/wp-json\/wp\/v2\/product\/29952\/revisions\/32581"}],"wp:featuredmedia":[{"embeddable":true,"href":"https:\/\/arual.com\/fr\/wp-json\/wp\/v2\/media\/32301"}],"wp:attachment":[{"href":"https:\/\/arual.com\/fr\/wp-json\/wp\/v2\/media?parent=29952"}],"wp:term":[{"taxonomy":"product_brand","embeddable":true,"href":"https:\/\/arual.com\/fr\/wp-json\/wp\/v2\/product_brand?post=29952"},{"taxonomy":"product_cat","embeddable":true,"href":"https:\/\/arual.com\/fr\/wp-json\/wp\/v2\/product_cat?post=29952"},{"taxonomy":"product_tag","embeddable":true,"href":"https:\/\/arual.com\/fr\/wp-json\/wp\/v2\/product_tag?post=29952"}],"curies":[{"name":"wp","href":"https:\/\/api.w.org\/{rel}","templated":true}]}}