{"id":29947,"date":"2025-05-26T15:17:42","date_gmt":"2025-05-26T15:17:42","guid":{"rendered":"https:\/\/arual.silo101.com\/producto\/regenerateur-8-keratine\/"},"modified":"2026-01-14T11:14:23","modified_gmt":"2026-01-14T11:14:23","slug":"regenerateur-8-keratine","status":"publish","type":"product","link":"https:\/\/arual.com\/fr\/produit\/regenerateur-8-keratine\/","title":{"rendered":"Ampoules R\u00e9g\u00e9n\u00e9ratrices de K\u00e9ratine \u2013 Pack 8 \/ Pack 36"},"content":{"rendered":"<p class=\"p1\">Ampoules R\u00e9g\u00e9n\u00e9ratrices \u00e0 usage intensif con\u00e7ues pour fortifier le cuir chevelu et les cheveux affaiblis. Leur formule concentr\u00e9e agit directement \u00e0 la racine, revitalisant les cheveux et am\u00e9liorant leur r\u00e9sistance face \u00e0 la chute. <\/p>\n","protected":false},"excerpt":{"rendered":"<p class=\"p1\">Ampoules R\u00e9g\u00e9n\u00e9ratrices \u00e0 usage intensif con\u00e7ues pour fortifier le cuir chevelu et les cheveux affaiblis. Leur formule concentr\u00e9e agit directement \u00e0 la racine, revitalisant les cheveux et am\u00e9liorant leur r\u00e9sistance face \u00e0 la chute. <\/p>\n","protected":false},"featured_media":32326,"comment_status":"closed","ping_status":"closed","template":"","meta":{"_acf_changed":false},"product_brand":[],"product_cat":[250,248,213],"product_tag":[],"class_list":{"0":"post-29947","1":"product","2":"type-product","3":"status-publish","4":"has-post-thumbnail","6":"product_cat-chute","7":"product_cat-meilleures-ventes","8":"product_cat-traitements-capillaires","10":"first","11":"instock","12":"taxable","13":"shipping-taxable","14":"product-type-variable"},"acf":[],"_links":{"self":[{"href":"https:\/\/arual.com\/fr\/wp-json\/wp\/v2\/product\/29947","targetHints":{"allow":["GET"]}}],"collection":[{"href":"https:\/\/arual.com\/fr\/wp-json\/wp\/v2\/product"}],"about":[{"href":"https:\/\/arual.com\/fr\/wp-json\/wp\/v2\/types\/product"}],"replies":[{"embeddable":true,"href":"https:\/\/arual.com\/fr\/wp-json\/wp\/v2\/comments?post=29947"}],"version-history":[{"count":4,"href":"https:\/\/arual.com\/fr\/wp-json\/wp\/v2\/product\/29947\/revisions"}],"predecessor-version":[{"id":32602,"href":"https:\/\/arual.com\/fr\/wp-json\/wp\/v2\/product\/29947\/revisions\/32602"}],"wp:featuredmedia":[{"embeddable":true,"href":"https:\/\/arual.com\/fr\/wp-json\/wp\/v2\/media\/32326"}],"wp:attachment":[{"href":"https:\/\/arual.com\/fr\/wp-json\/wp\/v2\/media?parent=29947"}],"wp:term":[{"taxonomy":"product_brand","embeddable":true,"href":"https:\/\/arual.com\/fr\/wp-json\/wp\/v2\/product_brand?post=29947"},{"taxonomy":"product_cat","embeddable":true,"href":"https:\/\/arual.com\/fr\/wp-json\/wp\/v2\/product_cat?post=29947"},{"taxonomy":"product_tag","embeddable":true,"href":"https:\/\/arual.com\/fr\/wp-json\/wp\/v2\/product_tag?post=29947"}],"curies":[{"name":"wp","href":"https:\/\/api.w.org\/{rel}","templated":true}]}}