{"id":29941,"date":"2025-05-26T15:17:42","date_gmt":"2025-05-26T15:17:42","guid":{"rendered":"https:\/\/arual.silo101.com\/producto\/pack-shampooing-et-ampoules-a-la-keratine\/"},"modified":"2026-01-14T11:14:49","modified_gmt":"2026-01-14T11:14:49","slug":"pack-shampooing-et-ampoules-a-la-keratine","status":"publish","type":"product","link":"https:\/\/arual.com\/fr\/produit\/pack-shampooing-et-ampoules-a-la-keratine\/","title":{"rendered":"Soin \u00e0 la k\u00e9ratine \u2013 Pack Shampooing et Ampoules R\u00e9g\u00e9n\u00e9ratrices"},"content":{"rendered":"<p class=\"p1\">Pack traitant complet sp\u00e9cialement con\u00e7u pour le soin des cheveux faibles, cassants et sans force. La combinaison du shampooing traitant et des ampoules r\u00e9g\u00e9n\u00e9ratrices agit de mani\u00e8re synergique, en fortifiant les cheveux de la racine \u00e0 la fibre capillaire. <\/p>\n","protected":false},"excerpt":{"rendered":"<p class=\"p1\">Pack traitant complet sp\u00e9cialement con\u00e7u pour le soin des cheveux faibles, cassants et sans force. La combinaison du shampooing traitant et des ampoules r\u00e9g\u00e9n\u00e9ratrices agit de mani\u00e8re synergique, en fortifiant les cheveux de la racine \u00e0 la fibre capillaire. <\/p>\n","protected":false},"featured_media":32317,"comment_status":"closed","ping_status":"closed","template":"","meta":{"_acf_changed":false},"product_brand":[],"product_cat":[250,213],"product_tag":[],"class_list":{"0":"post-29941","1":"product","2":"type-product","3":"status-publish","4":"has-post-thumbnail","6":"product_cat-chute","7":"product_cat-traitements-capillaires","9":"first","10":"instock","11":"taxable","12":"shipping-taxable","13":"product-type-simple"},"acf":[],"_links":{"self":[{"href":"https:\/\/arual.com\/fr\/wp-json\/wp\/v2\/product\/29941","targetHints":{"allow":["GET"]}}],"collection":[{"href":"https:\/\/arual.com\/fr\/wp-json\/wp\/v2\/product"}],"about":[{"href":"https:\/\/arual.com\/fr\/wp-json\/wp\/v2\/types\/product"}],"replies":[{"embeddable":true,"href":"https:\/\/arual.com\/fr\/wp-json\/wp\/v2\/comments?post=29941"}],"version-history":[{"count":3,"href":"https:\/\/arual.com\/fr\/wp-json\/wp\/v2\/product\/29941\/revisions"}],"predecessor-version":[{"id":32609,"href":"https:\/\/arual.com\/fr\/wp-json\/wp\/v2\/product\/29941\/revisions\/32609"}],"wp:featuredmedia":[{"embeddable":true,"href":"https:\/\/arual.com\/fr\/wp-json\/wp\/v2\/media\/32317"}],"wp:attachment":[{"href":"https:\/\/arual.com\/fr\/wp-json\/wp\/v2\/media?parent=29941"}],"wp:term":[{"taxonomy":"product_brand","embeddable":true,"href":"https:\/\/arual.com\/fr\/wp-json\/wp\/v2\/product_brand?post=29941"},{"taxonomy":"product_cat","embeddable":true,"href":"https:\/\/arual.com\/fr\/wp-json\/wp\/v2\/product_cat?post=29941"},{"taxonomy":"product_tag","embeddable":true,"href":"https:\/\/arual.com\/fr\/wp-json\/wp\/v2\/product_tag?post=29941"}],"curies":[{"name":"wp","href":"https:\/\/api.w.org\/{rel}","templated":true}]}}