{"id":29938,"date":"2025-05-26T15:17:22","date_gmt":"2025-05-26T15:17:22","guid":{"rendered":"https:\/\/arual.silo101.com\/producto\/arual-creme-au-the-vert-30ml\/"},"modified":"2025-06-24T16:32:32","modified_gmt":"2025-06-24T16:32:32","slug":"arual-creme-au-the-vert-30ml","status":"publish","type":"product","link":"https:\/\/arual.com\/fr\/produit\/arual-creme-au-the-vert-30ml\/","title":{"rendered":"Arual Cr\u00e8me au th\u00e9 vert 30ml"},"content":{"rendered":"<p>B\u00e9n\u00e9fices : Hydratation intensive des mains et du corps avec un parfum frais de th\u00e9 vert.<\/p>\n","protected":false},"excerpt":{"rendered":"<p>La cr\u00e8me Arual, \u00ab d&#8217;une vie \u00bb avec un nouveau parfum de th\u00e9 vert. Soulagement imm\u00e9diat des mains s\u00e8ches, sous-aliment\u00e9es et gerc\u00e9es. Cr\u00e8me soyeuse et non grasse.  <\/p>\n","protected":false},"featured_media":28374,"comment_status":"closed","ping_status":"closed","template":"","meta":{"_acf_changed":false},"product_brand":[],"product_cat":[220,239,241,248,221,224],"product_tag":[],"class_list":{"0":"post-29938","1":"product","2":"type-product","3":"status-publish","4":"has-post-thumbnail","6":"product_cat-esthetique","7":"product_cat-mains","8":"product_cat-mains-seches-et-sous-alimentees","9":"product_cat-meilleures-ventes","10":"product_cat-soins","11":"product_cat-traitements","13":"first","14":"instock","15":"product-type-simple"},"acf":[],"_links":{"self":[{"href":"https:\/\/arual.com\/fr\/wp-json\/wp\/v2\/product\/29938","targetHints":{"allow":["GET"]}}],"collection":[{"href":"https:\/\/arual.com\/fr\/wp-json\/wp\/v2\/product"}],"about":[{"href":"https:\/\/arual.com\/fr\/wp-json\/wp\/v2\/types\/product"}],"replies":[{"embeddable":true,"href":"https:\/\/arual.com\/fr\/wp-json\/wp\/v2\/comments?post=29938"}],"version-history":[{"count":1,"href":"https:\/\/arual.com\/fr\/wp-json\/wp\/v2\/product\/29938\/revisions"}],"predecessor-version":[{"id":30652,"href":"https:\/\/arual.com\/fr\/wp-json\/wp\/v2\/product\/29938\/revisions\/30652"}],"wp:featuredmedia":[{"embeddable":true,"href":"https:\/\/arual.com\/fr\/wp-json\/wp\/v2\/media\/28374"}],"wp:attachment":[{"href":"https:\/\/arual.com\/fr\/wp-json\/wp\/v2\/media?parent=29938"}],"wp:term":[{"taxonomy":"product_brand","embeddable":true,"href":"https:\/\/arual.com\/fr\/wp-json\/wp\/v2\/product_brand?post=29938"},{"taxonomy":"product_cat","embeddable":true,"href":"https:\/\/arual.com\/fr\/wp-json\/wp\/v2\/product_cat?post=29938"},{"taxonomy":"product_tag","embeddable":true,"href":"https:\/\/arual.com\/fr\/wp-json\/wp\/v2\/product_tag?post=29938"}],"curies":[{"name":"wp","href":"https:\/\/api.w.org\/{rel}","templated":true}]}}