{"id":29929,"date":"2025-05-26T15:17:22","date_gmt":"2025-05-26T15:17:22","guid":{"rendered":"https:\/\/arual.silo101.com\/producto\/arual-classic-cream-30ml\/"},"modified":"2026-01-14T11:15:23","modified_gmt":"2026-01-14T11:15:23","slug":"arual-classic-cream-30ml","status":"publish","type":"product","link":"https:\/\/arual.com\/fr\/produit\/arual-classic-cream-30ml\/","title":{"rendered":"Cr\u00e8me Arual Classique"},"content":{"rendered":"<p>Bienfaits&nbsp;: Cr\u00e8me hydratante classique pour les mains, le corps et le visage, avec de multiples usages quotidiens.<\/p>\n","protected":false},"excerpt":{"rendered":"<p>La Cr\u00e8me Arual, \u00ab&nbsp;de toujours&nbsp;\u00bb. Soulagement imm\u00e9diat pour les mains s\u00e8ches, d\u00e9nutries et craquel\u00e9es. Cr\u00e8me soyeuse et non grasse.  <\/p>\n","protected":false},"featured_media":32242,"comment_status":"closed","ping_status":"closed","template":"","meta":{"_acf_changed":false},"product_brand":[],"product_cat":[220,239,241,248,221,224],"product_tag":[],"class_list":{"0":"post-29929","1":"product","2":"type-product","3":"status-publish","4":"has-post-thumbnail","6":"product_cat-esthetique","7":"product_cat-mains","8":"product_cat-mains-seches-et-sous-alimentees","9":"product_cat-meilleures-ventes","10":"product_cat-soins","11":"product_cat-traitements","13":"first","14":"instock","15":"taxable","16":"shipping-taxable","17":"product-type-variable"},"acf":[],"_links":{"self":[{"href":"https:\/\/arual.com\/fr\/wp-json\/wp\/v2\/product\/29929","targetHints":{"allow":["GET"]}}],"collection":[{"href":"https:\/\/arual.com\/fr\/wp-json\/wp\/v2\/product"}],"about":[{"href":"https:\/\/arual.com\/fr\/wp-json\/wp\/v2\/types\/product"}],"replies":[{"embeddable":true,"href":"https:\/\/arual.com\/fr\/wp-json\/wp\/v2\/comments?post=29929"}],"version-history":[{"count":3,"href":"https:\/\/arual.com\/fr\/wp-json\/wp\/v2\/product\/29929\/revisions"}],"predecessor-version":[{"id":32613,"href":"https:\/\/arual.com\/fr\/wp-json\/wp\/v2\/product\/29929\/revisions\/32613"}],"wp:featuredmedia":[{"embeddable":true,"href":"https:\/\/arual.com\/fr\/wp-json\/wp\/v2\/media\/32242"}],"wp:attachment":[{"href":"https:\/\/arual.com\/fr\/wp-json\/wp\/v2\/media?parent=29929"}],"wp:term":[{"taxonomy":"product_brand","embeddable":true,"href":"https:\/\/arual.com\/fr\/wp-json\/wp\/v2\/product_brand?post=29929"},{"taxonomy":"product_cat","embeddable":true,"href":"https:\/\/arual.com\/fr\/wp-json\/wp\/v2\/product_cat?post=29929"},{"taxonomy":"product_tag","embeddable":true,"href":"https:\/\/arual.com\/fr\/wp-json\/wp\/v2\/product_tag?post=29929"}],"curies":[{"name":"wp","href":"https:\/\/api.w.org\/{rel}","templated":true}]}}