{"id":29924,"date":"2025-05-26T15:17:22","date_gmt":"2025-05-26T15:17:22","guid":{"rendered":"https:\/\/arual.silo101.com\/producto\/argent-pas-de-masque-jaune\/"},"modified":"2026-01-14T11:16:44","modified_gmt":"2026-01-14T11:16:44","slug":"argent-pas-de-masque-jaune","status":"publish","type":"product","link":"https:\/\/arual.com\/fr\/produit\/argent-pas-de-masque-jaune\/","title":{"rendered":"Silver Mascarilla &#8211; No Yellow"},"content":{"rendered":"<p>Con\u00e7ue sp\u00e9cialement pour les cheveux blonds, gris, m\u00e9ch\u00e9s ou blancs, elle offre une solution efficace pour neutraliser les tons jaunes et orang\u00e9s ind\u00e9sirables.<\/p>\n<p>Gr\u00e2ce \u00e0 sa formule avanc\u00e9e, elle \u00e9limine les nuances chaudes, laissant un blond plus froid et un blanc plus \u00e9clatant et naturel. Ce masque agit en profondeur sur la fibre capillaire, restaurant la fra\u00eecheur de la couleur et lui redonnant de l&#8217;\u00e9clat sans dess\u00e9cher les cheveux. Id\u00e9al pour celles et ceux qui cherchent \u00e0 conserver une couleur pure et \u00e9clatante, le Masque Silver est le soin parfait pour arborer des cheveux sans tons ind\u00e9sirables.  <\/p>\n<p>Test\u00e9 en laboratoire pour garantir son efficacit\u00e9.<\/p>\n","protected":false},"excerpt":{"rendered":"<p>Corrige la couleur, respecte vos cheveux. Pigments violets et 1,2 % de vitamine B5. <\/p>\n","protected":false},"featured_media":29535,"comment_status":"closed","ping_status":"closed","template":"","meta":{"_acf_changed":false},"product_brand":[],"product_cat":[219,213],"product_tag":[],"class_list":{"0":"post-29924","1":"product","2":"type-product","3":"status-publish","4":"has-post-thumbnail","6":"product_cat-blanc-et-ou-decolore","7":"product_cat-traitements-capillaires","9":"first","10":"instock","11":"taxable","12":"shipping-taxable","13":"product-type-variable"},"acf":[],"_links":{"self":[{"href":"https:\/\/arual.com\/fr\/wp-json\/wp\/v2\/product\/29924","targetHints":{"allow":["GET"]}}],"collection":[{"href":"https:\/\/arual.com\/fr\/wp-json\/wp\/v2\/product"}],"about":[{"href":"https:\/\/arual.com\/fr\/wp-json\/wp\/v2\/types\/product"}],"replies":[{"embeddable":true,"href":"https:\/\/arual.com\/fr\/wp-json\/wp\/v2\/comments?post=29924"}],"version-history":[{"count":3,"href":"https:\/\/arual.com\/fr\/wp-json\/wp\/v2\/product\/29924\/revisions"}],"predecessor-version":[{"id":32623,"href":"https:\/\/arual.com\/fr\/wp-json\/wp\/v2\/product\/29924\/revisions\/32623"}],"wp:featuredmedia":[{"embeddable":true,"href":"https:\/\/arual.com\/fr\/wp-json\/wp\/v2\/media\/29535"}],"wp:attachment":[{"href":"https:\/\/arual.com\/fr\/wp-json\/wp\/v2\/media?parent=29924"}],"wp:term":[{"taxonomy":"product_brand","embeddable":true,"href":"https:\/\/arual.com\/fr\/wp-json\/wp\/v2\/product_brand?post=29924"},{"taxonomy":"product_cat","embeddable":true,"href":"https:\/\/arual.com\/fr\/wp-json\/wp\/v2\/product_cat?post=29924"},{"taxonomy":"product_tag","embeddable":true,"href":"https:\/\/arual.com\/fr\/wp-json\/wp\/v2\/product_tag?post=29924"}],"curies":[{"name":"wp","href":"https:\/\/api.w.org\/{rel}","templated":true}]}}