{"id":29916,"date":"2025-05-26T15:17:22","date_gmt":"2025-05-26T15:17:22","guid":{"rendered":"https:\/\/arual.silo101.com\/producto\/creme-pour-le-corps-500ml\/"},"modified":"2026-01-14T11:13:40","modified_gmt":"2026-01-14T11:13:40","slug":"creme-pour-le-corps-500ml","status":"publish","type":"product","link":"https:\/\/arual.com\/fr\/produit\/creme-pour-le-corps-500ml\/","title":{"rendered":"Cr\u00e8me corporelle"},"content":{"rendered":"<p><strong>Cr\u00e8me corporelle Arual, con\u00e7ue \u00e0 partir de la Cr\u00e8me Arual Classique. <\/strong>Texture l\u00e9g\u00e8re \u00e0 absorption imm\u00e9diate. Parfaite pour un usage quotidien. Indiqu\u00e9e pour tous les types de peau. Hautement hydratante et nourrissante. B\u00e9n\u00e9ficiez des propri\u00e9t\u00e9s de ses ingr\u00e9dients actifs naturels. La Rose Musqu\u00e9e adoucit les vergetures et minimise les taches, le Beurre de Karit\u00e9 r\u00e9g\u00e9n\u00e8re et r\u00e9pare, l&#8217;Aloe Vera r\u00e9duit les cicatrices et la Lanolin hydrate en profondeur. Obtenez une peau douce, uniforme, lumineuse et laissez-vous enivrer par son <strong>\u00e9l\u00e9gant parfum d&#8217;orchid\u00e9es.<\/strong>      <\/p>\n","protected":false},"excerpt":{"rendered":"<p>Hautement hydratante et adoucissante, pour un usage quotidien et indiqu\u00e9e pour tous les types de peau. Con\u00e7ue \u00e0 partir de la Cr\u00e8me Arual Classique, mais avec une texture plus fluide, ce qui favorise une absorption imm\u00e9diate et rapide. <\/p>\n","protected":false},"featured_media":28380,"comment_status":"closed","ping_status":"closed","template":"","meta":{"_acf_changed":false},"product_brand":[],"product_cat":[226,223,220,248,221,224],"product_tag":[],"class_list":{"0":"post-29916","1":"product","2":"type-product","3":"status-publish","4":"has-post-thumbnail","6":"product_cat-corps-hydratation-maximale","7":"product_cat-corps","8":"product_cat-esthetique","9":"product_cat-meilleures-ventes","10":"product_cat-soins","11":"product_cat-traitements","13":"first","14":"instock","15":"taxable","16":"shipping-taxable","17":"product-type-simple"},"acf":[],"_links":{"self":[{"href":"https:\/\/arual.com\/fr\/wp-json\/wp\/v2\/product\/29916","targetHints":{"allow":["GET"]}}],"collection":[{"href":"https:\/\/arual.com\/fr\/wp-json\/wp\/v2\/product"}],"about":[{"href":"https:\/\/arual.com\/fr\/wp-json\/wp\/v2\/types\/product"}],"replies":[{"embeddable":true,"href":"https:\/\/arual.com\/fr\/wp-json\/wp\/v2\/comments?post=29916"}],"version-history":[{"count":3,"href":"https:\/\/arual.com\/fr\/wp-json\/wp\/v2\/product\/29916\/revisions"}],"predecessor-version":[{"id":32601,"href":"https:\/\/arual.com\/fr\/wp-json\/wp\/v2\/product\/29916\/revisions\/32601"}],"wp:featuredmedia":[{"embeddable":true,"href":"https:\/\/arual.com\/fr\/wp-json\/wp\/v2\/media\/28380"}],"wp:attachment":[{"href":"https:\/\/arual.com\/fr\/wp-json\/wp\/v2\/media?parent=29916"}],"wp:term":[{"taxonomy":"product_brand","embeddable":true,"href":"https:\/\/arual.com\/fr\/wp-json\/wp\/v2\/product_brand?post=29916"},{"taxonomy":"product_cat","embeddable":true,"href":"https:\/\/arual.com\/fr\/wp-json\/wp\/v2\/product_cat?post=29916"},{"taxonomy":"product_tag","embeddable":true,"href":"https:\/\/arual.com\/fr\/wp-json\/wp\/v2\/product_tag?post=29916"}],"curies":[{"name":"wp","href":"https:\/\/api.w.org\/{rel}","templated":true}]}}