{"id":29913,"date":"2025-05-26T15:17:22","date_gmt":"2025-05-26T15:17:22","guid":{"rendered":"https:\/\/arual.silo101.com\/producto\/shampooing-argente-pas-de-jaune\/"},"modified":"2026-01-14T11:17:37","modified_gmt":"2026-01-14T11:17:37","slug":"shampooing-argente-pas-de-jaune","status":"publish","type":"product","link":"https:\/\/arual.com\/fr\/produit\/shampooing-argente-pas-de-jaune\/","title":{"rendered":"Silver Shampooing &#8211; No Yellow"},"content":{"rendered":"<p>Avantages&nbsp;:<br \/>\nSp\u00e9cialement formul\u00e9 pour les cheveux blonds, gris, m\u00e9ch\u00e9s ou blancs, offrant une solution efficace pour neutraliser les tons jaunes et orang\u00e9s ind\u00e9sirables qui apparaissent souvent sur ces types de cheveux.<br \/>\nGr\u00e2ce \u00e0 sa formule avanc\u00e9e, il \u00e9limine efficacement les nuances chaudes, laissant un blond plus froid et un blanc plus \u00e9clatant et naturel. Ce shampooing agit en profondeur pour \u00e9liminer les tons jaun\u00e2tres et orang\u00e9s, restaurant la fra\u00eecheur et l&#8217;\u00e9clat de la couleur, sans endommager la fibre capillaire. Id\u00e9al pour celles et ceux qui souhaitent conserver une couleur pure et sans alt\u00e9ration, le Shampooing Silver est l&#8217;option parfaite pour afficher des cheveux radieux et sans tons ind\u00e9sirables.  <\/p>\n","protected":false},"excerpt":{"rendered":"<p>Corrige la couleur, respecte vos cheveux. Pigments violets et 1,2 % de vitamine B5. <\/p>\n","protected":false},"featured_media":28383,"comment_status":"closed","ping_status":"closed","template":"","meta":{"_acf_changed":false},"product_brand":[],"product_cat":[219,218,213],"product_tag":[],"class_list":{"0":"post-29913","1":"product","2":"type-product","3":"status-publish","4":"has-post-thumbnail","6":"product_cat-blanc-et-ou-decolore","7":"product_cat-coiffure","8":"product_cat-traitements-capillaires","10":"first","11":"instock","12":"taxable","13":"shipping-taxable","14":"product-type-variable"},"acf":[],"_links":{"self":[{"href":"https:\/\/arual.com\/fr\/wp-json\/wp\/v2\/product\/29913","targetHints":{"allow":["GET"]}}],"collection":[{"href":"https:\/\/arual.com\/fr\/wp-json\/wp\/v2\/product"}],"about":[{"href":"https:\/\/arual.com\/fr\/wp-json\/wp\/v2\/types\/product"}],"replies":[{"embeddable":true,"href":"https:\/\/arual.com\/fr\/wp-json\/wp\/v2\/comments?post=29913"}],"version-history":[{"count":2,"href":"https:\/\/arual.com\/fr\/wp-json\/wp\/v2\/product\/29913\/revisions"}],"predecessor-version":[{"id":32630,"href":"https:\/\/arual.com\/fr\/wp-json\/wp\/v2\/product\/29913\/revisions\/32630"}],"wp:featuredmedia":[{"embeddable":true,"href":"https:\/\/arual.com\/fr\/wp-json\/wp\/v2\/media\/28383"}],"wp:attachment":[{"href":"https:\/\/arual.com\/fr\/wp-json\/wp\/v2\/media?parent=29913"}],"wp:term":[{"taxonomy":"product_brand","embeddable":true,"href":"https:\/\/arual.com\/fr\/wp-json\/wp\/v2\/product_brand?post=29913"},{"taxonomy":"product_cat","embeddable":true,"href":"https:\/\/arual.com\/fr\/wp-json\/wp\/v2\/product_cat?post=29913"},{"taxonomy":"product_tag","embeddable":true,"href":"https:\/\/arual.com\/fr\/wp-json\/wp\/v2\/product_tag?post=29913"}],"curies":[{"name":"wp","href":"https:\/\/api.w.org\/{rel}","templated":true}]}}