{"id":29905,"date":"2025-05-26T15:17:22","date_gmt":"2025-05-26T15:17:22","guid":{"rendered":"https:\/\/arual.silo101.com\/producto\/spray-sans-rincage-frizz-solution\/"},"modified":"2026-01-14T11:17:59","modified_gmt":"2026-01-14T11:17:59","slug":"spray-sans-rincage-frizz-solution","status":"publish","type":"product","link":"https:\/\/arual.com\/fr\/produit\/spray-sans-rincage-frizz-solution\/","title":{"rendered":"Spray sans rin\u00e7age Frizz Solution"},"content":{"rendered":"<p class=\"p1\"><b>Protection thermique<\/b> : forme une couche protectrice autour de chaque fibre capillaire, prot\u00e9geant les cheveux des dommages caus\u00e9s par les outils de coiffage chauffants et les facteurs environnementaux.<\/p>\n<p class=\"p1\"><b>Contr\u00f4le prolong\u00e9 des frisottis<\/b> : sa formule avanc\u00e9e offre une protection durable contre les frisottis, gardant les cheveux lisses et brillants m\u00eame dans des conditions d&#8217;humidit\u00e9 \u00e9lev\u00e9e.<\/p>\n<p class=\"p1\"><b>Action cumulative<\/b> : avec une utilisation continue, la structure des cheveux s&#8217;am\u00e9liore visiblement, r\u00e9duisant progressivement les frisottis. Par cons\u00e9quent, l&#8217;utilisation du fer \u00e0 lisser sera de moins en moins n\u00e9cessaire pour obtenir une finition lisse, car les cheveux restent plus disciplin\u00e9s, doux et contr\u00f4l\u00e9s. <\/p>\n","protected":false},"excerpt":{"rendered":"<p>Spray puissance maximale, contr\u00f4le maximal&nbsp;: 6,5&nbsp;% de complexe antifrisottis et 1,5&nbsp;% de niacinamide.<\/p>\n","protected":false},"featured_media":32221,"comment_status":"closed","ping_status":"closed","template":"","meta":{"_acf_changed":false},"product_brand":[],"product_cat":[215,248,213],"product_tag":[],"class_list":{"0":"post-29905","1":"product","2":"type-product","3":"status-publish","4":"has-post-thumbnail","6":"product_cat-frisottis","7":"product_cat-meilleures-ventes","8":"product_cat-traitements-capillaires","10":"first","11":"instock","12":"taxable","13":"shipping-taxable","14":"product-type-simple"},"acf":[],"_links":{"self":[{"href":"https:\/\/arual.com\/fr\/wp-json\/wp\/v2\/product\/29905","targetHints":{"allow":["GET"]}}],"collection":[{"href":"https:\/\/arual.com\/fr\/wp-json\/wp\/v2\/product"}],"about":[{"href":"https:\/\/arual.com\/fr\/wp-json\/wp\/v2\/types\/product"}],"replies":[{"embeddable":true,"href":"https:\/\/arual.com\/fr\/wp-json\/wp\/v2\/comments?post=29905"}],"version-history":[{"count":2,"href":"https:\/\/arual.com\/fr\/wp-json\/wp\/v2\/product\/29905\/revisions"}],"predecessor-version":[{"id":32633,"href":"https:\/\/arual.com\/fr\/wp-json\/wp\/v2\/product\/29905\/revisions\/32633"}],"wp:featuredmedia":[{"embeddable":true,"href":"https:\/\/arual.com\/fr\/wp-json\/wp\/v2\/media\/32221"}],"wp:attachment":[{"href":"https:\/\/arual.com\/fr\/wp-json\/wp\/v2\/media?parent=29905"}],"wp:term":[{"taxonomy":"product_brand","embeddable":true,"href":"https:\/\/arual.com\/fr\/wp-json\/wp\/v2\/product_brand?post=29905"},{"taxonomy":"product_cat","embeddable":true,"href":"https:\/\/arual.com\/fr\/wp-json\/wp\/v2\/product_cat?post=29905"},{"taxonomy":"product_tag","embeddable":true,"href":"https:\/\/arual.com\/fr\/wp-json\/wp\/v2\/product_tag?post=29905"}],"curies":[{"name":"wp","href":"https:\/\/api.w.org\/{rel}","templated":true}]}}