{"id":29902,"date":"2025-05-26T15:17:22","date_gmt":"2025-05-26T15:17:22","guid":{"rendered":"https:\/\/arual.silo101.com\/producto\/shampooing-solution-frisottis\/"},"modified":"2026-01-14T11:16:56","modified_gmt":"2026-01-14T11:16:56","slug":"shampooing-solution-frisottis","status":"publish","type":"product","link":"https:\/\/arual.com\/fr\/produit\/shampooing-solution-frisottis\/","title":{"rendered":"Frizz Solution Shampooing"},"content":{"rendered":"<p class=\"p1\"><b>Nettoyage et Hydratation<\/b> : La glyc\u00e9rine agit comme humectant, attirant et retenant l&#8217;humidit\u00e9 dans les cheveux pour les maintenir hydrat\u00e9s et r\u00e9duire les frisottis.<\/p>\n<p class=\"p1\"><b>Contr\u00f4le des Frisottis<\/b> : Le Complexe Antifrizz adoucit la cuticule du cheveu, r\u00e9duisant les frisottis et offrant une texture plus facile \u00e0 coiffer.<\/p>\n<p class=\"p1\">La gamme Solution Antifrizz d\u2019Arual est con\u00e7ue pour lutter efficacement contre les frisottis, en procurant une hydratation profonde et une protection thermique. L\u2019association d\u2019ingr\u00e9dients actifs (complexe Antifrizz, niacinamide et glyc\u00e9rine) offre des avantages sp\u00e9cifiques pour am\u00e9liorer la texture et l\u2019apparence des cheveux. <\/p>\n","protected":false},"excerpt":{"rendered":"<p>Puissance maximale, contr\u00f4le maximal&nbsp;: 1,5&nbsp;% de complexe Antifrizz et 2&nbsp;% de glyc\u00e9rine.<\/p>\n","protected":false},"featured_media":33124,"comment_status":"closed","ping_status":"closed","template":"","meta":{"_acf_changed":false},"product_brand":[],"product_cat":[215,213],"product_tag":[],"class_list":{"0":"post-29902","1":"product","2":"type-product","3":"status-publish","4":"has-post-thumbnail","6":"product_cat-frisottis","7":"product_cat-traitements-capillaires","9":"first","10":"instock","11":"taxable","12":"shipping-taxable","13":"product-type-variable"},"acf":[],"_links":{"self":[{"href":"https:\/\/arual.com\/fr\/wp-json\/wp\/v2\/product\/29902","targetHints":{"allow":["GET"]}}],"collection":[{"href":"https:\/\/arual.com\/fr\/wp-json\/wp\/v2\/product"}],"about":[{"href":"https:\/\/arual.com\/fr\/wp-json\/wp\/v2\/types\/product"}],"replies":[{"embeddable":true,"href":"https:\/\/arual.com\/fr\/wp-json\/wp\/v2\/comments?post=29902"}],"version-history":[{"count":2,"href":"https:\/\/arual.com\/fr\/wp-json\/wp\/v2\/product\/29902\/revisions"}],"predecessor-version":[{"id":32624,"href":"https:\/\/arual.com\/fr\/wp-json\/wp\/v2\/product\/29902\/revisions\/32624"}],"wp:featuredmedia":[{"embeddable":true,"href":"https:\/\/arual.com\/fr\/wp-json\/wp\/v2\/media\/33124"}],"wp:attachment":[{"href":"https:\/\/arual.com\/fr\/wp-json\/wp\/v2\/media?parent=29902"}],"wp:term":[{"taxonomy":"product_brand","embeddable":true,"href":"https:\/\/arual.com\/fr\/wp-json\/wp\/v2\/product_brand?post=29902"},{"taxonomy":"product_cat","embeddable":true,"href":"https:\/\/arual.com\/fr\/wp-json\/wp\/v2\/product_cat?post=29902"},{"taxonomy":"product_tag","embeddable":true,"href":"https:\/\/arual.com\/fr\/wp-json\/wp\/v2\/product_tag?post=29902"}],"curies":[{"name":"wp","href":"https:\/\/api.w.org\/{rel}","templated":true}]}}