{"id":29890,"date":"2025-05-26T15:17:22","date_gmt":"2025-05-26T15:17:22","guid":{"rendered":"https:\/\/arual.silo101.com\/producto\/apres-shampooing-frizz-solution\/"},"modified":"2026-01-14T11:15:34","modified_gmt":"2026-01-14T11:15:34","slug":"apres-shampooing-frizz-solution","status":"publish","type":"product","link":"https:\/\/arual.com\/fr\/produit\/apres-shampooing-frizz-solution\/","title":{"rendered":"Frizz Solution Apr\u00e8s-shampoing"},"content":{"rendered":"<p class=\"p1\"><b>Nutrition Intensive<\/b>&nbsp;: La niacinamide renforce la barri\u00e8re lipidique des cheveux, am\u00e9liorant ainsi leur \u00e9lasticit\u00e9 et leur r\u00e9sistance \u00e0 la casse.<\/p>\n<p class=\"p1\"><b>Booster<\/b>&nbsp;: Agit comme un \u00ab&nbsp;booster&nbsp;\u00bb, offrant une dose concentr\u00e9e de nutriments qui revitalisent les cheveux, les laissant plus doux et brillants.<\/p>\n<p class=\"p1\">La gamme Solution Antifrizz d\u2019Arual est con\u00e7ue pour lutter efficacement contre les frisottis, en procurant une hydratation profonde et une protection thermique. L\u2019association d\u2019ingr\u00e9dients actifs (complexe Antifrizz, niacinamide et glyc\u00e9rine) offre des avantages sp\u00e9cifiques pour am\u00e9liorer la texture et l\u2019apparence des cheveux. <\/p>\n","protected":false},"excerpt":{"rendered":"<p>Puissance maximale, contr\u00f4le maximal&nbsp;: 1,5&nbsp;% Complexe Antifrizz &amp; 1,5&nbsp;% de niacinamide.<\/p>\n","protected":false},"featured_media":29571,"comment_status":"closed","ping_status":"closed","template":"","meta":{"_acf_changed":false},"product_brand":[],"product_cat":[215,213],"product_tag":[],"class_list":{"0":"post-29890","1":"product","2":"type-product","3":"status-publish","4":"has-post-thumbnail","6":"product_cat-frisottis","7":"product_cat-traitements-capillaires","9":"first","10":"instock","11":"taxable","12":"shipping-taxable","13":"product-type-variable"},"acf":[],"_links":{"self":[{"href":"https:\/\/arual.com\/fr\/wp-json\/wp\/v2\/product\/29890","targetHints":{"allow":["GET"]}}],"collection":[{"href":"https:\/\/arual.com\/fr\/wp-json\/wp\/v2\/product"}],"about":[{"href":"https:\/\/arual.com\/fr\/wp-json\/wp\/v2\/types\/product"}],"replies":[{"embeddable":true,"href":"https:\/\/arual.com\/fr\/wp-json\/wp\/v2\/comments?post=29890"}],"version-history":[{"count":3,"href":"https:\/\/arual.com\/fr\/wp-json\/wp\/v2\/product\/29890\/revisions"}],"predecessor-version":[{"id":32615,"href":"https:\/\/arual.com\/fr\/wp-json\/wp\/v2\/product\/29890\/revisions\/32615"}],"wp:featuredmedia":[{"embeddable":true,"href":"https:\/\/arual.com\/fr\/wp-json\/wp\/v2\/media\/29571"}],"wp:attachment":[{"href":"https:\/\/arual.com\/fr\/wp-json\/wp\/v2\/media?parent=29890"}],"wp:term":[{"taxonomy":"product_brand","embeddable":true,"href":"https:\/\/arual.com\/fr\/wp-json\/wp\/v2\/product_brand?post=29890"},{"taxonomy":"product_cat","embeddable":true,"href":"https:\/\/arual.com\/fr\/wp-json\/wp\/v2\/product_cat?post=29890"},{"taxonomy":"product_tag","embeddable":true,"href":"https:\/\/arual.com\/fr\/wp-json\/wp\/v2\/product_tag?post=29890"}],"curies":[{"name":"wp","href":"https:\/\/api.w.org\/{rel}","templated":true}]}}