{"id":29889,"date":"2025-05-26T15:17:22","date_gmt":"2025-05-26T15:17:22","guid":{"rendered":"https:\/\/arual.silo101.com\/producto\/shampooing-colour-care\/"},"modified":"2026-01-14T11:15:44","modified_gmt":"2026-01-14T11:15:44","slug":"shampooing-colour-care","status":"publish","type":"product","link":"https:\/\/arual.com\/fr\/produit\/shampooing-colour-care\/","title":{"rendered":"Shampoing Color Care"},"content":{"rendered":"<p class=\"p1\"><b>Le Shampoing Color Care<\/b> est soigneusement formul\u00e9 pour offrir une solution compl\u00e8te aux soins des <b>cheveux color\u00e9s et d\u00e9color\u00e9s<\/b>, en offrant une <b>protection sup\u00e9rieure de la couleur<\/b>. Sa formule exclusive agit directement sur la fibre capillaire pour pr\u00e9server l&#8217;intensit\u00e9 de la couleur et am\u00e9liorer visiblement l&#8217;\u00e9tat g\u00e9n\u00e9ral des cheveux trait\u00e9s chimiquement. <\/p>\n<p class=\"p1\">Gr\u00e2ce \u00e0 l&#8217;incorporation de <b>2 % de Color Protect Complex<\/b> et de <b>0,6 % d&#8217;acides amin\u00e9s<\/b>, ce shampoing aide \u00e0 <b>prolonger la dur\u00e9e de la couleur<\/b>, tout en <b>renfor\u00e7ant la fibre capillaire<\/b> de l&#8217;int\u00e9rieur. Les acides amin\u00e9s restaurent la structure naturelle des cheveux, am\u00e9liorent leur r\u00e9sistance et apportent une douceur soyeuse. Le complexe protecteur, quant \u00e0 lui, r\u00e9duit la d\u00e9coloration caus\u00e9e par le lavage, la chaleur ou l&#8217;exposition au soleil, en conservant une chevelure d&#8217;aspect <b>\u00e9clatant, brillant et sain<\/b> plus longtemps.  <\/p>\n<p class=\"p1\">De plus, son <b>pH l\u00e9g\u00e8rement acide, entre 4,5 et 5,5<\/b>, est sp\u00e9cialement indiqu\u00e9 pour ce type de cheveux, car il <b>scelle la cuticule<\/b> et \u00e9vite la perte de pigment. Cette action favorise une texture plus douce, une brillance accrue et une plus grande durabilit\u00e9 de la couleur. Le r\u00e9sultat est un cheveu prot\u00e9g\u00e9, lumineux et dont la couleur reste fra\u00eeche plus longtemps apr\u00e8s chaque lavage.  <\/p>\n","protected":false},"excerpt":{"rendered":"<p>La formule qui prend soin de votre couleur de l&#8217;int\u00e9rieur et de l&#8217;ext\u00e9rieur.<\/p>\n","protected":false},"featured_media":28464,"comment_status":"closed","ping_status":"closed","template":"","meta":{"_acf_changed":false},"product_brand":[],"product_cat":[214,213],"product_tag":[],"class_list":{"0":"post-29889","1":"product","2":"type-product","3":"status-publish","4":"has-post-thumbnail","6":"product_cat-teinte","7":"product_cat-traitements-capillaires","9":"first","10":"instock","11":"taxable","12":"shipping-taxable","13":"product-type-variable"},"acf":[],"_links":{"self":[{"href":"https:\/\/arual.com\/fr\/wp-json\/wp\/v2\/product\/29889","targetHints":{"allow":["GET"]}}],"collection":[{"href":"https:\/\/arual.com\/fr\/wp-json\/wp\/v2\/product"}],"about":[{"href":"https:\/\/arual.com\/fr\/wp-json\/wp\/v2\/types\/product"}],"replies":[{"embeddable":true,"href":"https:\/\/arual.com\/fr\/wp-json\/wp\/v2\/comments?post=29889"}],"version-history":[{"count":2,"href":"https:\/\/arual.com\/fr\/wp-json\/wp\/v2\/product\/29889\/revisions"}],"predecessor-version":[{"id":32616,"href":"https:\/\/arual.com\/fr\/wp-json\/wp\/v2\/product\/29889\/revisions\/32616"}],"wp:featuredmedia":[{"embeddable":true,"href":"https:\/\/arual.com\/fr\/wp-json\/wp\/v2\/media\/28464"}],"wp:attachment":[{"href":"https:\/\/arual.com\/fr\/wp-json\/wp\/v2\/media?parent=29889"}],"wp:term":[{"taxonomy":"product_brand","embeddable":true,"href":"https:\/\/arual.com\/fr\/wp-json\/wp\/v2\/product_brand?post=29889"},{"taxonomy":"product_cat","embeddable":true,"href":"https:\/\/arual.com\/fr\/wp-json\/wp\/v2\/product_cat?post=29889"},{"taxonomy":"product_tag","embeddable":true,"href":"https:\/\/arual.com\/fr\/wp-json\/wp\/v2\/product_tag?post=29889"}],"curies":[{"name":"wp","href":"https:\/\/api.w.org\/{rel}","templated":true}]}}