{"id":30856,"date":"2025-06-30T13:47:15","date_gmt":"2025-06-30T13:47:15","guid":{"rendered":"https:\/\/arual.silo101.com\/politique-en-matiere-de-cookies\/"},"modified":"2026-01-13T08:21:41","modified_gmt":"2026-01-13T08:21:41","slug":"politique-en-matiere-de-cookies","status":"publish","type":"page","link":"https:\/\/arual.com\/fr\/politique-en-matiere-de-cookies\/","title":{"rendered":"Politique de cookies"},"content":{"rendered":"\t\t<div data-elementor-type=\"wp-page\" data-elementor-id=\"30856\" class=\"elementor elementor-30856 elementor-30828\" data-elementor-post-type=\"page\">\n\t\t\t\t<div class=\"elementor-element elementor-element-dca763a e-flex e-con-boxed e-con e-parent\" data-id=\"dca763a\" data-element_type=\"container\" data-e-type=\"container\">\n\t\t\t\t\t<div class=\"e-con-inner\">\n\t\t\t\t<div class=\"elementor-element elementor-element-d6a9a60 elementor-widget elementor-widget-heading\" data-id=\"d6a9a60\" data-element_type=\"widget\" data-e-type=\"widget\" data-widget_type=\"heading.default\">\n\t\t\t\t<div class=\"elementor-widget-container\">\n\t\t\t\t\t<h2 class=\"elementor-heading-title elementor-size-default\">Politique de cookies<\/h2>\t\t\t\t<\/div>\n\t\t\t\t<\/div>\n\t\t\t\t<div class=\"elementor-element elementor-element-e14b334 elementor-widget elementor-widget-text-editor\" data-id=\"e14b334\" data-element_type=\"widget\" data-e-type=\"widget\" data-widget_type=\"text-editor.default\">\n\t\t\t\t<div class=\"elementor-widget-container\">\n\t\t\t\t\t\t\t\t\t<main class=\"content home\"><div class=\"generic-content\"><div class=\"container\"><p>Ce site web utilise des cookies pour am\u00e9liorer l\u2019exp\u00e9rience de l\u2019utilisateur. Vous trouverez ci-dessous des informations sur les cookies que nous utilisons et tous les d\u00e9tails sur ce qu\u2019est un cookie et \u00e0 quoi il sert. <\/p><p><strong>Que sont les cookies et \u00e0 quoi servent-ils ?<\/strong><\/p><p>Un \u00ab&nbsp;cookie&nbsp;\u00bb est un petit fichier qui est stock\u00e9 sur l\u2019ordinateur de l\u2019utilisateur, sa tablette, son smartphone ou tout autre appareil contenant des informations sur la navigation. Ils sont utilis\u00e9s pour que le site web puisse m\u00e9moriser des param\u00e8tres afin d\u2019adapter et d\u2019am\u00e9liorer votre exp\u00e9rience pendant que vous continuez \u00e0 naviguer. Les cookies stockent g\u00e9n\u00e9ralement des informations de nature technique, des pr\u00e9f\u00e9rences personnelles, la personnalisation du contenu, des statistiques d\u2019utilisation, des liens vers les r\u00e9seaux sociaux, l\u2019acc\u00e8s aux comptes d\u2019utilisateur, etc.  <\/p><p><strong>Quel type de cookies utilisons-nous&nbsp;?<\/strong><\/p><p>Notre site web utilise des cookies propres et de tiers, avec diff\u00e9rentes finalit\u00e9s, concr\u00e8tement&nbsp;:<\/p><p><strong>COOKIES PROPRES<\/strong><\/p><table width=\"100%\"><colgroup><col width=\"134\"><col width=\"233\"><col width=\"183\"><col width=\"97\"><\/colgroup><tbody><tr><td width=\"27%\"><p dir=\"ltr\">COOKIE<\/p><\/td><td><p dir=\"ltr\">FINALIT\u00c9<\/p><\/td><td><p dir=\"ltr\">DOMAINE<\/p><\/td><td><p dir=\"ltr\">EXPIRATION<\/p><\/td><\/tr><tr><td><p dir=\"ltr\">_icl_current_language<\/p><\/td><td><p dir=\"ltr\">Recueille la langue du site web dans laquelle l\u2019utilisateur navigue<\/p><\/td><td><p dir=\"ltr\">www.arual.com<\/p><\/td><td><p dir=\"ltr\">Session<\/p><\/td><\/tr><tr><td><p dir=\"ltr\">PHPSESSID<\/p><\/td><td><p dir=\"ltr\">Cookie technique, permet que les variables de SESSION soient enregistr\u00e9es sur le serveur web. N\u00e9cessaire au fonctionnement du site web. <\/p><\/td><td><p dir=\"ltr\">www.arual.com<\/p><\/td><td><p dir=\"ltr\">Session<\/p><\/td><\/tr><tr><td><p dir=\"ltr\">woocommerce_cart_hash<\/p><\/td><td><p dir=\"ltr\">Permet la fonctionnalit\u00e9 du panier d\u2019achat.<\/p><\/td><td><p dir=\"ltr\">www.arual.com<\/p><\/td><td><p dir=\"ltr\">Session<\/p><\/td><\/tr><tr><td><p dir=\"ltr\">woocommerce_items_in_cart<\/p><\/td><td><p dir=\"ltr\">Recueille si des produits ont \u00e9t\u00e9 ajout\u00e9s au panier.<\/p><\/td><td><p dir=\"ltr\">www.arual.com<\/p><\/td><td><p dir=\"ltr\">Session<\/p><\/td><\/tr><tr><td><p dir=\"ltr\">wp_woocommerce_session<\/p><\/td><td><p dir=\"ltr\">Identifiant unique d\u2019utilisateur.<\/p><\/td><td><p dir=\"ltr\">www.arual.com<\/p><\/td><td><p dir=\"ltr\">2&nbsp;jours<\/p><\/td><\/tr><\/tbody><\/table><p><strong>COOKIES DE TIERS<\/strong><\/p><table width=\"100%\"><tbody><tr><td width=\"95\">COOKIE<\/td><td width=\"74\">FINALIDAD<\/td><td width=\"74\">CADUCIDAD<\/td><\/tr><tr><td width=\"95\"><strong>_gid<\/strong><\/td><td width=\"74\">Se usa para distinguir a los usuarios.<\/td><td width=\"74\">24 horas<\/td><\/tr><tr><td width=\"95\"><strong>_ga<\/strong><\/td><td width=\"74\">Cookie utilizada por Google Analytics que contiene un identificador an\u00f3nimo usado para distinguir usuarios.<\/td><td width=\"74\">2 a\u00f1os<\/td><\/tr><tr><td width=\"95\"><strong>_gat<\/strong><\/td><td width=\"74\">Se usa para diferenciar entre los diferentes objetos de seguimiento creados en la sesi\u00f3n.<br>La cookie se crea al cargar la librer\u00eda javascript y no existe una versi\u00f3n previa de la cookie _gat. La cookie se actualiza cada vez que env\u00eda los datos a Google Analytics <\/td><td width=\"74\">10&nbsp;minutos desde creaci\u00f3n o modificaci\u00f3n<\/td><\/tr><\/tbody><\/table><p><strong>Consentement<\/strong><\/p><p>En naviguant et en continuant sur notre site web, vous consentez \u00e0 l\u2019utilisation des cookies susmentionn\u00e9s, dans les conditions contenues dans la pr\u00e9sente politique de cookies. De m\u00eame, nous vous rappelons que nous ne pouvons \u00eatre tenus responsables ni du contenu ni de la v\u00e9racit\u00e9 des politiques de confidentialit\u00e9 que d\u2019autres fournisseurs (tiers) peuvent avoir. <\/p><\/div><\/div><\/main><footer><\/footer>\t\t\t\t\t\t\t\t<\/div>\n\t\t\t\t<\/div>\n\t\t\t\t\t<\/div>\n\t\t\t\t<\/div>\n\t\t\t\t<\/div>\n\t\t","protected":false},"excerpt":{"rendered":"<p>Politique de cookies Ce site web utilise des cookies pour am\u00e9liorer l\u2019exp\u00e9rience de l\u2019utilisateur. Vous trouverez ci-dessous des informations sur les cookies que nous utilisons et tous les d\u00e9tails sur ce qu\u2019est un cookie et \u00e0 quoi il sert. Que sont les cookies et \u00e0 quoi servent-ils ? Un \u00ab&nbsp;cookie&nbsp;\u00bb est un petit fichier qui [&hellip;]<\/p>\n","protected":false},"author":1,"featured_media":0,"parent":0,"menu_order":0,"comment_status":"closed","ping_status":"closed","template":"","meta":{"_acf_changed":false,"footnotes":""},"class_list":["post-30856","page","type-page","status-publish","hentry"],"acf":[],"_links":{"self":[{"href":"https:\/\/arual.com\/fr\/wp-json\/wp\/v2\/pages\/30856","targetHints":{"allow":["GET"]}}],"collection":[{"href":"https:\/\/arual.com\/fr\/wp-json\/wp\/v2\/pages"}],"about":[{"href":"https:\/\/arual.com\/fr\/wp-json\/wp\/v2\/types\/page"}],"author":[{"embeddable":true,"href":"https:\/\/arual.com\/fr\/wp-json\/wp\/v2\/users\/1"}],"replies":[{"embeddable":true,"href":"https:\/\/arual.com\/fr\/wp-json\/wp\/v2\/comments?post=30856"}],"version-history":[{"count":3,"href":"https:\/\/arual.com\/fr\/wp-json\/wp\/v2\/pages\/30856\/revisions"}],"predecessor-version":[{"id":32353,"href":"https:\/\/arual.com\/fr\/wp-json\/wp\/v2\/pages\/30856\/revisions\/32353"}],"wp:attachment":[{"href":"https:\/\/arual.com\/fr\/wp-json\/wp\/v2\/media?parent=30856"}],"curies":[{"name":"wp","href":"https:\/\/api.w.org\/{rel}","templated":true}]}}