{"id":30846,"date":"2025-06-30T13:48:33","date_gmt":"2025-06-30T13:48:33","guid":{"rendered":"https:\/\/arual.silo101.com\/avis-juridique\/"},"modified":"2026-01-13T08:21:59","modified_gmt":"2026-01-13T08:21:59","slug":"avis-juridique","status":"publish","type":"page","link":"https:\/\/arual.com\/fr\/avis-juridique\/","title":{"rendered":"Mentions l\u00e9gales"},"content":{"rendered":"\t\t<div data-elementor-type=\"wp-page\" data-elementor-id=\"30846\" class=\"elementor elementor-30846 elementor-30833\" data-elementor-post-type=\"page\">\n\t\t\t\t<div class=\"elementor-element elementor-element-dfe6757 e-flex e-con-boxed e-con e-parent\" data-id=\"dfe6757\" data-element_type=\"container\" data-e-type=\"container\">\n\t\t\t\t\t<div class=\"e-con-inner\">\n\t\t\t\t<div class=\"elementor-element elementor-element-7331c8e elementor-widget elementor-widget-heading\" data-id=\"7331c8e\" data-element_type=\"widget\" data-e-type=\"widget\" data-widget_type=\"heading.default\">\n\t\t\t\t<div class=\"elementor-widget-container\">\n\t\t\t\t\t<h2 class=\"elementor-heading-title elementor-size-default\">Mentions l\u00e9gales<\/h2>\t\t\t\t<\/div>\n\t\t\t\t<\/div>\n\t\t\t\t<div class=\"elementor-element elementor-element-ed4957c elementor-widget elementor-widget-text-editor\" data-id=\"ed4957c\" data-element_type=\"widget\" data-e-type=\"widget\" data-widget_type=\"text-editor.default\">\n\t\t\t\t<div class=\"elementor-widget-container\">\n\t\t\t\t\t\t\t\t\t<main class=\"content home\"><div class=\"generic-content\"><div class=\"container\"><p>Les pr\u00e9sentes mentions l\u00e9gales r\u00e9gissent les conditions d\u2019utilisation de ce site web dont l\u2019entreprise suivante est titulaire et responsable du fichier :<\/p><p>Productos de cosm\u00e9tica profesional S.L<\/p><p>Pol\u00edgono Industrial Ca N\u2019Estrella<\/p><p>C\/ Galileo 13. 08635 \u2013 <\/p><p>Sant Esteve Sesrovires.<\/p><p>Barcelone \u2013 Espagne.<\/p><p>CIF : B62967476<\/p><p>Registre du commerce de Barcelone, tome 34896, folio 1, page B-253899, Inscr. 1\u00e8re <\/p><p>L\u2019utilisation de ce site web <a href=\"https:\/\/www.arual.com\/\">www.arual.com<\/a> (ci-apr\u00e8s, le site web) requiert l\u2019acceptation expresse par l\u2019utilisateur de chacune des clauses indiqu\u00e9es dans les pr\u00e9sentes mentions l\u00e9gales, ainsi que de chacun des avertissements ou clauses pr\u00e9sents. L\u2019utilisation du site web implique l\u2019acceptation de chacune des conditions incluses dans ces mentions l\u00e9gales. <\/p><p>En cas de non-acceptation des clauses \u00e9tablies dans les pr\u00e9sentes mentions l\u00e9gales, l\u2019utilisateur devra s\u2019abstenir d\u2019acc\u00e9der et\/ou d\u2019utiliser les services et\/ou contenus mis \u00e0 sa disposition sur le site web.<\/p><p><strong>Utilisation du site web<\/strong><\/p><p>L\u2019utilisateur s\u2019engage \u00e0 ne pas utiliser le site web pour la r\u00e9alisation d\u2019activit\u00e9s contraires aux lois, \u00e0 la morale, \u00e0 l\u2019ordre public et, de mani\u00e8re g\u00e9n\u00e9rale, \u00e0 faire un usage conforme aux conditions \u00e9tablies dans les pr\u00e9sentes mentions l\u00e9gales. De m\u00eame, il s\u2019engage \u00e0 ne pas r\u00e9aliser d\u2019activit\u00e9s publicitaires ou d\u2019exploitation commerciale en envoyant des messages qui utilisent une fausse identit\u00e9. <\/p><p><strong>Propri\u00e9t\u00e9 intellectuelle et industrielle<\/strong><\/p><p>Productos de Cosm\u00e9tica Profesional S.L, se r\u00e9serve tous les droits de propri\u00e9t\u00e9 intellectuelle et industrielle sur tous les contenus du site, textes, images, marques, graphiques, logos, boutons, fichiers de logiciels, code source, combinaisons de couleurs, ainsi que la structure, la s\u00e9lection, l\u2019organisation et la pr\u00e9sentation de ses contenus, est prot\u00e9g\u00e9e par les lois sur la propri\u00e9t\u00e9 intellectuelle et industrielle, et sa reproduction, distribution, communication publique et transformation sont interdites, sauf consentement expr\u00e8s accord\u00e9 par Productos de Cosm\u00e9tica Profesional S.L.<\/p><p><strong>Responsabilit\u00e9s<\/strong><\/p><p><strong> <\/strong>Productos de Cosm\u00e9tica Profesional S.L n\u2019est pas responsable des contenus que les utilisateurs pourraient envoyer ou publier, l\u2019utilisateur \u00e9tant seul responsable de leur v\u00e9racit\u00e9 et de leur lic\u00e9it\u00e9.<\/p><p>Elle n\u2019est pas responsable de la qualit\u00e9 du service, de la vitesse d\u2019acc\u00e8s, du bon fonctionnement, ni de la disponibilit\u00e9 ni de la continuit\u00e9 du fonctionnement du site web.<\/p><p>Elle n\u2019est pas responsable des dommages qui pourraient \u00eatre caus\u00e9s aux \u00e9quipements des utilisateurs par l\u2019utilisation du site web, ni dans les cas o\u00f9 un tiers, de mani\u00e8re ill\u00e9gale et en d\u00e9passant les mesures de s\u00e9curit\u00e9, pourrait acc\u00e9der aux messages ou pour l\u2019envoi de virus informatiques.<\/p><p>Elle n\u2019est pas responsable de la lic\u00e9it\u00e9, de la fiabilit\u00e9 et de l\u2019utilit\u00e9 des contenus que les utilisateurs transmettent lors de l\u2019utilisation du site web ou des services qui y sont propos\u00e9s, ainsi que de leur v\u00e9racit\u00e9 ou de leur exactitude. Productos de Cosm\u00e9tica Profesional S.L ne contr\u00f4le pas l\u2019utilisation que les utilisateurs font du site web, ni ne garantit qu\u2019ils le font conform\u00e9ment aux dispositions des pr\u00e9sentes mentions. <\/p><p>Les mots de passe et les donn\u00e9es du compte attribu\u00e9s doivent \u00eatre personnels et non transf\u00e9rables, et par cons\u00e9quent, l\u2019utilisateur assume toute responsabilit\u00e9 \u00e0 cet \u00e9gard.<\/p><p><strong>Politique de confidentialit\u00e9 et de protection des donn\u00e9es<\/strong><\/p><p><strong> <\/strong>Productos de Cosm\u00e9tica Profesional S.L, informe que toutes les donn\u00e9es personnelles fournies par nos clients seront incorpor\u00e9es dans un fichier automatis\u00e9 ou manuel, ces donn\u00e9es \u00e9tant n\u00e9cessaires \u00e0 l\u2019ex\u00e9cution des fonctions.<\/p><p>Le titulaire des donn\u00e9es consent \u00e0 utiliser ses donn\u00e9es personnelles \u00e0 des fins commerciales, en pouvant envoyer des informations publicitaires li\u00e9es \u00e0 ses produits et services, afin de lui fournir la prestation contract\u00e9e\/demand\u00e9e. Notre politique de protection des donn\u00e9es \u00e0 l\u2019occasion de l\u2019entr\u00e9e en vigueur de la nouvelle l\u00e9gislation europ\u00e9enne et espagnole est r\u00e9gie par le R\u00e8glement G\u00e9n\u00e9ral sur la Protection des Donn\u00e9es (RGPD),<\/p><p>L\u2019int\u00e9ress\u00e9 pourra exercer ses droits d\u2019opposition, d\u2019acc\u00e8s, de rectification et d\u2019annulation concernant ses donn\u00e9es personnelles en s\u2019adressant par \u00e9crit \u00e0 Productos de Cosm\u00e9tica Profesional S.L<\/p><p><strong>L\u00e9gislation applicable et juridiction<\/strong><\/p><p>Les pr\u00e9sentes mentions l\u00e9gales sont soumises \u00e0 la l\u00e9gislation espagnole en vigueur. Pour tout type de controverse, les tribunaux comp\u00e9tents de Barcelone seront comp\u00e9tents. <\/p><\/div><\/div><\/main><footer><\/footer>\t\t\t\t\t\t\t\t<\/div>\n\t\t\t\t<\/div>\n\t\t\t\t\t<\/div>\n\t\t\t\t<\/div>\n\t\t\t\t<\/div>\n\t\t","protected":false},"excerpt":{"rendered":"<p>Mentions l\u00e9gales Les pr\u00e9sentes mentions l\u00e9gales r\u00e9gissent les conditions d\u2019utilisation de ce site web dont l\u2019entreprise suivante est titulaire et responsable du fichier : Productos de cosm\u00e9tica profesional S.L Pol\u00edgono Industrial Ca N\u2019Estrella C\/ Galileo 13. 08635 \u2013 Sant Esteve Sesrovires. Barcelone \u2013 Espagne. CIF : B62967476 Registre du commerce de Barcelone, tome 34896, folio [&hellip;]<\/p>\n","protected":false},"author":1,"featured_media":0,"parent":0,"menu_order":0,"comment_status":"closed","ping_status":"closed","template":"","meta":{"_acf_changed":false,"footnotes":""},"class_list":["post-30846","page","type-page","status-publish","hentry"],"acf":[],"_links":{"self":[{"href":"https:\/\/arual.com\/fr\/wp-json\/wp\/v2\/pages\/30846","targetHints":{"allow":["GET"]}}],"collection":[{"href":"https:\/\/arual.com\/fr\/wp-json\/wp\/v2\/pages"}],"about":[{"href":"https:\/\/arual.com\/fr\/wp-json\/wp\/v2\/types\/page"}],"author":[{"embeddable":true,"href":"https:\/\/arual.com\/fr\/wp-json\/wp\/v2\/users\/1"}],"replies":[{"embeddable":true,"href":"https:\/\/arual.com\/fr\/wp-json\/wp\/v2\/comments?post=30846"}],"version-history":[{"count":5,"href":"https:\/\/arual.com\/fr\/wp-json\/wp\/v2\/pages\/30846\/revisions"}],"predecessor-version":[{"id":32375,"href":"https:\/\/arual.com\/fr\/wp-json\/wp\/v2\/pages\/30846\/revisions\/32375"}],"wp:attachment":[{"href":"https:\/\/arual.com\/fr\/wp-json\/wp\/v2\/media?parent=30846"}],"curies":[{"name":"wp","href":"https:\/\/api.w.org\/{rel}","templated":true}]}}