{"id":29740,"date":"2025-03-30T11:24:15","date_gmt":"2025-03-30T11:24:15","guid":{"rendered":"https:\/\/arual.silo101.com\/arualisme\/"},"modified":"2026-01-13T08:21:50","modified_gmt":"2026-01-13T08:21:50","slug":"arualisme","status":"publish","type":"page","link":"https:\/\/arual.com\/fr\/arualisme\/","title":{"rendered":"Arualisme"},"content":{"rendered":"\t\t<div data-elementor-type=\"wp-page\" data-elementor-id=\"29740\" class=\"elementor elementor-29740 elementor-2276\" data-elementor-post-type=\"page\">\n\t\t\t\t<div class=\"elementor-element elementor-element-9a510f7 e-con-full e-flex e-con e-parent\" data-id=\"9a510f7\" data-element_type=\"container\" data-e-type=\"container\">\n\t\t\t\t<div class=\"elementor-element elementor-element-fce404c elementor-widget elementor-widget-heading\" data-id=\"fce404c\" data-element_type=\"widget\" data-e-type=\"widget\" data-widget_type=\"heading.default\">\n\t\t\t\t<div class=\"elementor-widget-container\">\n\t\t\t\t\t<h2 class=\"elementor-heading-title elementor-size-default\"><b>Arualism<\/b> \u2013 La beaut\u00e9 professionnelle honn\u00eate, depuis 1949.<\/h2>\t\t\t\t<\/div>\n\t\t\t\t<\/div>\n\t\t\t\t<\/div>\n\t\t<div class=\"elementor-element elementor-element-b0c73aa e-flex e-con-boxed e-con e-parent\" data-id=\"b0c73aa\" data-element_type=\"container\" data-e-type=\"container\">\n\t\t\t\t\t<div class=\"e-con-inner\">\n\t\t\t\t<div class=\"elementor-element elementor-element-4c5329b elementor-grid-3 elementor-grid-tablet-2 elementor-grid-mobile-1 elementor-posts--thumbnail-top elementor-widget elementor-widget-posts\" data-id=\"4c5329b\" data-element_type=\"widget\" data-e-type=\"widget\" data-settings=\"{&quot;pagination_type&quot;:&quot;numbers&quot;,&quot;classic_row_gap&quot;:{&quot;unit&quot;:&quot;px&quot;,&quot;size&quot;:40,&quot;sizes&quot;:[]},&quot;classic_columns&quot;:&quot;3&quot;,&quot;classic_columns_tablet&quot;:&quot;2&quot;,&quot;classic_columns_mobile&quot;:&quot;1&quot;,&quot;classic_row_gap_laptop&quot;:{&quot;unit&quot;:&quot;px&quot;,&quot;size&quot;:&quot;&quot;,&quot;sizes&quot;:[]},&quot;classic_row_gap_tablet&quot;:{&quot;unit&quot;:&quot;px&quot;,&quot;size&quot;:&quot;&quot;,&quot;sizes&quot;:[]},&quot;classic_row_gap_mobile&quot;:{&quot;unit&quot;:&quot;px&quot;,&quot;size&quot;:&quot;&quot;,&quot;sizes&quot;:[]}}\" data-widget_type=\"posts.classic\">\n\t\t\t\t<div class=\"elementor-widget-container\">\n\t\t\t\t\t\t\t<div class=\"elementor-posts-container elementor-posts elementor-posts--skin-classic elementor-grid\" role=\"list\">\n\t\t\t\t<article class=\"elementor-post elementor-grid-item post-29877 post type-post status-publish format-standard has-post-thumbnail hentry category-sans-categorie\" role=\"listitem\">\n\t\t\t\t<a class=\"elementor-post__thumbnail__link\" href=\"https:\/\/arual.com\/fr\/votre-routine-visage-toujours-avec-de-lacide-hyaluronique\/\" tabindex=\"-1\" >\n\t\t\t<div class=\"elementor-post__thumbnail\"><img fetchpriority=\"high\" decoding=\"async\" width=\"1928\" height=\"1928\" src=\"https:\/\/arual.com\/wp-content\/uploads\/2024\/11\/210201-Blog-Aguasarcfc.jpg\" class=\"attachment-full size-full wp-image-28305\" alt=\"\" srcset=\"https:\/\/arual.com\/wp-content\/uploads\/2024\/11\/210201-Blog-Aguasarcfc.jpg 1928w, https:\/\/arual.com\/wp-content\/uploads\/2024\/11\/210201-Blog-Aguasarcfc-300x300.jpg 300w, https:\/\/arual.com\/wp-content\/uploads\/2024\/11\/210201-Blog-Aguasarcfc-1024x1024.jpg 1024w, https:\/\/arual.com\/wp-content\/uploads\/2024\/11\/210201-Blog-Aguasarcfc-150x150.jpg 150w, https:\/\/arual.com\/wp-content\/uploads\/2024\/11\/210201-Blog-Aguasarcfc-768x768.jpg 768w, https:\/\/arual.com\/wp-content\/uploads\/2024\/11\/210201-Blog-Aguasarcfc-1536x1536.jpg 1536w, https:\/\/arual.com\/wp-content\/uploads\/2024\/11\/210201-Blog-Aguasarcfc-600x600.jpg 600w, https:\/\/arual.com\/wp-content\/uploads\/2024\/11\/210201-Blog-Aguasarcfc-100x100.jpg 100w\" sizes=\"(max-width: 1928px) 100vw, 1928px\" \/><\/div>\n\t\t<\/a>\n\t\t\t\t<div class=\"elementor-post__text\">\n\t\t\t\t<h3 class=\"elementor-post__title\">\n\t\t\t<a href=\"https:\/\/arual.com\/fr\/votre-routine-visage-toujours-avec-de-lacide-hyaluronique\/\" >\n\t\t\t\tVotre routine visage : toujours avec de l&#8217;acide hyaluronique\t\t\t<\/a>\n\t\t<\/h3>\n\t\t\t\t<div class=\"elementor-post__excerpt\">\n\t\t\t<p>L&#8217;acide hyaluronique est l&#8217;ingr\u00e9dient vedette des produits Arual pour le visage, et ce n&#8217;est pas \u00e9tonnant : son r\u00f4le dans la sant\u00e9 et la beaut\u00e9<\/p>\n\t\t<\/div>\n\t\t\t\t\t<div class=\"elementor-post__read-more-wrapper\">\n\t\t\n\t\t<a class=\"elementor-post__read-more\" href=\"https:\/\/arual.com\/fr\/votre-routine-visage-toujours-avec-de-lacide-hyaluronique\/\" aria-label=\"En savoir plus sur Votre routine visage : toujours avec de l&#8217;acide hyaluronique\" tabindex=\"-1\" >\n\t\t\tEn savoir plus \u00bb\t\t<\/a>\n\n\t\t\t\t\t<\/div>\n\t\t\t\t<\/div>\n\t\t\t\t<\/article>\n\t\t\t\t<article class=\"elementor-post elementor-grid-item post-29865 post type-post status-publish format-standard has-post-thumbnail hentry category-sans-categorie\" role=\"listitem\">\n\t\t\t\t<a class=\"elementor-post__thumbnail__link\" href=\"https:\/\/arual.com\/fr\/sans-sulfate\/\" tabindex=\"-1\" >\n\t\t\t<div class=\"elementor-post__thumbnail\"><img decoding=\"async\" width=\"1928\" height=\"1928\" src=\"https:\/\/arual.com\/wp-content\/uploads\/2024\/11\/210201-Blog-Aguacxgvvvdcsarcfc.jpg\" class=\"attachment-full size-full wp-image-28302\" alt=\"\" srcset=\"https:\/\/arual.com\/wp-content\/uploads\/2024\/11\/210201-Blog-Aguacxgvvvdcsarcfc.jpg 1928w, https:\/\/arual.com\/wp-content\/uploads\/2024\/11\/210201-Blog-Aguacxgvvvdcsarcfc-300x300.jpg 300w, https:\/\/arual.com\/wp-content\/uploads\/2024\/11\/210201-Blog-Aguacxgvvvdcsarcfc-1024x1024.jpg 1024w, https:\/\/arual.com\/wp-content\/uploads\/2024\/11\/210201-Blog-Aguacxgvvvdcsarcfc-150x150.jpg 150w, https:\/\/arual.com\/wp-content\/uploads\/2024\/11\/210201-Blog-Aguacxgvvvdcsarcfc-768x768.jpg 768w, https:\/\/arual.com\/wp-content\/uploads\/2024\/11\/210201-Blog-Aguacxgvvvdcsarcfc-1536x1536.jpg 1536w, https:\/\/arual.com\/wp-content\/uploads\/2024\/11\/210201-Blog-Aguacxgvvvdcsarcfc-600x600.jpg 600w, https:\/\/arual.com\/wp-content\/uploads\/2024\/11\/210201-Blog-Aguacxgvvvdcsarcfc-100x100.jpg 100w\" sizes=\"(max-width: 1928px) 100vw, 1928px\" \/><\/div>\n\t\t<\/a>\n\t\t\t\t<div class=\"elementor-post__text\">\n\t\t\t\t<h3 class=\"elementor-post__title\">\n\t\t\t<a href=\"https:\/\/arual.com\/fr\/sans-sulfate\/\" >\n\t\t\t\tSans sulfate\t\t\t<\/a>\n\t\t<\/h3>\n\t\t\t\t<div class=\"elementor-post__excerpt\">\n\t\t\t<p>Les shampooings sans sulfate sont des alli\u00e9s essentiels pour prolonger les bienfaits d&#8217;un traitement \u00e0 la k\u00e9ratine et pour l&#8217;entretien g\u00e9n\u00e9ral des cheveux. Ces shampooings<\/p>\n\t\t<\/div>\n\t\t\t\t\t<div class=\"elementor-post__read-more-wrapper\">\n\t\t\n\t\t<a class=\"elementor-post__read-more\" href=\"https:\/\/arual.com\/fr\/sans-sulfate\/\" aria-label=\"En savoir plus sur Sans sulfate\" tabindex=\"-1\" >\n\t\t\tEn savoir plus \u00bb\t\t<\/a>\n\n\t\t\t\t\t<\/div>\n\t\t\t\t<\/div>\n\t\t\t\t<\/article>\n\t\t\t\t<article class=\"elementor-post elementor-grid-item post-29874 post type-post status-publish format-standard has-post-thumbnail hentry category-sans-categorie\" role=\"listitem\">\n\t\t\t\t<a class=\"elementor-post__thumbnail__link\" href=\"https:\/\/arual.com\/fr\/passer-a-moreno\/\" tabindex=\"-1\" >\n\t\t\t<div class=\"elementor-post__thumbnail\"><img decoding=\"async\" width=\"1928\" height=\"1928\" src=\"https:\/\/arual.com\/wp-content\/uploads\/2024\/11\/210201-Blog-Aguacxcsarcfc.jpg\" class=\"attachment-full size-full wp-image-28299\" alt=\"\" srcset=\"https:\/\/arual.com\/wp-content\/uploads\/2024\/11\/210201-Blog-Aguacxcsarcfc.jpg 1928w, https:\/\/arual.com\/wp-content\/uploads\/2024\/11\/210201-Blog-Aguacxcsarcfc-300x300.jpg 300w, https:\/\/arual.com\/wp-content\/uploads\/2024\/11\/210201-Blog-Aguacxcsarcfc-1024x1024.jpg 1024w, https:\/\/arual.com\/wp-content\/uploads\/2024\/11\/210201-Blog-Aguacxcsarcfc-150x150.jpg 150w, https:\/\/arual.com\/wp-content\/uploads\/2024\/11\/210201-Blog-Aguacxcsarcfc-768x768.jpg 768w, https:\/\/arual.com\/wp-content\/uploads\/2024\/11\/210201-Blog-Aguacxcsarcfc-1536x1536.jpg 1536w, https:\/\/arual.com\/wp-content\/uploads\/2024\/11\/210201-Blog-Aguacxcsarcfc-600x600.jpg 600w, https:\/\/arual.com\/wp-content\/uploads\/2024\/11\/210201-Blog-Aguacxcsarcfc-100x100.jpg 100w\" sizes=\"(max-width: 1928px) 100vw, 1928px\" \/><\/div>\n\t\t<\/a>\n\t\t\t\t<div class=\"elementor-post__text\">\n\t\t\t\t<h3 class=\"elementor-post__title\">\n\t\t\t<a href=\"https:\/\/arual.com\/fr\/passer-a-moreno\/\" >\n\t\t\t\tPasser \u00e0 Moreno\t\t\t<\/a>\n\t\t<\/h3>\n\t\t\t\t<div class=\"elementor-post__excerpt\">\n\t\t\t<p>Le brun est devenu la couleur de cheveux la plus populaire de 2023, soutenu \u00e0 la fois par les experts et le monde de la<\/p>\n\t\t<\/div>\n\t\t\t\t\t<div class=\"elementor-post__read-more-wrapper\">\n\t\t\n\t\t<a class=\"elementor-post__read-more\" href=\"https:\/\/arual.com\/fr\/passer-a-moreno\/\" aria-label=\"En savoir plus sur Passer \u00e0 Moreno\" tabindex=\"-1\" >\n\t\t\tEn savoir plus \u00bb\t\t<\/a>\n\n\t\t\t\t\t<\/div>\n\t\t\t\t<\/div>\n\t\t\t\t<\/article>\n\t\t\t\t<article class=\"elementor-post elementor-grid-item post-29861 post type-post status-publish format-standard has-post-thumbnail hentry category-sans-categorie\" role=\"listitem\">\n\t\t\t\t<a class=\"elementor-post__thumbnail__link\" href=\"https:\/\/arual.com\/fr\/retablir-la-sante-des-cheveux-apres-lete\/\" tabindex=\"-1\" >\n\t\t\t<div class=\"elementor-post__thumbnail\"><img loading=\"lazy\" decoding=\"async\" width=\"1928\" height=\"1928\" src=\"https:\/\/arual.com\/wp-content\/uploads\/2024\/11\/210xcg201-Blog-Aguasadedsfhdfh2.jpg\" class=\"attachment-full size-full wp-image-28317\" alt=\"\" srcset=\"https:\/\/arual.com\/wp-content\/uploads\/2024\/11\/210xcg201-Blog-Aguasadedsfhdfh2.jpg 1928w, https:\/\/arual.com\/wp-content\/uploads\/2024\/11\/210xcg201-Blog-Aguasadedsfhdfh2-300x300.jpg 300w, https:\/\/arual.com\/wp-content\/uploads\/2024\/11\/210xcg201-Blog-Aguasadedsfhdfh2-1024x1024.jpg 1024w, https:\/\/arual.com\/wp-content\/uploads\/2024\/11\/210xcg201-Blog-Aguasadedsfhdfh2-150x150.jpg 150w, https:\/\/arual.com\/wp-content\/uploads\/2024\/11\/210xcg201-Blog-Aguasadedsfhdfh2-768x768.jpg 768w, https:\/\/arual.com\/wp-content\/uploads\/2024\/11\/210xcg201-Blog-Aguasadedsfhdfh2-1536x1536.jpg 1536w, https:\/\/arual.com\/wp-content\/uploads\/2024\/11\/210xcg201-Blog-Aguasadedsfhdfh2-600x600.jpg 600w, https:\/\/arual.com\/wp-content\/uploads\/2024\/11\/210xcg201-Blog-Aguasadedsfhdfh2-100x100.jpg 100w\" sizes=\"(max-width: 1928px) 100vw, 1928px\" \/><\/div>\n\t\t<\/a>\n\t\t\t\t<div class=\"elementor-post__text\">\n\t\t\t\t<h3 class=\"elementor-post__title\">\n\t\t\t<a href=\"https:\/\/arual.com\/fr\/retablir-la-sante-des-cheveux-apres-lete\/\" >\n\t\t\t\tR\u00e9tablir la sant\u00e9 des cheveux apr\u00e8s l&#8217;\u00e9t\u00e9\t\t\t<\/a>\n\t\t<\/h3>\n\t\t\t\t<div class=\"elementor-post__excerpt\">\n\t\t\t<p>L&#8217;\u00e9t\u00e9 peut \u00eatre difficile pour nos cheveux \u00e0 cause du soleil, du chlore et du sel de mer. Au retour des vacances, il est essentiel<\/p>\n\t\t<\/div>\n\t\t\t\t\t<div class=\"elementor-post__read-more-wrapper\">\n\t\t\n\t\t<a class=\"elementor-post__read-more\" href=\"https:\/\/arual.com\/fr\/retablir-la-sante-des-cheveux-apres-lete\/\" aria-label=\"En savoir plus sur R\u00e9tablir la sant\u00e9 des cheveux apr\u00e8s l&#8217;\u00e9t\u00e9\" tabindex=\"-1\" >\n\t\t\tEn savoir plus \u00bb\t\t<\/a>\n\n\t\t\t\t\t<\/div>\n\t\t\t\t<\/div>\n\t\t\t\t<\/article>\n\t\t\t\t<article class=\"elementor-post elementor-grid-item post-29852 post type-post status-publish format-standard has-post-thumbnail hentry category-sans-categorie\" role=\"listitem\">\n\t\t\t\t<a class=\"elementor-post__thumbnail__link\" href=\"https:\/\/arual.com\/fr\/creme-pour-les-mains-arual\/\" tabindex=\"-1\" >\n\t\t\t<div class=\"elementor-post__thumbnail\"><img loading=\"lazy\" decoding=\"async\" width=\"1928\" height=\"1928\" src=\"https:\/\/arual.com\/wp-content\/uploads\/2024\/11\/210201-Bddduasade-2.jpg\" class=\"attachment-full size-full wp-image-28314\" alt=\"\" srcset=\"https:\/\/arual.com\/wp-content\/uploads\/2024\/11\/210201-Bddduasade-2.jpg 1928w, https:\/\/arual.com\/wp-content\/uploads\/2024\/11\/210201-Bddduasade-2-300x300.jpg 300w, https:\/\/arual.com\/wp-content\/uploads\/2024\/11\/210201-Bddduasade-2-1024x1024.jpg 1024w, https:\/\/arual.com\/wp-content\/uploads\/2024\/11\/210201-Bddduasade-2-150x150.jpg 150w, https:\/\/arual.com\/wp-content\/uploads\/2024\/11\/210201-Bddduasade-2-768x768.jpg 768w, https:\/\/arual.com\/wp-content\/uploads\/2024\/11\/210201-Bddduasade-2-1536x1536.jpg 1536w, https:\/\/arual.com\/wp-content\/uploads\/2024\/11\/210201-Bddduasade-2-600x600.jpg 600w, https:\/\/arual.com\/wp-content\/uploads\/2024\/11\/210201-Bddduasade-2-100x100.jpg 100w\" sizes=\"(max-width: 1928px) 100vw, 1928px\" \/><\/div>\n\t\t<\/a>\n\t\t\t\t<div class=\"elementor-post__text\">\n\t\t\t\t<h3 class=\"elementor-post__title\">\n\t\t\t<a href=\"https:\/\/arual.com\/fr\/creme-pour-les-mains-arual\/\" >\n\t\t\t\tCr\u00e8me pour les mains Arual\t\t\t<\/a>\n\t\t<\/h3>\n\t\t\t\t<div class=\"elementor-post__excerpt\">\n\t\t\t<p>Arual Cream est la cr\u00e8me pour les mains id\u00e9ale \u00e0 avoir toujours sur soi. Si vous avez les mains s\u00e8ches et gerc\u00e9es ou si vous<\/p>\n\t\t<\/div>\n\t\t\t\t\t<div class=\"elementor-post__read-more-wrapper\">\n\t\t\n\t\t<a class=\"elementor-post__read-more\" href=\"https:\/\/arual.com\/fr\/creme-pour-les-mains-arual\/\" aria-label=\"En savoir plus sur Cr\u00e8me pour les mains Arual\" tabindex=\"-1\" >\n\t\t\tEn savoir plus \u00bb\t\t<\/a>\n\n\t\t\t\t\t<\/div>\n\t\t\t\t<\/div>\n\t\t\t\t<\/article>\n\t\t\t\t<article class=\"elementor-post elementor-grid-item post-29842 post type-post status-publish format-standard has-post-thumbnail hentry category-sans-categorie\" role=\"listitem\">\n\t\t\t\t<a class=\"elementor-post__thumbnail__link\" href=\"https:\/\/arual.com\/fr\/traitement-de-choc-en-20-minutes\/\" tabindex=\"-1\" >\n\t\t\t<div class=\"elementor-post__thumbnail\"><img loading=\"lazy\" decoding=\"async\" width=\"1928\" height=\"1928\" src=\"https:\/\/arual.com\/wp-content\/uploads\/2024\/11\/210201-Blogsadfasade-2.jpg\" class=\"attachment-full size-full wp-image-28311\" alt=\"\" srcset=\"https:\/\/arual.com\/wp-content\/uploads\/2024\/11\/210201-Blogsadfasade-2.jpg 1928w, https:\/\/arual.com\/wp-content\/uploads\/2024\/11\/210201-Blogsadfasade-2-300x300.jpg 300w, https:\/\/arual.com\/wp-content\/uploads\/2024\/11\/210201-Blogsadfasade-2-1024x1024.jpg 1024w, https:\/\/arual.com\/wp-content\/uploads\/2024\/11\/210201-Blogsadfasade-2-150x150.jpg 150w, https:\/\/arual.com\/wp-content\/uploads\/2024\/11\/210201-Blogsadfasade-2-768x768.jpg 768w, https:\/\/arual.com\/wp-content\/uploads\/2024\/11\/210201-Blogsadfasade-2-1536x1536.jpg 1536w, https:\/\/arual.com\/wp-content\/uploads\/2024\/11\/210201-Blogsadfasade-2-600x600.jpg 600w, https:\/\/arual.com\/wp-content\/uploads\/2024\/11\/210201-Blogsadfasade-2-100x100.jpg 100w\" sizes=\"(max-width: 1928px) 100vw, 1928px\" \/><\/div>\n\t\t<\/a>\n\t\t\t\t<div class=\"elementor-post__text\">\n\t\t\t\t<h3 class=\"elementor-post__title\">\n\t\t\t<a href=\"https:\/\/arual.com\/fr\/traitement-de-choc-en-20-minutes\/\" >\n\t\t\t\tTraitement de choc en 20 minutes\t\t\t<\/a>\n\t\t<\/h3>\n\t\t\t\t<div class=\"elementor-post__excerpt\">\n\t\t\t<p>Combien de fois avez-vous appliqu\u00e9 un masque hydratant sur vos cheveux alors que vous \u00e9tiez \u00e0 la maison en train de faire des t\u00e2ches m\u00e9nag\u00e8res<\/p>\n\t\t<\/div>\n\t\t\t\t\t<div class=\"elementor-post__read-more-wrapper\">\n\t\t\n\t\t<a class=\"elementor-post__read-more\" href=\"https:\/\/arual.com\/fr\/traitement-de-choc-en-20-minutes\/\" aria-label=\"En savoir plus sur Traitement de choc en 20 minutes\" tabindex=\"-1\" >\n\t\t\tEn savoir plus \u00bb\t\t<\/a>\n\n\t\t\t\t\t<\/div>\n\t\t\t\t<\/div>\n\t\t\t\t<\/article>\n\t\t\t\t<article class=\"elementor-post elementor-grid-item post-29847 post type-post status-publish format-standard has-post-thumbnail hentry category-sans-categorie\" role=\"listitem\">\n\t\t\t\t<a class=\"elementor-post__thumbnail__link\" href=\"https:\/\/arual.com\/fr\/serum-a-lhuile-de-macadamia\/\" tabindex=\"-1\" >\n\t\t\t<div class=\"elementor-post__thumbnail\"><img loading=\"lazy\" decoding=\"async\" width=\"1928\" height=\"1928\" src=\"https:\/\/arual.com\/wp-content\/uploads\/2024\/11\/210201-Blog-Aguasade-2-1.jpg\" class=\"attachment-full size-full wp-image-28308\" alt=\"\" srcset=\"https:\/\/arual.com\/wp-content\/uploads\/2024\/11\/210201-Blog-Aguasade-2-1.jpg 1928w, https:\/\/arual.com\/wp-content\/uploads\/2024\/11\/210201-Blog-Aguasade-2-1-300x300.jpg 300w, https:\/\/arual.com\/wp-content\/uploads\/2024\/11\/210201-Blog-Aguasade-2-1-1024x1024.jpg 1024w, https:\/\/arual.com\/wp-content\/uploads\/2024\/11\/210201-Blog-Aguasade-2-1-150x150.jpg 150w, https:\/\/arual.com\/wp-content\/uploads\/2024\/11\/210201-Blog-Aguasade-2-1-768x768.jpg 768w, https:\/\/arual.com\/wp-content\/uploads\/2024\/11\/210201-Blog-Aguasade-2-1-1536x1536.jpg 1536w, https:\/\/arual.com\/wp-content\/uploads\/2024\/11\/210201-Blog-Aguasade-2-1-600x600.jpg 600w, https:\/\/arual.com\/wp-content\/uploads\/2024\/11\/210201-Blog-Aguasade-2-1-100x100.jpg 100w\" sizes=\"(max-width: 1928px) 100vw, 1928px\" \/><\/div>\n\t\t<\/a>\n\t\t\t\t<div class=\"elementor-post__text\">\n\t\t\t\t<h3 class=\"elementor-post__title\">\n\t\t\t<a href=\"https:\/\/arual.com\/fr\/serum-a-lhuile-de-macadamia\/\" >\n\t\t\t\tS\u00e9rum \u00e0 l&#8217;huile de macadamia\t\t\t<\/a>\n\t\t<\/h3>\n\t\t\t\t<div class=\"elementor-post__excerpt\">\n\t\t\t<p>L&#8217;huile de macadamia est un produit v\u00e9g\u00e9tal infaillible pour la sant\u00e9 de la peau et des cheveux. Elle est extraite du fruit par pression de<\/p>\n\t\t<\/div>\n\t\t\t\t\t<div class=\"elementor-post__read-more-wrapper\">\n\t\t\n\t\t<a class=\"elementor-post__read-more\" href=\"https:\/\/arual.com\/fr\/serum-a-lhuile-de-macadamia\/\" aria-label=\"En savoir plus sur S\u00e9rum \u00e0 l&#8217;huile de macadamia\" tabindex=\"-1\" >\n\t\t\tEn savoir plus \u00bb\t\t<\/a>\n\n\t\t\t\t\t<\/div>\n\t\t\t\t<\/div>\n\t\t\t\t<\/article>\n\t\t\t\t<article class=\"elementor-post elementor-grid-item post-29841 post type-post status-publish format-standard has-post-thumbnail hentry category-sans-categorie\" role=\"listitem\">\n\t\t\t\t<a class=\"elementor-post__thumbnail__link\" href=\"https:\/\/arual.com\/fr\/shampooing-sans-sulfate-apres-le-defrisage\/\" tabindex=\"-1\" >\n\t\t\t<div class=\"elementor-post__thumbnail\"><img loading=\"lazy\" decoding=\"async\" width=\"1928\" height=\"1928\" src=\"https:\/\/arual.com\/wp-content\/uploads\/2023\/03\/210201-Blog-Aguasad4ege-2.jpg\" class=\"attachment-full size-full wp-image-31102\" alt=\"\" srcset=\"https:\/\/arual.com\/wp-content\/uploads\/2023\/03\/210201-Blog-Aguasad4ege-2.jpg 1928w, https:\/\/arual.com\/wp-content\/uploads\/2023\/03\/210201-Blog-Aguasad4ege-2-300x300.jpg 300w, https:\/\/arual.com\/wp-content\/uploads\/2023\/03\/210201-Blog-Aguasad4ege-2-1024x1024.jpg 1024w, https:\/\/arual.com\/wp-content\/uploads\/2023\/03\/210201-Blog-Aguasad4ege-2-150x150.jpg 150w, https:\/\/arual.com\/wp-content\/uploads\/2023\/03\/210201-Blog-Aguasad4ege-2-768x768.jpg 768w, https:\/\/arual.com\/wp-content\/uploads\/2023\/03\/210201-Blog-Aguasad4ege-2-1536x1536.jpg 1536w, https:\/\/arual.com\/wp-content\/uploads\/2023\/03\/210201-Blog-Aguasad4ege-2-600x600.jpg 600w, https:\/\/arual.com\/wp-content\/uploads\/2023\/03\/210201-Blog-Aguasad4ege-2-100x100.jpg 100w\" sizes=\"(max-width: 1928px) 100vw, 1928px\" \/><\/div>\n\t\t<\/a>\n\t\t\t\t<div class=\"elementor-post__text\">\n\t\t\t\t<h3 class=\"elementor-post__title\">\n\t\t\t<a href=\"https:\/\/arual.com\/fr\/shampooing-sans-sulfate-apres-le-defrisage\/\" >\n\t\t\t\tShampooing sans sulfate apr\u00e8s le d\u00e9frisage\t\t\t<\/a>\n\t\t<\/h3>\n\t\t\t\t<div class=\"elementor-post__excerpt\">\n\t\t\t<p>Les shampooings sans sulfate conviennent aux cheveux ayant subi un traitement de d\u00e9frisage. Ils sont parfaits pour l&#8217;entretien des traitements \u00e0 la k\u00e9ratine, car leur<\/p>\n\t\t<\/div>\n\t\t\t\t\t<div class=\"elementor-post__read-more-wrapper\">\n\t\t\n\t\t<a class=\"elementor-post__read-more\" href=\"https:\/\/arual.com\/fr\/shampooing-sans-sulfate-apres-le-defrisage\/\" aria-label=\"En savoir plus sur Shampooing sans sulfate apr\u00e8s le d\u00e9frisage\" tabindex=\"-1\" >\n\t\t\tEn savoir plus \u00bb\t\t<\/a>\n\n\t\t\t\t\t<\/div>\n\t\t\t\t<\/div>\n\t\t\t\t<\/article>\n\t\t\t\t<article class=\"elementor-post elementor-grid-item post-29835 post type-post status-publish format-standard has-post-thumbnail hentry category-sans-categorie\" role=\"listitem\">\n\t\t\t\t<a class=\"elementor-post__thumbnail__link\" href=\"https:\/\/arual.com\/fr\/vous-navez-pas-encore-obtenu-votre-gua-sha\/\" tabindex=\"-1\" >\n\t\t\t<div class=\"elementor-post__thumbnail\"><img loading=\"lazy\" decoding=\"async\" width=\"1928\" height=\"1928\" src=\"https:\/\/arual.com\/wp-content\/uploads\/2023\/01\/210201-Blog-sdfgghhbh.jpg\" class=\"attachment-full size-full wp-image-31092\" alt=\"\" srcset=\"https:\/\/arual.com\/wp-content\/uploads\/2023\/01\/210201-Blog-sdfgghhbh.jpg 1928w, https:\/\/arual.com\/wp-content\/uploads\/2023\/01\/210201-Blog-sdfgghhbh-300x300.jpg 300w, https:\/\/arual.com\/wp-content\/uploads\/2023\/01\/210201-Blog-sdfgghhbh-1024x1024.jpg 1024w, https:\/\/arual.com\/wp-content\/uploads\/2023\/01\/210201-Blog-sdfgghhbh-150x150.jpg 150w, https:\/\/arual.com\/wp-content\/uploads\/2023\/01\/210201-Blog-sdfgghhbh-768x768.jpg 768w, https:\/\/arual.com\/wp-content\/uploads\/2023\/01\/210201-Blog-sdfgghhbh-1536x1536.jpg 1536w, https:\/\/arual.com\/wp-content\/uploads\/2023\/01\/210201-Blog-sdfgghhbh-600x600.jpg 600w, https:\/\/arual.com\/wp-content\/uploads\/2023\/01\/210201-Blog-sdfgghhbh-100x100.jpg 100w\" sizes=\"(max-width: 1928px) 100vw, 1928px\" \/><\/div>\n\t\t<\/a>\n\t\t\t\t<div class=\"elementor-post__text\">\n\t\t\t\t<h3 class=\"elementor-post__title\">\n\t\t\t<a href=\"https:\/\/arual.com\/fr\/vous-navez-pas-encore-obtenu-votre-gua-sha\/\" >\n\t\t\t\tVous n&#8217;avez pas encore obtenu votre gua sha ?\t\t\t<\/a>\n\t\t<\/h3>\n\t\t\t\t<div class=\"elementor-post__excerpt\">\n\t\t\t<p>Si les Rois mages ne vous ont pas apport\u00e9 de gua sha, il n&#8217;est pas trop tard pour en acheter un ! Si vous connaissez<\/p>\n\t\t<\/div>\n\t\t\t\t\t<div class=\"elementor-post__read-more-wrapper\">\n\t\t\n\t\t<a class=\"elementor-post__read-more\" href=\"https:\/\/arual.com\/fr\/vous-navez-pas-encore-obtenu-votre-gua-sha\/\" aria-label=\"En savoir plus sur Vous n&#8217;avez pas encore obtenu votre gua sha ?\" tabindex=\"-1\" >\n\t\t\tEn savoir plus \u00bb\t\t<\/a>\n\n\t\t\t\t\t<\/div>\n\t\t\t\t<\/div>\n\t\t\t\t<\/article>\n\t\t\t\t<\/div>\n\t\t\n\t\t\t\t<div class=\"e-load-more-anchor\" data-page=\"1\" data-max-page=\"5\" data-next-page=\"https:\/\/arual.com\/fr\/wp-json\/wp\/v2\/pages\/29740\/page\/2\/\"><\/div>\n\t\t\t\t<nav class=\"elementor-pagination\" aria-label=\"Pagination\">\n\t\t\t<span aria-current=\"page\" class=\"page-numbers current\"><span class=\"elementor-screen-only\">Page<\/span>1<\/span>\n<a class=\"page-numbers\" href=\"https:\/\/arual.com\/fr\/wp-json\/wp\/v2\/pages\/29740\/page\/2\/\"><span class=\"elementor-screen-only\">Page<\/span>2<\/a>\n<a class=\"page-numbers\" href=\"https:\/\/arual.com\/fr\/wp-json\/wp\/v2\/pages\/29740\/page\/3\/\"><span class=\"elementor-screen-only\">Page<\/span>3<\/a>\n<span class=\"page-numbers dots\">...<\/span>\n<a class=\"page-numbers\" href=\"https:\/\/arual.com\/fr\/wp-json\/wp\/v2\/pages\/29740\/page\/5\/\"><span class=\"elementor-screen-only\">Page<\/span>5<\/a>\t\t<\/nav>\n\t\t\t\t\t\t<\/div>\n\t\t\t\t<\/div>\n\t\t\t\t\t<\/div>\n\t\t\t\t<\/div>\n\t\t\t\t<\/div>\n\t\t","protected":false},"excerpt":{"rendered":"<p>Arualism \u2013 La beaut\u00e9 professionnelle honn\u00eate, depuis 1949.<\/p>\n","protected":false},"author":1,"featured_media":0,"parent":0,"menu_order":0,"comment_status":"closed","ping_status":"closed","template":"","meta":{"_acf_changed":false,"footnotes":""},"class_list":["post-29740","page","type-page","status-publish","hentry"],"acf":[],"_links":{"self":[{"href":"https:\/\/arual.com\/fr\/wp-json\/wp\/v2\/pages\/29740","targetHints":{"allow":["GET"]}}],"collection":[{"href":"https:\/\/arual.com\/fr\/wp-json\/wp\/v2\/pages"}],"about":[{"href":"https:\/\/arual.com\/fr\/wp-json\/wp\/v2\/types\/page"}],"author":[{"embeddable":true,"href":"https:\/\/arual.com\/fr\/wp-json\/wp\/v2\/users\/1"}],"replies":[{"embeddable":true,"href":"https:\/\/arual.com\/fr\/wp-json\/wp\/v2\/comments?post=29740"}],"version-history":[{"count":4,"href":"https:\/\/arual.com\/fr\/wp-json\/wp\/v2\/pages\/29740\/revisions"}],"predecessor-version":[{"id":32365,"href":"https:\/\/arual.com\/fr\/wp-json\/wp\/v2\/pages\/29740\/revisions\/32365"}],"wp:attachment":[{"href":"https:\/\/arual.com\/fr\/wp-json\/wp\/v2\/media?parent=29740"}],"curies":[{"name":"wp","href":"https:\/\/api.w.org\/{rel}","templated":true}]}}