{"id":29672,"date":"2024-12-27T09:22:02","date_gmt":"2024-12-27T09:22:02","guid":{"rendered":"https:\/\/arual.silo101.com\/?page_id=29672"},"modified":"2026-01-13T08:22:24","modified_gmt":"2026-01-13T08:22:24","slug":"politique-de-confidentialite","status":"publish","type":"page","link":"https:\/\/arual.com\/fr\/politique-de-confidentialite\/","title":{"rendered":"Politique de confidentialit\u00e9"},"content":{"rendered":"\t\t<div data-elementor-type=\"wp-page\" data-elementor-id=\"29672\" class=\"elementor elementor-29672 elementor-3\" data-elementor-post-type=\"page\">\n\t\t\t\t<div class=\"elementor-element elementor-element-2ada288 e-flex e-con-boxed e-con e-parent\" data-id=\"2ada288\" data-element_type=\"container\" data-e-type=\"container\">\n\t\t\t\t\t<div class=\"e-con-inner\">\n\t\t\t\t<div class=\"elementor-element elementor-element-c7a3578 elementor-widget elementor-widget-heading\" data-id=\"c7a3578\" data-element_type=\"widget\" data-e-type=\"widget\" data-widget_type=\"heading.default\">\n\t\t\t\t<div class=\"elementor-widget-container\">\n\t\t\t\t\t<h2 class=\"elementor-heading-title elementor-size-default\">Politique de confidentialit\u00e9<\/h2>\t\t\t\t<\/div>\n\t\t\t\t<\/div>\n\t\t\t\t<div class=\"elementor-element elementor-element-4ff388b5 elementor-widget elementor-widget-text-editor\" data-id=\"4ff388b5\" data-element_type=\"widget\" data-e-type=\"widget\" data-widget_type=\"text-editor.default\">\n\t\t\t\t<div class=\"elementor-widget-container\">\n\t\t\t\t\t\t\t\t\t\n<p><strong>Responsable<\/strong><\/p>\n<p>Productos de Cosm\u00e9tica Profesional S.L<\/p>\n<p>B62967476<\/p>\n<p>C\/ Galileo 13. 08635 \u2013 Sant Esteve Sesrovires. Barcelone \u2013 Espagne.  <\/p>\n<p>T\u00e9l. 0034.93.774.69.69 \u2013 <a href=\"mailto:info@arualcosmetics.com\">info@arualcosmetics.com<\/a><\/p>\n<p>Ci-apr\u00e8s ARUAL<\/p>\n<p><strong>Finalit\u00e9<\/strong><\/p>\n<p>ARUAL utilisera vos donn\u00e9es personnelles aux fins suivantes :<\/p>\n<ul>\n<li>G\u00e9rer les demandes d\u2019informations et\/ou les consultations.<\/li>\n<li>Inscription en tant qu\u2019utilisateur<\/li>\n<li>G\u00e9rer les commandes<\/li>\n<li>Prestation de services<\/li>\n<li>Envoi d\u2019offres et de promotions<\/li>\n<\/ul>\n<p>Si vous donnez votre consentement, ARUAL pourra vous envoyer par tout moyen de communication des informations commerciales li\u00e9es \u00e0 nos produits et services.<\/p>\n<p>De plus, ces donn\u00e9es peuvent \u00eatre trait\u00e9es \u00e0 des fins d\u2019analyse et de statistiques commerciales internes.<\/p>\n<p><strong>Qui aura acc\u00e8s \u00e0 ces donn\u00e9es\/destinataires<\/strong><\/p>\n<p>Les donn\u00e9es fournies ne seront communiqu\u00e9es qu\u2019aux personnes ou entit\u00e9s qui doivent y acc\u00e9der afin de g\u00e9rer les commandes et en raison d\u2019obligations l\u00e9gales.<\/p>\n<p><strong>L\u00e9gitimation<\/strong><\/p>\n<p>Pour la base juridique du respect des obligations d\u2019ARUAL, nous sommes l\u00e9gitim\u00e9s \u00e0 :<\/p>\n<p>\u2013 Obligations pour passer une commande de nos produits<\/p>\n<p>\u2013 Obligations l\u00e9gales<\/p>\n<p>\u2013 L\u2019int\u00e9r\u00eat l\u00e9gitime \u00e0 am\u00e9liorer nos produits et le service \u00e0 nos clients, ou \u00e0 g\u00e9rer leurs demandes.<\/p>\n<p>\u2013 Le consentement \u00e0 l\u2019\u00e9laboration de profils commerciaux \u00e0 partir de donn\u00e9es personnelles anonymis\u00e9es, et l\u2019envoi de communications commerciales contenant des informations sur nos produits.<\/p>\n<p><strong>Dur\u00e9e de conservation des donn\u00e9es<\/strong><\/p>\n<p>Les donn\u00e9es personnelles obtenues seront conserv\u00e9es pendant la dur\u00e9e n\u00e9cessaire pour atteindre leurs finalit\u00e9s et obligations l\u00e9gales, sans pr\u00e9judice de la possibilit\u00e9 de les conserver pour d\u2019\u00e9ventuels cas de gestion de r\u00e9clamations ou autres cas similaires.<\/p>\n<p><strong>Droits du consommateur<\/strong><\/p>\n<p>Vous avez le droit d\u2019obtenir la confirmation qu\u2019ARUAL traite ou non vos donn\u00e9es personnelles.<\/p>\n<p>Vous pouvez demander l\u2019acc\u00e8s \u00e0 vos donn\u00e9es personnelles, ainsi que demander la rectification des donn\u00e9es inexactes ou, le cas \u00e9ch\u00e9ant, demander leur suppression lorsque, entre autres raisons, les donn\u00e9es ne sont plus n\u00e9cessaires aux fins pour lesquelles elles ont \u00e9t\u00e9 collect\u00e9es.<\/p>\n<p>Dans certains cas, vous pouvez demander la limitation du traitement de vos donn\u00e9es. Dans ce cas, nous ne conserverons vos donn\u00e9es que pour l\u2019exercice ou la d\u00e9fense de r\u00e9clamations. <\/p>\n<p>Dans certaines circonstances, vous pouvez exercer le droit de vous opposer au traitement de vos donn\u00e9es, sauf pour des motifs l\u00e9gitimes imp\u00e9rieux, ou pour l\u2019exercice ou la d\u00e9fense d\u2019\u00e9ventuelles r\u00e9clamations. <\/p>\n<p>Possibilit\u00e9 de r\u00e9aliser la portabilit\u00e9 des donn\u00e9es.<\/p>\n<p>Retirer le consentement que, le cas \u00e9ch\u00e9ant, vous avez accord\u00e9 pour le traitement de vos donn\u00e9es, sans que cela n\u2019affecte la lic\u00e9it\u00e9 du traitement bas\u00e9 sur le consentement pr\u00e9alable \u00e0 son retrait.<\/p>\n<p>Vous pouvez d\u00e9poser une r\u00e9clamation aupr\u00e8s de l\u2019Agence espagnole de protection des donn\u00e9es et autres organismes comp\u00e9tents<\/p>\n<p>Vous pouvez exercer vos droits en adressant une demande \u00e9crite \u00e0 l\u2019adresse suivante :<\/p>\n<p>ARUAL \u2013 Pol\u00edgono Industrial Ca N\u2019Estrella C\/ Galileo 13. 08635 \u2013 Sant Esteve Sesrovires. Barcelone \u2013 Espagne. Joindre une photocopie de votre pi\u00e8ce d\u2019identit\u00e9 et essayer de fournir le plus d\u2019informations possible.   <\/p>\t\t\t\t\t\t\t\t<\/div>\n\t\t\t\t<\/div>\n\t\t\t\t\t<\/div>\n\t\t\t\t<\/div>\n\t\t\t\t<\/div>\n\t\t","protected":false},"excerpt":{"rendered":"<p>Politique de confidentialit\u00e9 Responsable Productos de Cosm\u00e9tica Profesional S.L B62967476 C\/ Galileo 13. 08635 \u2013 Sant Esteve Sesrovires. Barcelone \u2013 Espagne. T\u00e9l. 0034.93.774.69.69 \u2013 info@arualcosmetics.com Ci-apr\u00e8s ARUAL Finalit\u00e9 ARUAL utilisera vos donn\u00e9es personnelles aux fins suivantes : G\u00e9rer les demandes d\u2019informations et\/ou les consultations. Inscription en tant qu\u2019utilisateur G\u00e9rer les commandes Prestation de services Envoi [&hellip;]<\/p>\n","protected":false},"author":1,"featured_media":0,"parent":0,"menu_order":0,"comment_status":"closed","ping_status":"closed","template":"","meta":{"_acf_changed":false,"footnotes":""},"class_list":["post-29672","page","type-page","status-publish","hentry"],"acf":[],"_links":{"self":[{"href":"https:\/\/arual.com\/fr\/wp-json\/wp\/v2\/pages\/29672","targetHints":{"allow":["GET"]}}],"collection":[{"href":"https:\/\/arual.com\/fr\/wp-json\/wp\/v2\/pages"}],"about":[{"href":"https:\/\/arual.com\/fr\/wp-json\/wp\/v2\/types\/page"}],"author":[{"embeddable":true,"href":"https:\/\/arual.com\/fr\/wp-json\/wp\/v2\/users\/1"}],"replies":[{"embeddable":true,"href":"https:\/\/arual.com\/fr\/wp-json\/wp\/v2\/comments?post=29672"}],"version-history":[{"count":4,"href":"https:\/\/arual.com\/fr\/wp-json\/wp\/v2\/pages\/29672\/revisions"}],"predecessor-version":[{"id":32397,"href":"https:\/\/arual.com\/fr\/wp-json\/wp\/v2\/pages\/29672\/revisions\/32397"}],"wp:attachment":[{"href":"https:\/\/arual.com\/fr\/wp-json\/wp\/v2\/media?parent=29672"}],"curies":[{"name":"wp","href":"https:\/\/api.w.org\/{rel}","templated":true}]}}