{"id":33169,"date":"2026-03-03T15:07:43","date_gmt":"2026-03-03T15:07:43","guid":{"rendered":"https:\/\/new.arual.com\/?post_type=product&#038;p=33169"},"modified":"2026-03-27T09:42:46","modified_gmt":"2026-03-27T09:42:46","slug":"free-post-treatment-line-pack","status":"publish","type":"product","link":"https:\/\/arual.com\/ar\/\u0627\u0644\u0645\u0646\u062a\u062co\/free-post-treatment-line-pack\/","title":{"rendered":"Post-treatment Free Line Pack"},"content":{"rendered":"<p class=\"p1\">Rutina Post-Tratamiento profesional Free para cabellos sometidos a tratamientos de alisado o procesos t\u00e9cnicos (permanente, decoloraci\u00f3n, tinte, etc.). F\u00f3rmulas sin sulfatos, siliconas ni colorantes que cuidan la fibra capilar y ayudan a prolongar el efecto. Aporta suavidad y brillo sin peso. Mascarilla sin aclarado de uso diario.<\/p>\n","protected":false},"excerpt":{"rendered":"<p>Rutina Post-Tratamiento profesional Free para cabellos sometidos a tratamientos de alisado o procesos t\u00e9cnicos (permanente, decoloraci\u00f3n, tinte, etc.). F\u00f3rmulas sin sulfatos, siliconas ni colorantes que cuidan la fibra capilar y ayudan a prolongar el efecto. Aporta suavidad y brillo sin peso.<\/p>\n","protected":false},"featured_media":33161,"comment_status":"open","ping_status":"closed","template":"","meta":{"_acf_changed":false},"product_brand":[],"product_cat":[142,26,134],"product_tag":[],"class_list":{"0":"post-33169","1":"product","2":"type-product","3":"status-publish","4":"has-post-thumbnail","6":"product_cat-sin-sulfatos-post-tratamientos","7":"product_cat-peluqueria","8":"product_cat-tratamientos-capilares","10":"first","11":"instock","12":"taxable","13":"shipping-taxable","14":"product-type-simple"},"acf":[],"_links":{"self":[{"href":"https:\/\/arual.com\/ar\/wp-json\/wp\/v2\/product\/33169","targetHints":{"allow":["GET"]}}],"collection":[{"href":"https:\/\/arual.com\/ar\/wp-json\/wp\/v2\/product"}],"about":[{"href":"https:\/\/arual.com\/ar\/wp-json\/wp\/v2\/types\/product"}],"replies":[{"embeddable":true,"href":"https:\/\/arual.com\/ar\/wp-json\/wp\/v2\/comments?post=33169"}],"version-history":[{"count":5,"href":"https:\/\/arual.com\/ar\/wp-json\/wp\/v2\/product\/33169\/revisions"}],"predecessor-version":[{"id":33183,"href":"https:\/\/arual.com\/ar\/wp-json\/wp\/v2\/product\/33169\/revisions\/33183"}],"wp:featuredmedia":[{"embeddable":true,"href":"https:\/\/arual.com\/ar\/wp-json\/wp\/v2\/media\/33161"}],"wp:attachment":[{"href":"https:\/\/arual.com\/ar\/wp-json\/wp\/v2\/media?parent=33169"}],"wp:term":[{"taxonomy":"product_brand","embeddable":true,"href":"https:\/\/arual.com\/ar\/wp-json\/wp\/v2\/product_brand?post=33169"},{"taxonomy":"product_cat","embeddable":true,"href":"https:\/\/arual.com\/ar\/wp-json\/wp\/v2\/product_cat?post=33169"},{"taxonomy":"product_tag","embeddable":true,"href":"https:\/\/arual.com\/ar\/wp-json\/wp\/v2\/product_tag?post=33169"}],"curies":[{"name":"wp","href":"https:\/\/api.w.org\/{rel}","templated":true}]}}